{"id":1606,"date":"2023-11-20T21:09:23","date_gmt":"2023-11-20T20:09:23","guid":{"rendered":"http:\/\/raulavellaneda.com\/?page_id=1606"},"modified":"2024-07-25T00:17:14","modified_gmt":"2024-07-24T22:17:14","slug":"meine-praesidentin","status":"publish","type":"page","link":"https:\/\/raulavellaneda.com\/?page_id=1606","title":{"rendered":"\u201cDina y Donald\u201d"},"content":{"rendered":"\n<div style=\"height:20px\" aria-hidden=\"true\" class=\"wp-block-spacer\"><\/div>\n\n\n\n<p class=\"has-medium-font-size\"><strong><em><em><em><em>\u201c<\/em><\/em><\/em><\/em>Dina<em><em><em><em><em><em>\u201d<\/em><\/em><\/em><\/em><\/em><\/em> <\/strong><\/p>\n\n\n\n<p class=\"has-medium-font-size\"><em><em><em><em>\u201c<\/em><\/em><\/em><\/em>\u00bfCu\u00e1ntos muertos m\u00e1s quieren?<em><em><em><em><em><em>\u201d<\/em><\/em><\/em><\/em><\/em><\/em><\/p>\n\n\n\n<p class=\"has-medium-font-size\">Dina Boluarte fue nombrada ministra de Desarrollo e Inclusi\u00f3n Social de Per\u00fa en el gabinete del gobierno de izquierda de Pedro Castillo, en 2021. Tras un fallido intento de golpe de estado de Castillo, fue nombrada nueva presidenta con el apoyo de las fuerzas reaccionarias de derechas del pa\u00eds. Esto la convierte en la primera mujer del pa\u00eds en ocupar este cargo. Desde que asumi\u00f3 el cargo, se han multiplicado las protestas en Per\u00fa. Como consecuencia de la represi\u00f3n, las fuerzas armadas peruanas y la polic\u00eda nacional han matado hasta ahora a 66 personas.<\/p>\n\n\n\n<p class=\"has-medium-font-size\">En una conferencia p\u00fablica de junio de 2023 en Lima, dijo: <em><em><em><em>\u201c<\/em><\/em><\/em><\/em>Por el amor de Dios \u00bfCu\u00e1ntos muertos m\u00e1s quieren?<em><em><em><em><em><em>\u201d<\/em><\/em><\/em><\/em><\/em><\/em>. La se\u00f1ora Boluarte es consciente de que, si pusiera fin a su colaboraci\u00f3n con las fuerzas de derechas, tendr\u00eda que renunciar a su posici\u00f3n de poder y acabar en la c\u00e1rcel por sus cr\u00edmenes.<\/p>\n\n\n\n<div style=\"height:100px\" aria-hidden=\"true\" class=\"wp-block-spacer\"><\/div>\n\n\n<div class=\"wp-block-image\">\n<figure class=\"aligncenter size-full is-resized\"><img loading=\"lazy\" decoding=\"async\" width=\"2560\" height=\"1224\" src=\"https:\/\/raulavellaneda.com\/wp-content\/uploads\/IMG_0598-scaled.jpg\" alt=\"\" class=\"wp-image-3543\" style=\"width:918px;height:auto\" srcset=\"https:\/\/raulavellaneda.com\/wp-content\/uploads\/IMG_0598-scaled.jpg 2560w, https:\/\/raulavellaneda.com\/wp-content\/uploads\/IMG_0598-300x143.jpg 300w, https:\/\/raulavellaneda.com\/wp-content\/uploads\/IMG_0598-1024x490.jpg 1024w, https:\/\/raulavellaneda.com\/wp-content\/uploads\/IMG_0598-768x367.jpg 768w, https:\/\/raulavellaneda.com\/wp-content\/uploads\/IMG_0598-1536x735.jpg 1536w, https:\/\/raulavellaneda.com\/wp-content\/uploads\/IMG_0598-2048x979.jpg 2048w, https:\/\/raulavellaneda.com\/wp-content\/uploads\/IMG_0598-1200x574.jpg 1200w\" sizes=\"auto, (max-width: 709px) 85vw, (max-width: 909px) 67vw, (max-width: 1362px) 62vw, 840px\" \/><figcaption class=\"wp-element-caption\"><em><em><em><em>\u201c<\/em><\/em><\/em><\/em>Por el amor de Dios, \u00bfcu\u00e1ntos muertos m\u00e1s quieren?<em><em><em><em><em><em>\u201d<\/em><\/em><\/em><\/em><\/em><\/em>, T\u00e9cnica mixta, 125 x 60cm, 2023<\/figcaption><\/figure><\/div>\n\n\n<div style=\"height:120px\" aria-hidden=\"true\" class=\"wp-block-spacer\"><\/div>\n\n\n<div class=\"wp-block-image\">\n<figure class=\"aligncenter size-full\"><img loading=\"lazy\" decoding=\"async\" width=\"480\" height=\"612\" src=\"https:\/\/raulavellaneda.com\/wp-content\/uploads\/web-IMG_0600-1.jpg\" alt=\"\" class=\"wp-image-4359\" srcset=\"https:\/\/raulavellaneda.com\/wp-content\/uploads\/web-IMG_0600-1.jpg 480w, https:\/\/raulavellaneda.com\/wp-content\/uploads\/web-IMG_0600-1-235x300.jpg 235w\" sizes=\"auto, (max-width: 480px) 85vw, 480px\" \/><figcaption class=\"wp-element-caption\"><em><em><em><em>\u201c<\/em><\/em><\/em><\/em>\u00bfCu\u00e1ntos m\u00e1s?<em><em><em><em><em><em>\u201d<\/em><\/em><\/em><\/em><\/em><\/em> de la serie <em><em><em><em>\u201c<\/em><\/em><\/em><\/em>\u00bfCu\u00e1ntos muertos m\u00e1s quieren?<em><em><em><em><em><em>\u201d<\/em><\/em><\/em><\/em><\/em><\/em>, ensamblaje, 35,5 x 45,5 x 5 cm, 2023<\/figcaption><\/figure><\/div>\n\n\n<div style=\"height:120px\" aria-hidden=\"true\" class=\"wp-block-spacer\"><\/div>\n\n\n<div class=\"wp-block-image\">\n<figure class=\"aligncenter size-full\"><img loading=\"lazy\" decoding=\"async\" width=\"480\" height=\"756\" src=\"https:\/\/raulavellaneda.com\/wp-content\/uploads\/web-IMG_0601.jpg\" alt=\"\" class=\"wp-image-1614\" srcset=\"https:\/\/raulavellaneda.com\/wp-content\/uploads\/web-IMG_0601.jpg 480w, https:\/\/raulavellaneda.com\/wp-content\/uploads\/web-IMG_0601-190x300.jpg 190w\" sizes=\"auto, (max-width: 480px) 85vw, 480px\" \/><figcaption class=\"wp-element-caption\"><em><em><em><em>\u201c<\/em><\/em><\/em><\/em>\u00bfCu\u00e1ntos muertos m\u00e1s?<em><em><em><em><em><em>\u201d<\/em><\/em><\/em><\/em><\/em><\/em> de la serie <em><em><em><em>\u201c<\/em><\/em><\/em><\/em>\u00bfCu\u00e1ntos muertos m\u00e1s quieren?<em><em><em><em><em><em>\u201d<\/em><\/em><\/em><\/em><\/em><\/em>, ensamblaje, 35,5 x 45,5 x 8 cm, 2023<em><em><em><em>\u201c<\/em><\/em><\/em><\/em><\/figcaption><\/figure><\/div>\n\n\n<div style=\"height:120px\" aria-hidden=\"true\" class=\"wp-block-spacer\"><\/div>\n\n\n<div class=\"wp-block-image\">\n<figure class=\"aligncenter size-full is-resized\"><img loading=\"lazy\" decoding=\"async\" width=\"840\" height=\"836\" src=\"https:\/\/raulavellaneda.com\/wp-content\/uploads\/web-IMG_0787.jpg\" alt=\"\" class=\"wp-image-1908\" style=\"width:630px;height:auto\" srcset=\"https:\/\/raulavellaneda.com\/wp-content\/uploads\/web-IMG_0787.jpg 840w, https:\/\/raulavellaneda.com\/wp-content\/uploads\/web-IMG_0787-300x300.jpg 300w, https:\/\/raulavellaneda.com\/wp-content\/uploads\/web-IMG_0787-150x150.jpg 150w, https:\/\/raulavellaneda.com\/wp-content\/uploads\/web-IMG_0787-768x764.jpg 768w\" sizes=\"auto, (max-width: 709px) 85vw, (max-width: 909px) 67vw, (max-width: 1362px) 62vw, 840px\" \/><figcaption class=\"wp-element-caption\"><em><em><em><em>\u201c<\/em><\/em><\/em><\/em>Per\u00fa por encima de todo<em><em><em><em><em><em>\u201d<\/em><\/em><\/em><\/em><\/em><\/em> I de la serie <em><em><em><em>\u201c<\/em><\/em><\/em><\/em>\u00bfCu\u00e1ntos muertos m\u00e1s quieren?<em><em><em><em><em><em>\u201d<\/em><\/em><\/em><\/em><\/em><\/em>, Ensamblaje, 52 x 52 x 4,5 cm, 2023<\/figcaption><\/figure><\/div>\n\n\n<div style=\"height:118px\" aria-hidden=\"true\" class=\"wp-block-spacer\"><\/div>\n\n\n\n<figure class=\"wp-block-image size-full\"><img loading=\"lazy\" decoding=\"async\" width=\"840\" height=\"840\" src=\"https:\/\/raulavellaneda.com\/wp-content\/uploads\/web-IMG_0785.jpg\" alt=\"\" class=\"wp-image-1910\" srcset=\"https:\/\/raulavellaneda.com\/wp-content\/uploads\/web-IMG_0785.jpg 840w, https:\/\/raulavellaneda.com\/wp-content\/uploads\/web-IMG_0785-300x300.jpg 300w, https:\/\/raulavellaneda.com\/wp-content\/uploads\/web-IMG_0785-150x150.jpg 150w, https:\/\/raulavellaneda.com\/wp-content\/uploads\/web-IMG_0785-768x768.jpg 768w\" sizes=\"auto, (max-width: 709px) 85vw, (max-width: 909px) 67vw, (max-width: 1362px) 62vw, 840px\" \/><figcaption class=\"wp-element-caption\"><em><em><em><em>\u201c<\/em><\/em><\/em><\/em>Per\u00fa por encima de todo<em><em><em><em><em><em>\u201d<\/em><\/em><\/em><\/em><\/em><\/em> II de la serie <em><em><em><em>\u201c<\/em><\/em><\/em><\/em>\u00bfCu\u00e1ntos muertos m\u00e1s quieren?<em><em><em><em><em><em>\u201d<\/em><\/em><\/em><\/em><\/em><\/em>, Ensamblaje, 52 x 52 x 4,5 cm, 2023<\/figcaption><\/figure>\n\n\n\n<div style=\"height:120px\" aria-hidden=\"true\" class=\"wp-block-spacer\"><\/div>\n\n\n\n<p class=\"has-medium-font-size\"><em><em><em><em>\u201c<\/em><\/em><\/em><\/em><strong>Donald<\/strong><em><em><em><em><em><em>\u201d<\/em><\/em><\/em><\/em><\/em><\/em><\/p>\n\n\n\n<p class=\"has-medium-font-size\"><em><em><em><em>\u201c<\/em><\/em><\/em><\/em>Yo soy am\u00e9rica<em><em><em><em><em><em>\u201d<\/em><\/em><\/em><\/em><\/em><\/em><\/p>\n\n\n\n<div style=\"height:20px\" aria-hidden=\"true\" class=\"wp-block-spacer\"><\/div>\n\n\n<div class=\"wp-block-image\">\n<figure class=\"aligncenter size-full\"><img loading=\"lazy\" decoding=\"async\" width=\"480\" height=\"520\" src=\"https:\/\/raulavellaneda.com\/wp-content\/uploads\/web-IMG_8003.jpg\" alt=\"\" class=\"wp-image-3189\" srcset=\"https:\/\/raulavellaneda.com\/wp-content\/uploads\/web-IMG_8003.jpg 480w, https:\/\/raulavellaneda.com\/wp-content\/uploads\/web-IMG_8003-277x300.jpg 277w\" sizes=\"auto, (max-width: 480px) 85vw, 480px\" \/><figcaption class=\"wp-element-caption\"><em><em><em><em>\u201c<\/em><\/em><\/em><\/em>Donald <em><em><em><em><em><em>\u201d<\/em><\/em><\/em><\/em><\/em><\/em> I de la serie <em><em><em><em>\u201c<\/em><\/em><\/em><\/em>Yo soy Am\u00e9rica<em><em><em><em><em><em>\u201d<\/em><\/em><\/em><\/em><\/em><\/em>, t\u00e9cnica mixta sobre papel, 44,5 x 49 cm, 2019<\/figcaption><\/figure><\/div>\n\n\n<div style=\"height:120px\" aria-hidden=\"true\" class=\"wp-block-spacer\"><\/div>\n\n\n<div class=\"wp-block-image\">\n<figure class=\"aligncenter size-full\"><img loading=\"lazy\" decoding=\"async\" width=\"480\" height=\"528\" src=\"https:\/\/raulavellaneda.com\/wp-content\/uploads\/web-IMG_8069.jpg\" alt=\"\" class=\"wp-image-3190\" srcset=\"https:\/\/raulavellaneda.com\/wp-content\/uploads\/web-IMG_8069.jpg 480w, https:\/\/raulavellaneda.com\/wp-content\/uploads\/web-IMG_8069-273x300.jpg 273w\" sizes=\"auto, (max-width: 480px) 85vw, 480px\" \/><figcaption class=\"wp-element-caption\"><em><em><em><em>\u201c<\/em><\/em><\/em><\/em>Donald <em><em><em><em><em><em>\u201d<\/em><\/em><\/em><\/em><\/em><\/em> II de la serie <em><em><em><em>\u201c<\/em><\/em><\/em><\/em>Yo soy Am\u00e9rica<em><em><em><em><em><em>\u201d<\/em><\/em><\/em><\/em><\/em><\/em>, t\u00e9cnica mixta sobre papel, 44,5 x 49 cm, 2021<\/figcaption><\/figure><\/div>\n\n\n<div style=\"height:120px\" aria-hidden=\"true\" class=\"wp-block-spacer\"><\/div>\n\n\n<div class=\"wp-block-image\">\n<figure class=\"aligncenter size-full\"><img loading=\"lazy\" decoding=\"async\" width=\"480\" height=\"534\" src=\"https:\/\/raulavellaneda.com\/wp-content\/uploads\/web-IMG_8002-2.jpg\" alt=\"\" class=\"wp-image-3191\" srcset=\"https:\/\/raulavellaneda.com\/wp-content\/uploads\/web-IMG_8002-2.jpg 480w, https:\/\/raulavellaneda.com\/wp-content\/uploads\/web-IMG_8002-2-270x300.jpg 270w\" sizes=\"auto, (max-width: 480px) 85vw, 480px\" \/><figcaption class=\"wp-element-caption\"><em><em><em><em>\u201c<\/em><\/em><\/em><\/em>Donald <em><em><em><em><em><em>\u201d<\/em><\/em><\/em><\/em><\/em><\/em> III de la serie <em><em><em><em>\u201c<\/em><\/em><\/em><\/em>Yo soy Am\u00e9rica<em><em><em><em><em><em>\u201d<\/em><\/em><\/em><\/em><\/em><\/em>, t\u00e9cnica mixta sobre papel, 44,5 x 49 cm, 2021<\/figcaption><\/figure><\/div>\n\n\n<div style=\"height:120px\" aria-hidden=\"true\" class=\"wp-block-spacer\"><\/div>\n\n\n<div class=\"wp-block-image\">\n<figure class=\"aligncenter size-full\"><img loading=\"lazy\" decoding=\"async\" width=\"480\" height=\"532\" src=\"https:\/\/raulavellaneda.com\/wp-content\/uploads\/web-IMG_7999-1.jpg\" alt=\"\" class=\"wp-image-3192\" srcset=\"https:\/\/raulavellaneda.com\/wp-content\/uploads\/web-IMG_7999-1.jpg 480w, https:\/\/raulavellaneda.com\/wp-content\/uploads\/web-IMG_7999-1-271x300.jpg 271w\" sizes=\"auto, (max-width: 480px) 85vw, 480px\" \/><figcaption class=\"wp-element-caption\"><em><em><em><em>\u201c<\/em><\/em><\/em><\/em>Donald<em><em><em><em><em><em>\u201d<\/em><\/em><\/em><\/em><\/em><\/em> IV de la serie <em><em><em><em>\u201c<\/em><\/em><\/em><\/em>Yo soy Am\u00e9rica<em><em><em><em><em><em>\u201d<\/em><\/em><\/em><\/em><\/em><\/em>, t\u00e9cnica mixta sobre papel, 44,5 x 49 cm, 2021<\/figcaption><\/figure><\/div>\n\n\n<div style=\"height:10px\" aria-hidden=\"true\" class=\"wp-block-spacer\"><\/div>\n\n\n\n<p class=\"has-text-align-center has-medium-font-size\"><a href=\"https:\/\/raulavellaneda.com\/?page_id=1337\">obras<\/a><\/p>\n","protected":false},"excerpt":{"rendered":"<p>\u201cDina\u201d \u201c\u00bfCu\u00e1ntos muertos m\u00e1s quieren?\u201d Dina Boluarte fue nombrada ministra de Desarrollo e Inclusi\u00f3n Social de Per\u00fa en el gabinete del gobierno de izquierda de Pedro Castillo, en 2021. Tras un fallido intento de golpe de estado de Castillo, fue nombrada nueva presidenta con el apoyo de las fuerzas reaccionarias de derechas del pa\u00eds. Esto &hellip; <a href=\"https:\/\/raulavellaneda.com\/?page_id=1606\" class=\"more-link\"><span class=\"screen-reader-text\">\u201e\u201cDina y Donald\u201d\u201c<\/span> weiterlesen<\/a><\/p>\n","protected":false},"author":1,"featured_media":0,"parent":0,"menu_order":0,"comment_status":"closed","ping_status":"closed","template":"","meta":{"footnotes":""},"class_list":["post-1606","page","type-page","status-publish","hentry"],"_links":{"self":[{"href":"https:\/\/raulavellaneda.com\/index.php?rest_route=\/wp\/v2\/pages\/1606","targetHints":{"allow":["GET"]}}],"collection":[{"href":"https:\/\/raulavellaneda.com\/index.php?rest_route=\/wp\/v2\/pages"}],"about":[{"href":"https:\/\/raulavellaneda.com\/index.php?rest_route=\/wp\/v2\/types\/page"}],"author":[{"embeddable":true,"href":"https:\/\/raulavellaneda.com\/index.php?rest_route=\/wp\/v2\/users\/1"}],"replies":[{"embeddable":true,"href":"https:\/\/raulavellaneda.com\/index.php?rest_route=%2Fwp%2Fv2%2Fcomments&post=1606"}],"version-history":[{"count":53,"href":"https:\/\/raulavellaneda.com\/index.php?rest_route=\/wp\/v2\/pages\/1606\/revisions"}],"predecessor-version":[{"id":5607,"href":"https:\/\/raulavellaneda.com\/index.php?rest_route=\/wp\/v2\/pages\/1606\/revisions\/5607"}],"wp:attachment":[{"href":"https:\/\/raulavellaneda.com\/index.php?rest_route=%2Fwp%2Fv2%2Fmedia&parent=1606"}],"curies":[{"name":"wp","href":"https:\/\/api.w.org\/{rel}","templated":true}]}}