{"id":1632,"date":"2023-11-20T21:29:45","date_gmt":"2023-11-20T20:29:45","guid":{"rendered":"http:\/\/raulavellaneda.com\/?page_id=1632"},"modified":"2024-07-25T00:25:00","modified_gmt":"2024-07-24T22:25:00","slug":"die-selbstmoerder-kinder","status":"publish","type":"page","link":"https:\/\/raulavellaneda.com\/?page_id=1632","title":{"rendered":"\u201cNi\u00f1o, prom\u00e9teme que te matar\u00e1s&#8220;"},"content":{"rendered":"\n<div style=\"height:20px\" aria-hidden=\"true\" class=\"wp-block-spacer\"><\/div>\n\n\n\n<p>Un estudio realizado en Estados Unidos ha revelado que el suicidio es la cuarta causa de muerte entre los ni\u00f1os de 10 a 14 a\u00f1os, y la tercera entre los j\u00f3venes de m\u00e1s de 15 a\u00f1os. Incluso, se registr\u00f3 el suicidio de un ni\u00f1o de 7 a\u00f1os. Seg\u00fan dos estudios realizados en Suiza en 2004 con ni\u00f1os de 11 a 15 a\u00f1os y adolescentes de 16 a 20 a\u00f1os, alrededor del 8% de las chicas y el 3% de los chicos declararon haber intentado suicidarse al menos una vez en su vida. Desde 2014, el suicidio es la principal causa de muerte entre ni\u00f1os y adolescentes de 10 a 19 a\u00f1os en Jap\u00f3n.<\/p>\n\n\n\n<p>La mayor\u00eda de estos estudios constataron una tendencia al alza del suicidio infantil y un aumento de las conductas de riesgo, que antes s\u00f3lo se daban en adolescentes.<\/p>\n\n\n\n<p>Los llamados m\u00e9todos duros que suelen utilizar los ni\u00f1os para quitarse la vida son:<\/p>\n\n\n\n<ul class=\"wp-block-list\">\n<li>Ahorcarse, dispararse, apu\u00f1alarse, saltar desde una altura, arrojarse a las v\u00edas del tren, ahogarse y electrocutarse.<\/li>\n<\/ul>\n\n\n\n<p>Los m\u00e9todos suaves incluyen:<\/p>\n\n\n\n<ul class=\"wp-block-list\">\n<li>Ingesti\u00f3n de sustancias, cortaduras e inhalaci\u00f3n de gases.<\/li>\n<\/ul>\n\n\n\n<div style=\"height:20px\" aria-hidden=\"true\" class=\"wp-block-spacer\"><\/div>\n\n\n<div class=\"wp-block-image\">\n<figure class=\"aligncenter size-full is-resized\"><img loading=\"lazy\" decoding=\"async\" width=\"840\" height=\"831\" src=\"https:\/\/raulavellaneda.com\/wp-content\/uploads\/web-IMG_0718.jpg\" alt=\"\" class=\"wp-image-1633\" style=\"width:676px;height:auto\" srcset=\"https:\/\/raulavellaneda.com\/wp-content\/uploads\/web-IMG_0718.jpg 840w, https:\/\/raulavellaneda.com\/wp-content\/uploads\/web-IMG_0718-300x297.jpg 300w, https:\/\/raulavellaneda.com\/wp-content\/uploads\/web-IMG_0718-768x760.jpg 768w\" sizes=\"auto, (max-width: 709px) 85vw, (max-width: 909px) 67vw, (max-width: 1362px) 62vw, 840px\" \/><\/figure><\/div>\n\n\n<p class=\"has-text-align-center has-medium-gray-color has-text-color has-link-color has-small-font-size wp-elements-c9bb89cd97f8b1ef446d1d9bc5292c5b\"><em>De la serie \u201cNi\u00f1o, prom\u00e9teme que te matar\u00e1s&#8220;, tabla de desalluno y fotocopia, 19 x 18,7 cm, 2000<\/em><\/p>\n\n\n\n<div style=\"height:120px\" aria-hidden=\"true\" class=\"wp-block-spacer\"><\/div>\n\n\n<div class=\"wp-block-image\">\n<figure class=\"aligncenter size-full is-resized\"><img loading=\"lazy\" decoding=\"async\" width=\"840\" height=\"741\" src=\"https:\/\/raulavellaneda.com\/wp-content\/uploads\/web-IMG_0702.jpg\" alt=\"\" class=\"wp-image-1636\" style=\"width:870px;height:auto\" srcset=\"https:\/\/raulavellaneda.com\/wp-content\/uploads\/web-IMG_0702.jpg 840w, https:\/\/raulavellaneda.com\/wp-content\/uploads\/web-IMG_0702-300x265.jpg 300w, https:\/\/raulavellaneda.com\/wp-content\/uploads\/web-IMG_0702-768x677.jpg 768w\" sizes=\"auto, (max-width: 709px) 85vw, (max-width: 909px) 67vw, (max-width: 1362px) 62vw, 840px\" \/><figcaption class=\"wp-element-caption\">De la serie \u201cNi\u00f1o, prom\u00e9teme que te matar\u00e1s&#8220;, acr\u00edlico, polvo de grafito y papel de regalo con fotocopia, 83 x 95 cm, 2013<\/figcaption><\/figure><\/div>\n\n\n<div style=\"height:120px\" aria-hidden=\"true\" class=\"wp-block-spacer\"><\/div>\n\n\n<div class=\"wp-block-image\">\n<figure class=\"aligncenter size-full\"><img loading=\"lazy\" decoding=\"async\" width=\"480\" height=\"592\" src=\"https:\/\/raulavellaneda.com\/wp-content\/uploads\/web-IMG_0848.jpg\" alt=\"\" class=\"wp-image-3029\" srcset=\"https:\/\/raulavellaneda.com\/wp-content\/uploads\/web-IMG_0848.jpg 480w, https:\/\/raulavellaneda.com\/wp-content\/uploads\/web-IMG_0848-243x300.jpg 243w\" sizes=\"auto, (max-width: 480px) 85vw, 480px\" \/><figcaption class=\"wp-element-caption\">De la serie \u201cNi\u00f1o, prom\u00e9teme que te matar\u00e1s&#8220;, chaqueta de punto para ni\u00f1os, cera, Vidrio, chup\u00f3n para ni\u00f1os y fotokopia, conjunto, 36 x 47 x 10 cm, 2023<\/figcaption><\/figure><\/div>\n\n\n<div style=\"height:120px\" aria-hidden=\"true\" class=\"wp-block-spacer\"><\/div>\n\n\n<div class=\"wp-block-image\">\n<figure class=\"aligncenter size-full is-resized\"><img loading=\"lazy\" decoding=\"async\" width=\"480\" height=\"585\" src=\"https:\/\/raulavellaneda.com\/wp-content\/uploads\/web-IMG_0698.jpg\" alt=\"\" class=\"wp-image-1639\" style=\"width:626px;height:auto\" srcset=\"https:\/\/raulavellaneda.com\/wp-content\/uploads\/web-IMG_0698.jpg 480w, https:\/\/raulavellaneda.com\/wp-content\/uploads\/web-IMG_0698-246x300.jpg 246w\" sizes=\"auto, (max-width: 480px) 85vw, 480px\" \/><figcaption class=\"wp-element-caption\">De la serie \u201cNi\u00f1o, prom\u00e9teme que te matar\u00e1s&#8220;, acr\u00edlico, polvo de grafito y fotocopia, 49,5 x 60,5 cm, 2013<\/figcaption><\/figure><\/div>\n\n\n<div style=\"height:120px\" aria-hidden=\"true\" class=\"wp-block-spacer\"><\/div>\n\n\n<div class=\"wp-block-image\">\n<figure class=\"aligncenter size-full is-resized\"><img loading=\"lazy\" decoding=\"async\" width=\"480\" height=\"615\" src=\"https:\/\/raulavellaneda.com\/wp-content\/uploads\/web-IMG_0706.jpg\" alt=\"\" class=\"wp-image-1642\" style=\"width:548px;height:auto\" srcset=\"https:\/\/raulavellaneda.com\/wp-content\/uploads\/web-IMG_0706.jpg 480w, https:\/\/raulavellaneda.com\/wp-content\/uploads\/web-IMG_0706-234x300.jpg 234w\" sizes=\"auto, (max-width: 480px) 85vw, 480px\" \/><figcaption class=\"wp-element-caption\">De la serie \u201cNi\u00f1o, prom\u00e9teme que te matar\u00e1s&#8220;, papel de regalo para ni\u00f1os, folletos publicitarios editados y recortes de una revistas de pornograf\u00eda sobre lienzo, 30 x 40 x 2 cm, 2010<\/figcaption><\/figure><\/div>\n\n\n<div style=\"height:120px\" aria-hidden=\"true\" class=\"wp-block-spacer\"><\/div>\n\n\n<div class=\"wp-block-image\">\n<figure class=\"aligncenter size-full is-resized\"><img loading=\"lazy\" decoding=\"async\" width=\"480\" height=\"392\" src=\"https:\/\/raulavellaneda.com\/wp-content\/uploads\/web-IMG_0704.jpg\" alt=\"\" class=\"wp-image-1644\" style=\"width:728px;height:auto\" srcset=\"https:\/\/raulavellaneda.com\/wp-content\/uploads\/web-IMG_0704.jpg 480w, https:\/\/raulavellaneda.com\/wp-content\/uploads\/web-IMG_0704-300x245.jpg 300w\" sizes=\"auto, (max-width: 480px) 85vw, 480px\" \/><figcaption class=\"wp-element-caption\">De la serie \u201cNi\u00f1o, prom\u00e9teme que te matar\u00e1s&#8220;, recortes de revistas de propaganda y fotocopias sobre cart\u00f3n de embalaje, 39 x 32 cm 2010<\/figcaption><\/figure><\/div>\n\n\n<div style=\"height:120px\" aria-hidden=\"true\" class=\"wp-block-spacer\"><\/div>\n\n\n<div class=\"wp-block-image\">\n<figure class=\"aligncenter size-full is-resized\"><img loading=\"lazy\" decoding=\"async\" width=\"480\" height=\"615\" src=\"https:\/\/raulavellaneda.com\/wp-content\/uploads\/web-IMG_0705.jpg\" alt=\"\" class=\"wp-image-1646\" style=\"width:560px;height:auto\" srcset=\"https:\/\/raulavellaneda.com\/wp-content\/uploads\/web-IMG_0705.jpg 480w, https:\/\/raulavellaneda.com\/wp-content\/uploads\/web-IMG_0705-234x300.jpg 234w\" sizes=\"auto, (max-width: 480px) 85vw, 480px\" \/><figcaption class=\"wp-element-caption\">De la serie \u201cNi\u00f1o, prom\u00e9teme que te matar\u00e1s&#8220;, t\u00e9cnica mixta con fotocopia editada sobre cart\u00f3n de embalaje, 39,5 x 51 cm, 2010<\/figcaption><\/figure><\/div>\n\n\n<div style=\"height:120px\" aria-hidden=\"true\" class=\"wp-block-spacer\"><\/div>\n\n\n<div class=\"wp-block-image\">\n<figure class=\"aligncenter size-full is-resized\"><img loading=\"lazy\" decoding=\"async\" width=\"480\" height=\"610\" src=\"https:\/\/raulavellaneda.com\/wp-content\/uploads\/web-IMG_0703.jpg\" alt=\"\" class=\"wp-image-1648\" style=\"width:558px;height:auto\" srcset=\"https:\/\/raulavellaneda.com\/wp-content\/uploads\/web-IMG_0703.jpg 480w, https:\/\/raulavellaneda.com\/wp-content\/uploads\/web-IMG_0703-236x300.jpg 236w\" sizes=\"auto, (max-width: 480px) 85vw, 480px\" \/><figcaption class=\"wp-element-caption\">De la serie \u201cNi\u00f1o, prom\u00e9teme que te matar\u00e1s&#8220;, t\u00e9cnica mixta con fotocopias de revistas de medicina y pornograf\u00eda sobre cart\u00f3n de embalaje, 39,5 x 51 cm, 2010<\/figcaption><\/figure><\/div>\n\n\n<div style=\"height:120px\" aria-hidden=\"true\" class=\"wp-block-spacer\"><\/div>\n\n\n<div class=\"wp-block-image\">\n<figure class=\"aligncenter size-full is-resized\"><img loading=\"lazy\" decoding=\"async\" width=\"480\" height=\"673\" src=\"https:\/\/raulavellaneda.com\/wp-content\/uploads\/web-IMG_0708.jpg\" alt=\"\" class=\"wp-image-1650\" style=\"width:544px;height:auto\" srcset=\"https:\/\/raulavellaneda.com\/wp-content\/uploads\/web-IMG_0708.jpg 480w, https:\/\/raulavellaneda.com\/wp-content\/uploads\/web-IMG_0708-214x300.jpg 214w\" sizes=\"auto, (max-width: 480px) 85vw, 480px\" \/><figcaption class=\"wp-element-caption\">De la serie \u201cNi\u00f1o, prom\u00e9teme que te matar\u00e1s&#8220;, folletos publicitarios editados y recortes de revistas pornogr\u00e1ficas sobre lienzo, 21 x 30 x 2 cm, 2010<\/figcaption><\/figure><\/div>\n\n\n<div style=\"height:120px\" aria-hidden=\"true\" class=\"wp-block-spacer\"><\/div>\n\n\n<div class=\"wp-block-image\">\n<figure class=\"aligncenter size-full is-resized\"><img loading=\"lazy\" decoding=\"async\" width=\"704\" height=\"480\" src=\"https:\/\/raulavellaneda.com\/wp-content\/uploads\/web-IMG_0707-rotated.jpg\" alt=\"\" class=\"wp-image-1652\" style=\"width:878px;height:auto\" srcset=\"https:\/\/raulavellaneda.com\/wp-content\/uploads\/web-IMG_0707-rotated.jpg 704w, https:\/\/raulavellaneda.com\/wp-content\/uploads\/web-IMG_0707-300x205.jpg 300w\" sizes=\"auto, (max-width: 704px) 85vw, 704px\" \/><figcaption class=\"wp-element-caption\">De la serie \u201cNi\u00f1o, prom\u00e9teme que te matar\u00e1s&#8220;, folletos publicitarios editados, papel de regalo y recorte de un cuaderno pornogr\u00e1fico sobre lienzo, 54,5 x 36 x 2 cm, 2010<\/figcaption><\/figure><\/div>\n\n\n<div style=\"height:120px\" aria-hidden=\"true\" class=\"wp-block-spacer\"><\/div>\n\n\n<div class=\"wp-block-image\">\n<figure class=\"aligncenter size-full\"><img loading=\"lazy\" decoding=\"async\" width=\"840\" height=\"702\" src=\"https:\/\/raulavellaneda.com\/wp-content\/uploads\/web-IMG_0699-1.jpg\" alt=\"\" class=\"wp-image-3847\" srcset=\"https:\/\/raulavellaneda.com\/wp-content\/uploads\/web-IMG_0699-1.jpg 840w, https:\/\/raulavellaneda.com\/wp-content\/uploads\/web-IMG_0699-1-300x251.jpg 300w, https:\/\/raulavellaneda.com\/wp-content\/uploads\/web-IMG_0699-1-768x642.jpg 768w\" sizes=\"auto, (max-width: 709px) 85vw, (max-width: 909px) 67vw, (max-width: 1362px) 62vw, 840px\" \/><figcaption class=\"wp-element-caption\">De la serie \u201cNi\u00f1o, prom\u00e9teme que te matar\u00e1s&#8220;, t\u00e9cnica mixta con fotocopia editada y gasa, 52 x 43 cm, 2014<\/figcaption><\/figure><\/div>\n\n\n<div style=\"height:10px\" aria-hidden=\"true\" class=\"wp-block-spacer\"><\/div>\n\n\n\n<p class=\"has-text-align-center has-medium-font-size\"><a href=\"https:\/\/raulavellaneda.com\/?page_id=1337\">obras<\/a><\/p>\n","protected":false},"excerpt":{"rendered":"<p>Un estudio realizado en Estados Unidos ha revelado que el suicidio es la cuarta causa de muerte entre los ni\u00f1os de 10 a 14 a\u00f1os, y la tercera entre los j\u00f3venes de m\u00e1s de 15 a\u00f1os. Incluso, se registr\u00f3 el suicidio de un ni\u00f1o de 7 a\u00f1os. Seg\u00fan dos estudios realizados en Suiza en 2004 &hellip; <a href=\"https:\/\/raulavellaneda.com\/?page_id=1632\" class=\"more-link\"><span class=\"screen-reader-text\">\u201e\u201cNi\u00f1o, prom\u00e9teme que te matar\u00e1s&#8220;\u201c<\/span> weiterlesen<\/a><\/p>\n","protected":false},"author":1,"featured_media":0,"parent":0,"menu_order":0,"comment_status":"closed","ping_status":"closed","template":"","meta":{"footnotes":""},"class_list":["post-1632","page","type-page","status-publish","hentry"],"_links":{"self":[{"href":"https:\/\/raulavellaneda.com\/index.php?rest_route=\/wp\/v2\/pages\/1632","targetHints":{"allow":["GET"]}}],"collection":[{"href":"https:\/\/raulavellaneda.com\/index.php?rest_route=\/wp\/v2\/pages"}],"about":[{"href":"https:\/\/raulavellaneda.com\/index.php?rest_route=\/wp\/v2\/types\/page"}],"author":[{"embeddable":true,"href":"https:\/\/raulavellaneda.com\/index.php?rest_route=\/wp\/v2\/users\/1"}],"replies":[{"embeddable":true,"href":"https:\/\/raulavellaneda.com\/index.php?rest_route=%2Fwp%2Fv2%2Fcomments&post=1632"}],"version-history":[{"count":70,"href":"https:\/\/raulavellaneda.com\/index.php?rest_route=\/wp\/v2\/pages\/1632\/revisions"}],"predecessor-version":[{"id":5609,"href":"https:\/\/raulavellaneda.com\/index.php?rest_route=\/wp\/v2\/pages\/1632\/revisions\/5609"}],"wp:attachment":[{"href":"https:\/\/raulavellaneda.com\/index.php?rest_route=%2Fwp%2Fv2%2Fmedia&parent=1632"}],"curies":[{"name":"wp","href":"https:\/\/api.w.org\/{rel}","templated":true}]}}