{"id":1664,"date":"2023-11-20T21:47:41","date_gmt":"2023-11-20T20:47:41","guid":{"rendered":"http:\/\/raulavellaneda.com\/?page_id=1664"},"modified":"2024-07-30T22:22:57","modified_gmt":"2024-07-30T20:22:57","slug":"variationen-ueber-leonardos-koepfe","status":"publish","type":"page","link":"https:\/\/raulavellaneda.com\/?page_id=1664","title":{"rendered":"&#8222;La ventana del alma&#8220;"},"content":{"rendered":"\n<div style=\"height:20px\" aria-hidden=\"true\" class=\"wp-block-spacer\"><\/div>\n\n\n\n<p>Avellaneda busc\u00f3 de nuevo un refugio en su trabajo art\u00edstico. As\u00ed, cre\u00f3 en Gahlen la serie &#8222;Variaciones sobre cabezas de Leonardo&#8220;.&nbsp;<\/p>\n\n\n\n<p><em>&#8222;Volv\u00ed a acuclillarme en el suelo del oscuro estudio, dibujando y construyendo objetos que reflejaban mi desgarrado estado interior. Echaba de menos el olor de los Andes, de Retama y Huacatay&#8230;&#8220;<\/em><\/p>\n\n\n\n<div style=\"height:20px\" aria-hidden=\"true\" class=\"wp-block-spacer\"><\/div>\n\n\n\n<div class=\"wp-block-columns is-layout-flex wp-container-core-columns-is-layout-1 wp-block-columns-is-layout-flex\">\n<div class=\"wp-block-column is-layout-flow wp-block-column-is-layout-flow\">\n<figure class=\"wp-block-image size-large is-resized\"><img loading=\"lazy\" decoding=\"async\" width=\"480\" height=\"638\" src=\"https:\/\/raulavellaneda.com\/wp-content\/uploads\/web-IMG_0669.jpg\" alt=\"\" class=\"wp-image-1674\" style=\"width:350px\" srcset=\"https:\/\/raulavellaneda.com\/wp-content\/uploads\/web-IMG_0669.jpg 480w, https:\/\/raulavellaneda.com\/wp-content\/uploads\/web-IMG_0669-226x300.jpg 226w\" sizes=\"auto, (max-width: 480px) 85vw, 480px\" \/><figcaption class=\"wp-element-caption\">De la serie &#8222;La ventana del alma&#8220;, Cabeza I, t\u00e9cnica de mezcla sobre papel, 29,4 x 39,8 cm, 1991<\/figcaption><\/figure>\n<\/div>\n\n\n\n<div class=\"wp-block-column is-layout-flow wp-block-column-is-layout-flow\">\n<figure class=\"wp-block-image size-full is-resized\"><img loading=\"lazy\" decoding=\"async\" width=\"480\" height=\"636\" src=\"https:\/\/raulavellaneda.com\/wp-content\/uploads\/web-IMG_0692.jpg\" alt=\"\" class=\"wp-image-1675\" style=\"width:350px\" srcset=\"https:\/\/raulavellaneda.com\/wp-content\/uploads\/web-IMG_0692.jpg 480w, https:\/\/raulavellaneda.com\/wp-content\/uploads\/web-IMG_0692-226x300.jpg 226w\" sizes=\"auto, (max-width: 480px) 85vw, 480px\" \/><figcaption class=\"wp-element-caption\">De la serie &#8222;La ventana del alma&#8220;, Cabeza II, t\u00e9cnica de mezcla sobre papel, 29,4 x 39,8 cm, 1991<\/figcaption><\/figure>\n<\/div>\n<\/div>\n\n\n\n<div style=\"height:120px\" aria-hidden=\"true\" class=\"wp-block-spacer\"><\/div>\n\n\n<div class=\"wp-block-image\">\n<figure class=\"aligncenter size-large\"><img loading=\"lazy\" decoding=\"async\" width=\"480\" height=\"648\" src=\"https:\/\/raulavellaneda.com\/wp-content\/uploads\/web-IMG_0672.jpg\" alt=\"\" class=\"wp-image-1668\" srcset=\"https:\/\/raulavellaneda.com\/wp-content\/uploads\/web-IMG_0672.jpg 480w, https:\/\/raulavellaneda.com\/wp-content\/uploads\/web-IMG_0672-222x300.jpg 222w\" sizes=\"auto, (max-width: 480px) 85vw, 480px\" \/><figcaption class=\"wp-element-caption\">De la serie &#8222;La ventana del alma&#8220;, Cabeza III, t\u00e9cnica de mezcla sobre papel, 29,4 x 39,8 cm, 1991<\/figcaption><\/figure><\/div>\n\n\n<div style=\"height:120px\" aria-hidden=\"true\" class=\"wp-block-spacer\"><\/div>\n\n\n\n<div class=\"wp-block-columns is-layout-flex wp-container-core-columns-is-layout-2 wp-block-columns-is-layout-flex\">\n<div class=\"wp-block-column is-layout-flow wp-block-column-is-layout-flow\">\n<figure class=\"wp-block-image size-large is-resized\"><img loading=\"lazy\" decoding=\"async\" width=\"480\" height=\"636\" src=\"https:\/\/raulavellaneda.com\/wp-content\/uploads\/web-IMG_0676.jpg\" alt=\"\" class=\"wp-image-1676\" style=\"width:350px\" srcset=\"https:\/\/raulavellaneda.com\/wp-content\/uploads\/web-IMG_0676.jpg 480w, https:\/\/raulavellaneda.com\/wp-content\/uploads\/web-IMG_0676-226x300.jpg 226w\" sizes=\"auto, (max-width: 480px) 85vw, 480px\" \/><figcaption class=\"wp-element-caption\">De la serie &#8222;La ventana del alma&#8220;, Cabeza IV, t\u00e9cnica de mezcla sobre papel, 29,4 x 39,8 cm, 1991<\/figcaption><\/figure>\n<\/div>\n\n\n\n<div class=\"wp-block-column is-layout-flow wp-block-column-is-layout-flow\">\n<figure class=\"wp-block-image size-full is-resized\"><img loading=\"lazy\" decoding=\"async\" width=\"480\" height=\"636\" src=\"https:\/\/raulavellaneda.com\/wp-content\/uploads\/web-IMG_0668.jpg\" alt=\"\" class=\"wp-image-1669\" style=\"width:350px\" srcset=\"https:\/\/raulavellaneda.com\/wp-content\/uploads\/web-IMG_0668.jpg 480w, https:\/\/raulavellaneda.com\/wp-content\/uploads\/web-IMG_0668-226x300.jpg 226w\" sizes=\"auto, (max-width: 480px) 85vw, 480px\" \/><figcaption class=\"wp-element-caption\">De la serie &#8222;La ventana del alma&#8220;, Cabeza V, t\u00e9cnica de mezcla sobre papel, 29,4 x 39,8 cm, 1991<\/figcaption><\/figure>\n<\/div>\n<\/div>\n\n\n\n<div style=\"height:120px\" aria-hidden=\"true\" class=\"wp-block-spacer\"><\/div>\n\n\n\n<div class=\"wp-block-columns is-layout-flex wp-container-core-columns-is-layout-3 wp-block-columns-is-layout-flex\">\n<div class=\"wp-block-column is-layout-flow wp-block-column-is-layout-flow\">\n<figure class=\"wp-block-image size-full is-resized is-style-default\"><img loading=\"lazy\" decoding=\"async\" width=\"480\" height=\"625\" src=\"https:\/\/raulavellaneda.com\/wp-content\/uploads\/web-IMG_0681-1.jpg\" alt=\"\" class=\"wp-image-3744\" style=\"width:350px\" srcset=\"https:\/\/raulavellaneda.com\/wp-content\/uploads\/web-IMG_0681-1.jpg 480w, https:\/\/raulavellaneda.com\/wp-content\/uploads\/web-IMG_0681-1-230x300.jpg 230w\" sizes=\"auto, (max-width: 480px) 85vw, 480px\" \/><figcaption class=\"wp-element-caption\">De la serie &#8222;La ventana del alma&#8220;, Cabeza VI, t\u00e9cnica de mezcla sobre papel, 29,4 x 39,8 cm, 1991<\/figcaption><\/figure>\n<\/div>\n\n\n\n<div class=\"wp-block-column is-layout-flow wp-block-column-is-layout-flow\">\n<figure class=\"wp-block-image size-full is-resized\"><img loading=\"lazy\" decoding=\"async\" width=\"480\" height=\"634\" src=\"https:\/\/raulavellaneda.com\/wp-content\/uploads\/web-IMG_0670.jpg\" alt=\"\" class=\"wp-image-1677\" style=\"width:350px\" srcset=\"https:\/\/raulavellaneda.com\/wp-content\/uploads\/web-IMG_0670.jpg 480w, https:\/\/raulavellaneda.com\/wp-content\/uploads\/web-IMG_0670-227x300.jpg 227w\" sizes=\"auto, (max-width: 480px) 85vw, 480px\" \/><figcaption class=\"wp-element-caption\">De la serie &#8222;La ventana del alma&#8220;, Cabeza VII, t\u00e9cnica de mezcla sobre papel, 29,4 x 39,8 cm, 1991<\/figcaption><\/figure>\n<\/div>\n<\/div>\n\n\n\n<div style=\"height:120px\" aria-hidden=\"true\" class=\"wp-block-spacer\"><\/div>\n\n\n<div class=\"wp-block-image\">\n<figure class=\"aligncenter size-full\"><img loading=\"lazy\" decoding=\"async\" width=\"480\" height=\"640\" src=\"https:\/\/raulavellaneda.com\/wp-content\/uploads\/web-IMG_0673.jpg\" alt=\"\" class=\"wp-image-1671\" style=\"object-fit:cover\" srcset=\"https:\/\/raulavellaneda.com\/wp-content\/uploads\/web-IMG_0673.jpg 480w, https:\/\/raulavellaneda.com\/wp-content\/uploads\/web-IMG_0673-225x300.jpg 225w\" sizes=\"auto, (max-width: 480px) 85vw, 480px\" \/><figcaption class=\"wp-element-caption\">De la serie &#8222;La ventana del alma&#8220;, Cabeza VIII, t\u00e9cnica de mezcla sobre papel, 29,4 x 39,8 cm, 1991<\/figcaption><\/figure><\/div>\n\n\n<div style=\"height:120px\" aria-hidden=\"true\" class=\"wp-block-spacer\"><\/div>\n\n\n\n<div class=\"wp-block-columns is-layout-flex wp-container-core-columns-is-layout-4 wp-block-columns-is-layout-flex\">\n<div class=\"wp-block-column is-layout-flow wp-block-column-is-layout-flow\" style=\"flex-basis:50%\">\n<figure class=\"wp-block-image size-large is-resized\"><img loading=\"lazy\" decoding=\"async\" width=\"480\" height=\"629\" src=\"https:\/\/raulavellaneda.com\/wp-content\/uploads\/web-IMG_0679.jpg\" alt=\"\" class=\"wp-image-3745\" style=\"width:350px\" srcset=\"https:\/\/raulavellaneda.com\/wp-content\/uploads\/web-IMG_0679.jpg 480w, https:\/\/raulavellaneda.com\/wp-content\/uploads\/web-IMG_0679-229x300.jpg 229w\" sizes=\"auto, (max-width: 480px) 85vw, 480px\" \/><figcaption class=\"wp-element-caption\">De la serie &#8222;La ventana del alma&#8220;, Cabeza IX, t\u00e9cnica de mezcla sobre papel, 29,4 x 39,8 cm, 1991<\/figcaption><\/figure>\n<\/div>\n\n\n\n<div class=\"wp-block-column is-layout-flow wp-block-column-is-layout-flow\" style=\"flex-basis:50%\">\n<figure class=\"wp-block-image size-full is-resized\"><img loading=\"lazy\" decoding=\"async\" width=\"480\" height=\"643\" src=\"https:\/\/raulavellaneda.com\/wp-content\/uploads\/web-IMG_0675.jpg\" alt=\"\" class=\"wp-image-3748\" style=\"width:350px\" srcset=\"https:\/\/raulavellaneda.com\/wp-content\/uploads\/web-IMG_0675.jpg 480w, https:\/\/raulavellaneda.com\/wp-content\/uploads\/web-IMG_0675-224x300.jpg 224w\" sizes=\"auto, (max-width: 480px) 85vw, 480px\" \/><figcaption class=\"wp-element-caption\">De la serie &#8222;La ventana del alma&#8220;, Cabeza X, t\u00e9cnica de mezcla sobre papel, 29,4 x 39,8 cm, 1991<\/figcaption><\/figure>\n<\/div>\n<\/div>\n\n\n\n<div style=\"height:120px\" aria-hidden=\"true\" class=\"wp-block-spacer\"><\/div>\n\n\n<div class=\"wp-block-image\">\n<figure class=\"aligncenter size-full\"><img loading=\"lazy\" decoding=\"async\" width=\"480\" height=\"628\" src=\"https:\/\/raulavellaneda.com\/wp-content\/uploads\/web-IMG_0683.jpg\" alt=\"\" class=\"wp-image-1673\" srcset=\"https:\/\/raulavellaneda.com\/wp-content\/uploads\/web-IMG_0683.jpg 480w, https:\/\/raulavellaneda.com\/wp-content\/uploads\/web-IMG_0683-229x300.jpg 229w\" sizes=\"auto, (max-width: 480px) 85vw, 480px\" \/><figcaption class=\"wp-element-caption\">De la serie &#8222;La ventana del alma&#8220;, Cabeza XI, t\u00e9cnica de mezcla sobre papel, 29,4 x 39,8 cm, 1991<\/figcaption><\/figure><\/div>\n\n\n<div style=\"height:120px\" aria-hidden=\"true\" class=\"wp-block-spacer\"><\/div>\n\n\n\n<div class=\"wp-block-columns is-layout-flex wp-container-core-columns-is-layout-5 wp-block-columns-is-layout-flex\">\n<div class=\"wp-block-column is-layout-flow wp-block-column-is-layout-flow\">\n<figure class=\"wp-block-image size-full is-resized\"><img loading=\"lazy\" decoding=\"async\" width=\"480\" height=\"636\" src=\"https:\/\/raulavellaneda.com\/wp-content\/uploads\/web-IMG_0667-2.jpg\" alt=\"\" class=\"wp-image-3747\" style=\"width:350px\" srcset=\"https:\/\/raulavellaneda.com\/wp-content\/uploads\/web-IMG_0667-2.jpg 480w, https:\/\/raulavellaneda.com\/wp-content\/uploads\/web-IMG_0667-2-226x300.jpg 226w\" sizes=\"auto, (max-width: 480px) 85vw, 480px\" \/><figcaption class=\"wp-element-caption\">De la serie &#8222;La ventana del alma&#8220;, Cabeza XII, t\u00e9cnica de mezcla sobre papel, 29,4 x 39,8 cm, 1991<\/figcaption><\/figure>\n<\/div>\n\n\n\n<div class=\"wp-block-column is-layout-flow wp-block-column-is-layout-flow\">\n<figure class=\"wp-block-image size-full is-resized\"><img loading=\"lazy\" decoding=\"async\" width=\"480\" height=\"637\" src=\"https:\/\/raulavellaneda.com\/wp-content\/uploads\/web-IMG_0684.jpg\" alt=\"\" class=\"wp-image-3746\" style=\"width:350px\" srcset=\"https:\/\/raulavellaneda.com\/wp-content\/uploads\/web-IMG_0684.jpg 480w, https:\/\/raulavellaneda.com\/wp-content\/uploads\/web-IMG_0684-226x300.jpg 226w\" sizes=\"auto, (max-width: 480px) 85vw, 480px\" \/><figcaption class=\"wp-element-caption\">De la serie &#8222;La ventana del alma&#8220;, Cabeza XIII, t\u00e9cnica de mezcla sobre papel, 29,4 x 39,8 cm, 1991<\/figcaption><\/figure>\n<\/div>\n<\/div>\n\n\n\n<div style=\"height:120px\" aria-hidden=\"true\" class=\"wp-block-spacer\"><\/div>\n\n\n<div class=\"wp-block-image\">\n<figure class=\"aligncenter size-full\"><img loading=\"lazy\" decoding=\"async\" width=\"480\" height=\"646\" src=\"https:\/\/raulavellaneda.com\/wp-content\/uploads\/web-IMG_0665.jpg\" alt=\"\" class=\"wp-image-1678\" srcset=\"https:\/\/raulavellaneda.com\/wp-content\/uploads\/web-IMG_0665.jpg 480w, https:\/\/raulavellaneda.com\/wp-content\/uploads\/web-IMG_0665-223x300.jpg 223w\" sizes=\"auto, (max-width: 480px) 85vw, 480px\" \/><figcaption class=\"wp-element-caption\">De la serie &#8222;La ventana del alma&#8220;, Cabeza XIV, t\u00e9cnica de mezcla sobre papel, 29,4 x 39,8 cm, 1991<\/figcaption><\/figure><\/div>\n\n\n<div style=\"height:10px\" aria-hidden=\"true\" class=\"wp-block-spacer\"><\/div>\n\n\n\n<p class=\"has-text-align-center has-medium-font-size\"><a href=\"https:\/\/raulavellaneda.com\/?page_id=1337\">obras<\/a><\/p>\n","protected":false},"excerpt":{"rendered":"<p>Avellaneda busc\u00f3 de nuevo un refugio en su trabajo art\u00edstico. As\u00ed, cre\u00f3 en Gahlen la serie &#8222;Variaciones sobre cabezas de Leonardo&#8220;.&nbsp; &#8222;Volv\u00ed a acuclillarme en el suelo del oscuro estudio, dibujando y construyendo objetos que reflejaban mi desgarrado estado interior. Echaba de menos el olor de los Andes, de Retama y Huacatay&#8230;&#8220; obras<\/p>\n","protected":false},"author":1,"featured_media":0,"parent":0,"menu_order":0,"comment_status":"closed","ping_status":"closed","template":"","meta":{"footnotes":""},"class_list":["post-1664","page","type-page","status-publish","hentry"],"_links":{"self":[{"href":"https:\/\/raulavellaneda.com\/index.php?rest_route=\/wp\/v2\/pages\/1664","targetHints":{"allow":["GET"]}}],"collection":[{"href":"https:\/\/raulavellaneda.com\/index.php?rest_route=\/wp\/v2\/pages"}],"about":[{"href":"https:\/\/raulavellaneda.com\/index.php?rest_route=\/wp\/v2\/types\/page"}],"author":[{"embeddable":true,"href":"https:\/\/raulavellaneda.com\/index.php?rest_route=\/wp\/v2\/users\/1"}],"replies":[{"embeddable":true,"href":"https:\/\/raulavellaneda.com\/index.php?rest_route=%2Fwp%2Fv2%2Fcomments&post=1664"}],"version-history":[{"count":46,"href":"https:\/\/raulavellaneda.com\/index.php?rest_route=\/wp\/v2\/pages\/1664\/revisions"}],"predecessor-version":[{"id":5629,"href":"https:\/\/raulavellaneda.com\/index.php?rest_route=\/wp\/v2\/pages\/1664\/revisions\/5629"}],"wp:attachment":[{"href":"https:\/\/raulavellaneda.com\/index.php?rest_route=%2Fwp%2Fv2%2Fmedia&parent=1664"}],"curies":[{"name":"wp","href":"https:\/\/api.w.org\/{rel}","templated":true}]}}