{"id":2008,"date":"2023-12-01T16:54:34","date_gmt":"2023-12-01T15:54:34","guid":{"rendered":"http:\/\/raulavellaneda.com\/?page_id=2008"},"modified":"2024-07-30T22:25:41","modified_gmt":"2024-07-30T20:25:41","slug":"arbeiten-aus-meinem-studium-zeit-1978-1982","status":"publish","type":"page","link":"https:\/\/raulavellaneda.com\/?page_id=2008","title":{"rendered":"Obras de la \u00e9poca de mis estudios (1978 -1982)"},"content":{"rendered":"\n<div style=\"height:20px\" aria-hidden=\"true\" class=\"wp-block-spacer\"><\/div>\n\n\n\n<p style=\"font-size:19px\"><em><em>&#8222;Me di cuenta de que, dadas las circunstancias, no tendr\u00eda ninguna oportunidad de seguir desarrollando mi aut\u00e9ntica b\u00fasqueda art\u00edstica interior. La frustraci\u00f3n se extendi\u00f3 por mi alma y me llev\u00f3 a la desesperaci\u00f3n interior&#8220;.<\/em><\/em><\/p>\n\n\n\n<div style=\"height:20px\" aria-hidden=\"true\" class=\"wp-block-spacer\"><\/div>\n\n\n\n<div class=\"wp-block-columns is-layout-flex wp-container-core-columns-is-layout-1 wp-block-columns-is-layout-flex\">\n<div class=\"wp-block-column is-layout-flow wp-block-column-is-layout-flow\"><div class=\"wp-block-image\">\n<figure class=\"aligncenter size-full is-resized\"><img loading=\"lazy\" decoding=\"async\" width=\"480\" height=\"547\" src=\"https:\/\/raulavellaneda.com\/wp-content\/uploads\/web-IMG_0805-1.jpg\" alt=\"\" class=\"wp-image-2888\" style=\"width:343px;height:auto\" srcset=\"https:\/\/raulavellaneda.com\/wp-content\/uploads\/web-IMG_0805-1.jpg 480w, https:\/\/raulavellaneda.com\/wp-content\/uploads\/web-IMG_0805-1-263x300.jpg 263w\" sizes=\"auto, (max-width: 480px) 85vw, 480px\" \/><figcaption class=\"wp-element-caption\">&#8222;El sufrimiento&#8220;, tinta sobre papel, 30 x 40cm, 1979<\/figcaption><\/figure><\/div><\/div>\n\n\n\n<div class=\"wp-block-column is-layout-flow wp-block-column-is-layout-flow\"><div class=\"wp-block-image\">\n<figure class=\"aligncenter size-full\"><img loading=\"lazy\" decoding=\"async\" width=\"480\" height=\"630\" src=\"https:\/\/raulavellaneda.com\/wp-content\/uploads\/web-IMG_0804-1.jpg\" alt=\"\" class=\"wp-image-2889\" srcset=\"https:\/\/raulavellaneda.com\/wp-content\/uploads\/web-IMG_0804-1.jpg 480w, https:\/\/raulavellaneda.com\/wp-content\/uploads\/web-IMG_0804-1-229x300.jpg 229w\" sizes=\"auto, (max-width: 480px) 85vw, 480px\" \/><figcaption class=\"wp-element-caption\">&#8222;Mari\u00e1tegui&#8220;, tinta sobre papel, 30 x 40cm, 1979<\/figcaption><\/figure><\/div><\/div>\n<\/div>\n\n\n\n<div style=\"height:120px\" aria-hidden=\"true\" class=\"wp-block-spacer\"><\/div>\n\n\n<div class=\"wp-block-image\">\n<figure class=\"aligncenter size-full\"><img loading=\"lazy\" decoding=\"async\" width=\"480\" height=\"617\" src=\"https:\/\/raulavellaneda.com\/wp-content\/uploads\/web-IMG_0824-2.jpg\" alt=\"\" class=\"wp-image-4975\" srcset=\"https:\/\/raulavellaneda.com\/wp-content\/uploads\/web-IMG_0824-2.jpg 480w, https:\/\/raulavellaneda.com\/wp-content\/uploads\/web-IMG_0824-2-233x300.jpg 233w\" sizes=\"auto, (max-width: 480px) 85vw, 480px\" \/><figcaption class=\"wp-element-caption\">&#8222;La Luna de Obrajillo&#8220;, carb\u00f3n sobre papel, 50 x 65cm, 1979<\/figcaption><\/figure><\/div>\n\n\n<div style=\"height:120px\" aria-hidden=\"true\" class=\"wp-block-spacer\"><\/div>\n\n\n<div class=\"wp-block-image\">\n<figure class=\"aligncenter size-full\"><img loading=\"lazy\" decoding=\"async\" width=\"480\" height=\"627\" src=\"https:\/\/raulavellaneda.com\/wp-content\/uploads\/web-IMG_0609-6.jpg\" alt=\"\" class=\"wp-image-4998\" srcset=\"https:\/\/raulavellaneda.com\/wp-content\/uploads\/web-IMG_0609-6.jpg 480w, https:\/\/raulavellaneda.com\/wp-content\/uploads\/web-IMG_0609-6-230x300.jpg 230w\" sizes=\"auto, (max-width: 480px) 85vw, 480px\" \/><figcaption class=\"wp-element-caption\">&#8222;Mi futuro&#8220;, carb\u00f3n sobre papel, 21,5 x 28cm, 1979<\/figcaption><\/figure><\/div>\n\n\n<div style=\"height:120px\" aria-hidden=\"true\" class=\"wp-block-spacer\"><\/div>\n\n\n<div class=\"wp-block-image\">\n<figure class=\"aligncenter size-full\"><img loading=\"lazy\" decoding=\"async\" width=\"480\" height=\"578\" src=\"https:\/\/raulavellaneda.com\/wp-content\/uploads\/web-Pasajero-1979-acrilico-sobre-carton-98-x-123cm-1-1.jpg\" alt=\"\" class=\"wp-image-2892\" srcset=\"https:\/\/raulavellaneda.com\/wp-content\/uploads\/web-Pasajero-1979-acrilico-sobre-carton-98-x-123cm-1-1.jpg 480w, https:\/\/raulavellaneda.com\/wp-content\/uploads\/web-Pasajero-1979-acrilico-sobre-carton-98-x-123cm-1-1-249x300.jpg 249w\" sizes=\"auto, (max-width: 480px) 85vw, 480px\" \/><figcaption class=\"wp-element-caption\">&#8222;Pasajero indeseado&#8220;, pigmentos sobre cart\u00f3n y pasta acri\u00edca, 98 x 123cm, 1980<\/figcaption><\/figure><\/div>\n\n\n<div style=\"height:100px\" aria-hidden=\"true\" class=\"wp-block-spacer\"><\/div>\n\n\n\n<figure class=\"wp-block-image size-full\"><img loading=\"lazy\" decoding=\"async\" width=\"840\" height=\"590\" src=\"https:\/\/raulavellaneda.com\/wp-content\/uploads\/web-Viaje-por-Lima-1979-oleo-sobre-papel-95-x-66cm-2.jpg\" alt=\"\" class=\"wp-image-5002\" srcset=\"https:\/\/raulavellaneda.com\/wp-content\/uploads\/web-Viaje-por-Lima-1979-oleo-sobre-papel-95-x-66cm-2.jpg 840w, https:\/\/raulavellaneda.com\/wp-content\/uploads\/web-Viaje-por-Lima-1979-oleo-sobre-papel-95-x-66cm-2-300x211.jpg 300w, https:\/\/raulavellaneda.com\/wp-content\/uploads\/web-Viaje-por-Lima-1979-oleo-sobre-papel-95-x-66cm-2-768x539.jpg 768w\" sizes=\"auto, (max-width: 709px) 85vw, (max-width: 909px) 67vw, (max-width: 1362px) 62vw, 840px\" \/><figcaption class=\"wp-element-caption\">&#8222;Viaje por la capital&#8220;, \u00f3leo sobre papel, 95 x 66cm, 1980<\/figcaption><\/figure>\n\n\n\n<div style=\"height:120px\" aria-hidden=\"true\" class=\"wp-block-spacer\"><\/div>\n\n\n<div class=\"wp-block-image\">\n<figure class=\"aligncenter size-full\"><img loading=\"lazy\" decoding=\"async\" width=\"840\" height=\"601\" src=\"https:\/\/raulavellaneda.com\/wp-content\/uploads\/web-IMG_0903-665-x-477cm-.jpg\" alt=\"\" class=\"wp-image-4977\" srcset=\"https:\/\/raulavellaneda.com\/wp-content\/uploads\/web-IMG_0903-665-x-477cm-.jpg 840w, https:\/\/raulavellaneda.com\/wp-content\/uploads\/web-IMG_0903-665-x-477cm--300x215.jpg 300w, https:\/\/raulavellaneda.com\/wp-content\/uploads\/web-IMG_0903-665-x-477cm--768x549.jpg 768w\" sizes=\"auto, (max-width: 709px) 85vw, (max-width: 909px) 67vw, (max-width: 1362px) 62vw, 840px\" \/><figcaption class=\"wp-element-caption\">&#8222;Aquelarre&#8220;, \u00f3leo sobre cart\u00f3n, 66,5 x 47,7 cm, 1979<\/figcaption><\/figure><\/div>\n\n\n<div style=\"height:120px\" aria-hidden=\"true\" class=\"wp-block-spacer\"><\/div>\n\n\n<div class=\"wp-block-image\">\n<figure class=\"aligncenter size-full\"><img loading=\"lazy\" decoding=\"async\" width=\"480\" height=\"647\" src=\"https:\/\/raulavellaneda.com\/wp-content\/uploads\/web-Familia-linda-1980-Acrilico-sobre-tela-53-x-71cm-2.jpg\" alt=\"\" class=\"wp-image-2893\" srcset=\"https:\/\/raulavellaneda.com\/wp-content\/uploads\/web-Familia-linda-1980-Acrilico-sobre-tela-53-x-71cm-2.jpg 480w, https:\/\/raulavellaneda.com\/wp-content\/uploads\/web-Familia-linda-1980-Acrilico-sobre-tela-53-x-71cm-2-223x300.jpg 223w\" sizes=\"auto, (max-width: 480px) 85vw, 480px\" \/><figcaption class=\"wp-element-caption\">&#8222;Familia bonita&#8220;, acr\u00edlico sobre lienzo, 50 x 60cm, 1981<\/figcaption><\/figure><\/div>\n\n\n<div style=\"height:120px\" aria-hidden=\"true\" class=\"wp-block-spacer\"><\/div>\n\n\n<div class=\"wp-block-image\">\n<figure class=\"aligncenter size-full\"><img loading=\"lazy\" decoding=\"async\" width=\"480\" height=\"608\" src=\"https:\/\/raulavellaneda.com\/wp-content\/uploads\/web-Me-agarraron-1981-oleo-sobre-tela-59-x-74cm-.jpg\" alt=\"\" class=\"wp-image-2050\" srcset=\"https:\/\/raulavellaneda.com\/wp-content\/uploads\/web-Me-agarraron-1981-oleo-sobre-tela-59-x-74cm-.jpg 480w, https:\/\/raulavellaneda.com\/wp-content\/uploads\/web-Me-agarraron-1981-oleo-sobre-tela-59-x-74cm--237x300.jpg 237w\" sizes=\"auto, (max-width: 480px) 85vw, 480px\" \/><figcaption class=\"wp-element-caption\">&#8222;Ellos lo hicieron conmigo&#8220;, \u00f3leo sobre lienzo, 59 x 79cm, 1981<\/figcaption><\/figure><\/div>\n\n\n<div style=\"height:120px\" aria-hidden=\"true\" class=\"wp-block-spacer\"><\/div>\n\n\n\n<figure class=\"wp-block-image size-full\"><img loading=\"lazy\" decoding=\"async\" width=\"840\" height=\"380\" src=\"https:\/\/raulavellaneda.com\/wp-content\/uploads\/web-EL-AMOR-1.jpg\" alt=\"\" class=\"wp-image-2010\" srcset=\"https:\/\/raulavellaneda.com\/wp-content\/uploads\/web-EL-AMOR-1.jpg 840w, https:\/\/raulavellaneda.com\/wp-content\/uploads\/web-EL-AMOR-1-300x136.jpg 300w, https:\/\/raulavellaneda.com\/wp-content\/uploads\/web-EL-AMOR-1-768x347.jpg 768w\" sizes=\"auto, (max-width: 709px) 85vw, (max-width: 909px) 67vw, (max-width: 1362px) 62vw, 840px\" \/><figcaption class=\"wp-element-caption\">&#8222;La lujuria, el amor y la raz\u00f3n&#8220;, tr\u00edptico, \u00f3leo sobre lienzo, 192 x 85cm, 1981<\/figcaption><\/figure>\n\n\n\n<div style=\"height:120px\" aria-hidden=\"true\" class=\"wp-block-spacer\"><\/div>\n\n\n<div class=\"wp-block-image\">\n<figure class=\"aligncenter size-full\"><img loading=\"lazy\" decoding=\"async\" width=\"480\" height=\"701\" src=\"https:\/\/raulavellaneda.com\/wp-content\/uploads\/web-Bien-educado-1981-oleo-sobre-tela-63-x-90cm-1.jpg\" alt=\"\" class=\"wp-image-2894\" srcset=\"https:\/\/raulavellaneda.com\/wp-content\/uploads\/web-Bien-educado-1981-oleo-sobre-tela-63-x-90cm-1.jpg 480w, https:\/\/raulavellaneda.com\/wp-content\/uploads\/web-Bien-educado-1981-oleo-sobre-tela-63-x-90cm-1-205x300.jpg 205w\" sizes=\"auto, (max-width: 480px) 85vw, 480px\" \/><figcaption class=\"wp-element-caption\">&#8222;Bien educado&#8220;, \u00f3leo sobre lienzo, 63 x 90cm, 1981<\/figcaption><\/figure><\/div>\n\n\n<div style=\"height:120px\" aria-hidden=\"true\" class=\"wp-block-spacer\"><\/div>\n\n\n<div class=\"wp-block-image\">\n<figure class=\"aligncenter size-full\"><img loading=\"lazy\" decoding=\"async\" width=\"480\" height=\"682\" src=\"https:\/\/raulavellaneda.com\/wp-content\/uploads\/web-Soledad-1981-oleo-sobre-tela-63-x-90cm-1-1.jpg\" alt=\"\" class=\"wp-image-5000\" srcset=\"https:\/\/raulavellaneda.com\/wp-content\/uploads\/web-Soledad-1981-oleo-sobre-tela-63-x-90cm-1-1.jpg 480w, https:\/\/raulavellaneda.com\/wp-content\/uploads\/web-Soledad-1981-oleo-sobre-tela-63-x-90cm-1-1-211x300.jpg 211w\" sizes=\"auto, (max-width: 480px) 85vw, 480px\" \/><figcaption class=\"wp-element-caption\">&#8222;La soledad&#8220;, \u00d3leo sobre lienzo, 63 x 90cm, 1981<\/figcaption><\/figure><\/div>\n\n\n<div style=\"height:120px\" aria-hidden=\"true\" class=\"wp-block-spacer\"><\/div>\n\n\n<div class=\"wp-block-image\">\n<figure class=\"aligncenter size-full\"><img loading=\"lazy\" decoding=\"async\" width=\"480\" height=\"656\" src=\"https:\/\/raulavellaneda.com\/wp-content\/uploads\/web-IMG_0590-1.jpg\" alt=\"\" class=\"wp-image-5004\" srcset=\"https:\/\/raulavellaneda.com\/wp-content\/uploads\/web-IMG_0590-1.jpg 480w, https:\/\/raulavellaneda.com\/wp-content\/uploads\/web-IMG_0590-1-220x300.jpg 220w\" sizes=\"auto, (max-width: 480px) 85vw, 480px\" \/><figcaption class=\"wp-element-caption\">&#8222;Grito suave&#8220;, \u00d3leo sobre lienzo, 59 x 79cm, 1981<\/figcaption><\/figure><\/div>\n\n\n<div style=\"height:120px\" aria-hidden=\"true\" class=\"wp-block-spacer\"><\/div>\n\n\n<div class=\"wp-block-image\">\n<figure class=\"aligncenter size-full\"><img loading=\"lazy\" decoding=\"async\" width=\"480\" height=\"700\" src=\"https:\/\/raulavellaneda.com\/wp-content\/uploads\/web-IMG_0727.jpg\" alt=\"\" class=\"wp-image-4987\" srcset=\"https:\/\/raulavellaneda.com\/wp-content\/uploads\/web-IMG_0727.jpg 480w, https:\/\/raulavellaneda.com\/wp-content\/uploads\/web-IMG_0727-206x300.jpg 206w\" sizes=\"auto, (max-width: 480px) 85vw, 480px\" \/><figcaption class=\"wp-element-caption\">&#8222;Mi d\u00eda&#8220;, \u00f3leo sobre lienzo, 98 x 139cm, 1981<\/figcaption><\/figure><\/div>\n\n\n<div style=\"height:120px\" aria-hidden=\"true\" class=\"wp-block-spacer\"><\/div>\n\n\n<div class=\"wp-block-image\">\n<figure class=\"aligncenter size-full\"><img loading=\"lazy\" decoding=\"async\" width=\"480\" height=\"694\" src=\"https:\/\/raulavellaneda.com\/wp-content\/uploads\/web-IMG_0728-1.jpg\" alt=\"\" class=\"wp-image-4994\" srcset=\"https:\/\/raulavellaneda.com\/wp-content\/uploads\/web-IMG_0728-1.jpg 480w, https:\/\/raulavellaneda.com\/wp-content\/uploads\/web-IMG_0728-1-207x300.jpg 207w\" sizes=\"auto, (max-width: 480px) 85vw, 480px\" \/><figcaption class=\"wp-element-caption\">&#8222;Estoy limpio&#8220;, \u00f3leo sobre lienzo, 98 x 139cm, 1981<\/figcaption><\/figure><\/div>\n\n\n<div style=\"height:120px\" aria-hidden=\"true\" class=\"wp-block-spacer\"><\/div>\n\n\n\n<figure class=\"wp-block-image size-full\"><img loading=\"lazy\" decoding=\"async\" width=\"840\" height=\"726\" src=\"https:\/\/raulavellaneda.com\/wp-content\/uploads\/web-IMG_0818-1.jpg\" alt=\"\" class=\"wp-image-4983\" srcset=\"https:\/\/raulavellaneda.com\/wp-content\/uploads\/web-IMG_0818-1.jpg 840w, https:\/\/raulavellaneda.com\/wp-content\/uploads\/web-IMG_0818-1-300x259.jpg 300w, https:\/\/raulavellaneda.com\/wp-content\/uploads\/web-IMG_0818-1-768x664.jpg 768w\" sizes=\"auto, (max-width: 709px) 85vw, (max-width: 909px) 67vw, (max-width: 1362px) 62vw, 840px\" \/><figcaption class=\"wp-element-caption\">&#8222;El encuentro&#8220;, acr\u00edlico sobre papel, 47 x 41cm, 1982<\/figcaption><\/figure>\n\n\n\n<div style=\"height:120px\" aria-hidden=\"true\" class=\"wp-block-spacer\"><\/div>\n\n\n<div class=\"wp-block-image\">\n<figure class=\"aligncenter size-full\"><img loading=\"lazy\" decoding=\"async\" width=\"480\" height=\"620\" src=\"https:\/\/raulavellaneda.com\/wp-content\/uploads\/web-IMG_0822-1.jpg\" alt=\"\" class=\"wp-image-4984\" srcset=\"https:\/\/raulavellaneda.com\/wp-content\/uploads\/web-IMG_0822-1.jpg 480w, https:\/\/raulavellaneda.com\/wp-content\/uploads\/web-IMG_0822-1-232x300.jpg 232w\" sizes=\"auto, (max-width: 480px) 85vw, 480px\" \/><figcaption class=\"wp-element-caption\">&#8222;Trinidad I&#8220;, acr\u00edlico sobre papel, 50,5 x 66,5cm, 1982<\/figcaption><\/figure><\/div>\n\n\n<div style=\"height:120px\" aria-hidden=\"true\" class=\"wp-block-spacer\"><\/div>\n\n\n<div class=\"wp-block-image\">\n<figure class=\"aligncenter size-full\"><img loading=\"lazy\" decoding=\"async\" width=\"480\" height=\"695\" src=\"https:\/\/raulavellaneda.com\/wp-content\/uploads\/web-IMG_0886-565-x-83-cm.jpg\" alt=\"\" class=\"wp-image-4978\" srcset=\"https:\/\/raulavellaneda.com\/wp-content\/uploads\/web-IMG_0886-565-x-83-cm.jpg 480w, https:\/\/raulavellaneda.com\/wp-content\/uploads\/web-IMG_0886-565-x-83-cm-207x300.jpg 207w\" sizes=\"auto, (max-width: 480px) 85vw, 480px\" \/><figcaption class=\"wp-element-caption\">&#8222;Placer&#8220;, carb\u00f3n sobre papel, 56,5 x 83cm, 1982<\/figcaption><\/figure><\/div>\n\n\n<div style=\"height:120px\" aria-hidden=\"true\" class=\"wp-block-spacer\"><\/div>\n\n\n<div class=\"wp-block-image\">\n<figure class=\"aligncenter size-full\"><img loading=\"lazy\" decoding=\"async\" width=\"480\" height=\"722\" src=\"https:\/\/raulavellaneda.com\/wp-content\/uploads\/web-IMG_0887-565-x-865-cm.jpg\" alt=\"\" class=\"wp-image-4979\" srcset=\"https:\/\/raulavellaneda.com\/wp-content\/uploads\/web-IMG_0887-565-x-865-cm.jpg 480w, https:\/\/raulavellaneda.com\/wp-content\/uploads\/web-IMG_0887-565-x-865-cm-199x300.jpg 199w\" sizes=\"auto, (max-width: 480px) 85vw, 480px\" \/><figcaption class=\"wp-element-caption\">&#8222;Noche elevada en dedos y ra\u00edces&#8220;, carb\u00f3n sobre papel, 56,5 x 86,5cm, 1982<\/figcaption><\/figure><\/div>\n\n\n<div style=\"height:120px\" aria-hidden=\"true\" class=\"wp-block-spacer\"><\/div>\n\n\n<div class=\"wp-block-image\">\n<figure class=\"aligncenter size-full\"><img loading=\"lazy\" decoding=\"async\" width=\"480\" height=\"634\" src=\"https:\/\/raulavellaneda.com\/wp-content\/uploads\/web-IMG_0734-1.jpg\" alt=\"\" class=\"wp-image-4982\" srcset=\"https:\/\/raulavellaneda.com\/wp-content\/uploads\/web-IMG_0734-1.jpg 480w, https:\/\/raulavellaneda.com\/wp-content\/uploads\/web-IMG_0734-1-227x300.jpg 227w\" sizes=\"auto, (max-width: 480px) 85vw, 480px\" \/><figcaption class=\"wp-element-caption\">&#8222;Apocalipsis&#8220;, carb\u00f3n sobre papel, 110 x 145cm, 1982<\/figcaption><\/figure><\/div>\n\n\n<div style=\"height:120px\" aria-hidden=\"true\" class=\"wp-block-spacer\"><\/div>\n\n\n<div class=\"wp-block-image\">\n<figure class=\"aligncenter size-full\"><img loading=\"lazy\" decoding=\"async\" width=\"480\" height=\"839\" src=\"https:\/\/raulavellaneda.com\/wp-content\/uploads\/web-IMG_0888-455-x-89-cm.jpg\" alt=\"\" class=\"wp-image-4980\" srcset=\"https:\/\/raulavellaneda.com\/wp-content\/uploads\/web-IMG_0888-455-x-89-cm.jpg 480w, https:\/\/raulavellaneda.com\/wp-content\/uploads\/web-IMG_0888-455-x-89-cm-172x300.jpg 172w\" sizes=\"auto, (max-width: 480px) 85vw, 480px\" \/><figcaption class=\"wp-element-caption\">&#8222;Mi retrato&#8220;, carb\u00f3n sobre papel, 45,5 x 89cm, 1982<\/figcaption><\/figure><\/div>\n\n\n<div style=\"height:120px\" aria-hidden=\"true\" class=\"wp-block-spacer\"><\/div>\n\n\n<div class=\"wp-block-image\">\n<figure class=\"aligncenter size-full is-resized\"><img loading=\"lazy\" decoding=\"async\" width=\"480\" height=\"616\" src=\"https:\/\/raulavellaneda.com\/wp-content\/uploads\/web-IMG_0611.jpg\" alt=\"\" class=\"wp-image-4985\" style=\"width:482px;height:auto\" srcset=\"https:\/\/raulavellaneda.com\/wp-content\/uploads\/web-IMG_0611.jpg 480w, https:\/\/raulavellaneda.com\/wp-content\/uploads\/web-IMG_0611-234x300.jpg 234w\" sizes=\"auto, (max-width: 480px) 85vw, 480px\" \/><figcaption class=\"wp-element-caption\">&#8222;No s\u00f3lo de  vida vive el hombre&#8220;, carb\u00f3n sobre papel, 100 x 135cm 1982<\/figcaption><\/figure><\/div>\n\n\n<div style=\"height:120px\" aria-hidden=\"true\" class=\"wp-block-spacer\"><\/div>\n\n\n\n<figure class=\"wp-block-image size-full\"><img loading=\"lazy\" decoding=\"async\" width=\"840\" height=\"711\" src=\"https:\/\/raulavellaneda.com\/wp-content\/uploads\/web-IMG_0729-3.jpg\" alt=\"\" class=\"wp-image-4991\" srcset=\"https:\/\/raulavellaneda.com\/wp-content\/uploads\/web-IMG_0729-3.jpg 840w, https:\/\/raulavellaneda.com\/wp-content\/uploads\/web-IMG_0729-3-300x254.jpg 300w, https:\/\/raulavellaneda.com\/wp-content\/uploads\/web-IMG_0729-3-768x650.jpg 768w\" sizes=\"auto, (max-width: 709px) 85vw, (max-width: 909px) 67vw, (max-width: 1362px) 62vw, 840px\" \/><figcaption class=\"wp-element-caption\">&#8222;La virginidad de los santos&#8220;, carb\u00f3n y tiza sobre papel, 1982<\/figcaption><\/figure>\n\n\n\n<div style=\"height:10px\" aria-hidden=\"true\" class=\"wp-block-spacer\"><\/div>\n\n\n\n<p class=\"has-text-align-center has-medium-font-size\"><a href=\"https:\/\/raulavellaneda.com\/?page_id=1337\">obras<\/a><\/p>\n","protected":false},"excerpt":{"rendered":"<p>&#8222;Me di cuenta de que, dadas las circunstancias, no tendr\u00eda ninguna oportunidad de seguir desarrollando mi aut\u00e9ntica b\u00fasqueda art\u00edstica interior. La frustraci\u00f3n se extendi\u00f3 por mi alma y me llev\u00f3 a la desesperaci\u00f3n interior&#8220;. obras<\/p>\n","protected":false},"author":1,"featured_media":0,"parent":0,"menu_order":0,"comment_status":"closed","ping_status":"closed","template":"","meta":{"footnotes":""},"class_list":["post-2008","page","type-page","status-publish","hentry"],"_links":{"self":[{"href":"https:\/\/raulavellaneda.com\/index.php?rest_route=\/wp\/v2\/pages\/2008","targetHints":{"allow":["GET"]}}],"collection":[{"href":"https:\/\/raulavellaneda.com\/index.php?rest_route=\/wp\/v2\/pages"}],"about":[{"href":"https:\/\/raulavellaneda.com\/index.php?rest_route=\/wp\/v2\/types\/page"}],"author":[{"embeddable":true,"href":"https:\/\/raulavellaneda.com\/index.php?rest_route=\/wp\/v2\/users\/1"}],"replies":[{"embeddable":true,"href":"https:\/\/raulavellaneda.com\/index.php?rest_route=%2Fwp%2Fv2%2Fcomments&post=2008"}],"version-history":[{"count":59,"href":"https:\/\/raulavellaneda.com\/index.php?rest_route=\/wp\/v2\/pages\/2008\/revisions"}],"predecessor-version":[{"id":5634,"href":"https:\/\/raulavellaneda.com\/index.php?rest_route=\/wp\/v2\/pages\/2008\/revisions\/5634"}],"wp:attachment":[{"href":"https:\/\/raulavellaneda.com\/index.php?rest_route=%2Fwp%2Fv2%2Fmedia&parent=2008"}],"curies":[{"name":"wp","href":"https:\/\/api.w.org\/{rel}","templated":true}]}}