{"id":2191,"date":"2023-12-07T22:45:39","date_gmt":"2023-12-07T21:45:39","guid":{"rendered":"http:\/\/raulavellaneda.com\/?page_id=2191"},"modified":"2024-07-30T22:22:25","modified_gmt":"2024-07-30T20:22:25","slug":"die-unbefriedigte-los-insaciables","status":"publish","type":"page","link":"https:\/\/raulavellaneda.com\/?page_id=2191","title":{"rendered":"&#8222;Los insaciables&#8220;"},"content":{"rendered":"\n<div style=\"height:20px\" aria-hidden=\"true\" class=\"wp-block-spacer\"><\/div>\n\n\n\n<p><em><em>&#8222;Lima y sus insatisfacci\u00f3ne<\/em><\/em>s<em><em> me complicaron la vida: La falsa moral, las creencias degeneradas, la persecuci\u00f3n y la tortura, fueron experiencias cotidianas para m\u00ed en la capital metropolitana del Per\u00fa&#8220;.<\/em><\/em><\/p>\n\n\n\n<div style=\"height:20px\" aria-hidden=\"true\" class=\"wp-block-spacer\"><\/div>\n\n\n<div class=\"wp-block-image\">\n<figure class=\"aligncenter size-full\"><img loading=\"lazy\" decoding=\"async\" width=\"469\" height=\"598\" src=\"https:\/\/raulavellaneda.com\/wp-content\/uploads\/web-IMG_0782-3.jpg\" alt=\"\" class=\"wp-image-4171\" srcset=\"https:\/\/raulavellaneda.com\/wp-content\/uploads\/web-IMG_0782-3.jpg 469w, https:\/\/raulavellaneda.com\/wp-content\/uploads\/web-IMG_0782-3-235x300.jpg 235w\" sizes=\"auto, (max-width: 469px) 85vw, 469px\" \/><figcaption class=\"wp-element-caption\">&#8222;Los insaciables&#8220; I, collage con carboncillo y tiza pastel sobre papel, 34,5 x 44,5 cm, 1983<\/figcaption><\/figure><\/div>\n\n\n<div style=\"height:120px\" aria-hidden=\"true\" class=\"wp-block-spacer\"><\/div>\n\n\n<div class=\"wp-block-image\">\n<figure class=\"aligncenter size-full\"><img loading=\"lazy\" decoding=\"async\" width=\"480\" height=\"613\" src=\"https:\/\/raulavellaneda.com\/wp-content\/uploads\/web.IMG_0761-2.jpg\" alt=\"\" class=\"wp-image-4177\" srcset=\"https:\/\/raulavellaneda.com\/wp-content\/uploads\/web.IMG_0761-2.jpg 480w, https:\/\/raulavellaneda.com\/wp-content\/uploads\/web.IMG_0761-2-235x300.jpg 235w\" sizes=\"auto, (max-width: 480px) 85vw, 480px\" \/><figcaption class=\"wp-element-caption\">&#8222;Los insaciables&#8220; II, collage con carboncillo y tiza pastel sobre papel, 34,5 x 44,5 cm, 1983<\/figcaption><\/figure><\/div>\n\n\n<div style=\"height:120px\" aria-hidden=\"true\" class=\"wp-block-spacer\"><\/div>\n\n\n\n<div class=\"wp-block-columns is-layout-flex wp-container-core-columns-is-layout-1 wp-block-columns-is-layout-flex\">\n<div class=\"wp-block-column is-layout-flow wp-block-column-is-layout-flow\" style=\"flex-basis:50%\"><div class=\"wp-block-image\">\n<figure class=\"aligncenter size-full is-resized\"><img loading=\"lazy\" decoding=\"async\" width=\"480\" height=\"615\" src=\"https:\/\/raulavellaneda.com\/wp-content\/uploads\/web.IMG_0757-1.jpg\" alt=\"\" class=\"wp-image-4174\" style=\"width:286px;height:auto\" srcset=\"https:\/\/raulavellaneda.com\/wp-content\/uploads\/web.IMG_0757-1.jpg 480w, https:\/\/raulavellaneda.com\/wp-content\/uploads\/web.IMG_0757-1-234x300.jpg 234w\" sizes=\"auto, (max-width: 480px) 85vw, 480px\" \/><figcaption class=\"wp-element-caption\">&#8222;Santa Rosa I&#8220; (Venid todos, hoy hay leche del Se\u00f1or), bol\u00edgrafo y tiza pastel sobre papel, 34,5 x 44,5 cm, 1983<\/figcaption><\/figure><\/div><\/div>\n\n\n\n<div class=\"wp-block-column is-layout-flow wp-block-column-is-layout-flow\" style=\"flex-basis:50%\"><div class=\"wp-block-image\">\n<figure class=\"aligncenter size-full is-resized\"><img loading=\"lazy\" decoding=\"async\" width=\"480\" height=\"611\" src=\"https:\/\/raulavellaneda.com\/wp-content\/uploads\/web.IMG_0756-2.jpg\" alt=\"\" class=\"wp-image-4175\" style=\"width:480px\" srcset=\"https:\/\/raulavellaneda.com\/wp-content\/uploads\/web.IMG_0756-2.jpg 480w, https:\/\/raulavellaneda.com\/wp-content\/uploads\/web.IMG_0756-2-236x300.jpg 236w\" sizes=\"auto, (max-width: 480px) 85vw, 480px\" \/><figcaption class=\"wp-element-caption\">De la serie &#8222;Santa Rosa II&#8220; (\u00a1Se\u00f1or! Me he lavado. \u00bfVoy a entrar en tu reino?), Carb\u00f3n y tiza pastel sobre papel, 34,5 x 44,5 cm, 1983<\/figcaption><\/figure><\/div><\/div>\n<\/div>\n\n\n\n<div style=\"height:120px\" aria-hidden=\"true\" class=\"wp-block-spacer\"><\/div>\n\n\n\n<div class=\"wp-block-columns is-layout-flex wp-container-core-columns-is-layout-2 wp-block-columns-is-layout-flex\">\n<div class=\"wp-block-column is-layout-flow wp-block-column-is-layout-flow\"><div class=\"wp-block-image\">\n<figure class=\"aligncenter size-full is-resized\"><img loading=\"lazy\" decoding=\"async\" width=\"461\" height=\"578\" src=\"https:\/\/raulavellaneda.com\/wp-content\/uploads\/web.IMG_0759-1.jpg\" alt=\"\" class=\"wp-image-4178\" style=\"width:246px;height:auto\" srcset=\"https:\/\/raulavellaneda.com\/wp-content\/uploads\/web.IMG_0759-1.jpg 461w, https:\/\/raulavellaneda.com\/wp-content\/uploads\/web.IMG_0759-1-239x300.jpg 239w\" sizes=\"auto, (max-width: 461px) 85vw, 461px\" \/><figcaption class=\"wp-element-caption\">&#8222;Los Insatisfechos&#8220; III (Estoy aburrido), l\u00e1piz de carb\u00f3n y tiza pastel sobre papel, 27 x 34,2 cm, 1983<\/figcaption><\/figure><\/div><\/div>\n\n\n\n<div class=\"wp-block-column is-layout-flow wp-block-column-is-layout-flow\"><div class=\"wp-block-image\">\n<figure class=\"aligncenter size-full is-resized\"><img loading=\"lazy\" decoding=\"async\" width=\"480\" height=\"604\" src=\"https:\/\/raulavellaneda.com\/wp-content\/uploads\/web.IMG_0760-1.jpg\" alt=\"\" class=\"wp-image-4180\" style=\"width:416px;height:auto\" srcset=\"https:\/\/raulavellaneda.com\/wp-content\/uploads\/web.IMG_0760-1.jpg 480w, https:\/\/raulavellaneda.com\/wp-content\/uploads\/web.IMG_0760-1-238x300.jpg 238w\" sizes=\"auto, (max-width: 480px) 85vw, 480px\" \/><figcaption class=\"wp-element-caption\">&#8222;Los Insatisfechos&#8220; IV (Salta, salta la langosta), carboncillo y tiza pastel sobre papel, 27 x 34,2 cm, 1983<\/figcaption><\/figure><\/div><\/div>\n<\/div>\n\n\n\n<div style=\"height:120px\" aria-hidden=\"true\" class=\"wp-block-spacer\"><\/div>\n\n\n<div class=\"wp-block-image\">\n<figure class=\"aligncenter size-full\"><img loading=\"lazy\" decoding=\"async\" width=\"460\" height=\"565\" src=\"https:\/\/raulavellaneda.com\/wp-content\/uploads\/web-IMG_0790-2.jpg\" alt=\"\" class=\"wp-image-4182\" srcset=\"https:\/\/raulavellaneda.com\/wp-content\/uploads\/web-IMG_0790-2.jpg 460w, https:\/\/raulavellaneda.com\/wp-content\/uploads\/web-IMG_0790-2-244x300.jpg 244w\" sizes=\"auto, (max-width: 460px) 85vw, 460px\" \/><figcaption class=\"wp-element-caption\">De la serie &#8222;Los Insatisfechos&#8220; V, carboncillo y tiza pastel sobre papel, 27 x 34,4 cm, 1983<\/figcaption><\/figure><\/div>\n\n\n<div style=\"height:120px\" aria-hidden=\"true\" class=\"wp-block-spacer\"><\/div>\n\n\n<div class=\"wp-block-image\">\n<figure class=\"aligncenter size-full\"><img loading=\"lazy\" decoding=\"async\" width=\"475\" height=\"599\" src=\"https:\/\/raulavellaneda.com\/wp-content\/uploads\/web.IMG_0765-1.jpg\" alt=\"\" class=\"wp-image-4183\" srcset=\"https:\/\/raulavellaneda.com\/wp-content\/uploads\/web.IMG_0765-1.jpg 475w, https:\/\/raulavellaneda.com\/wp-content\/uploads\/web.IMG_0765-1-238x300.jpg 238w\" sizes=\"auto, (max-width: 475px) 85vw, 475px\" \/><figcaption class=\"wp-element-caption\">De la serie &#8222;Los Insatisfechos&#8220; VI, carboncillo y tiza pastel sobre papel, 27 x 34,4 cm, 1983<\/figcaption><\/figure><\/div>\n\n\n<div style=\"height:120px\" aria-hidden=\"true\" class=\"wp-block-spacer\"><\/div>\n\n\n\n<div class=\"wp-block-columns is-layout-flex wp-container-core-columns-is-layout-3 wp-block-columns-is-layout-flex\">\n<div class=\"wp-block-column is-layout-flow wp-block-column-is-layout-flow\" style=\"flex-basis:50%\">\n<figure class=\"wp-block-image size-full\"><img loading=\"lazy\" decoding=\"async\" width=\"480\" height=\"612\" src=\"https:\/\/raulavellaneda.com\/wp-content\/uploads\/web-IMG_0780.jpg\" alt=\"\" class=\"wp-image-2209\" srcset=\"https:\/\/raulavellaneda.com\/wp-content\/uploads\/web-IMG_0780.jpg 480w, https:\/\/raulavellaneda.com\/wp-content\/uploads\/web-IMG_0780-235x300.jpg 235w\" sizes=\"auto, (max-width: 480px) 85vw, 480px\" \/><figcaption class=\"wp-element-caption\">&#8222;Los Insatisfechos&#8220; VII, Carb\u00f3n sobre papel, 34,5 x 44,5 cm, 1983<\/figcaption><\/figure>\n<\/div>\n\n\n\n<div class=\"wp-block-column is-layout-flow wp-block-column-is-layout-flow\" style=\"flex-basis:50%\">\n<figure class=\"wp-block-image size-full\"><img loading=\"lazy\" decoding=\"async\" width=\"480\" height=\"613\" src=\"https:\/\/raulavellaneda.com\/wp-content\/uploads\/web-IMG_0781.jpg\" alt=\"\" class=\"wp-image-2210\" srcset=\"https:\/\/raulavellaneda.com\/wp-content\/uploads\/web-IMG_0781.jpg 480w, https:\/\/raulavellaneda.com\/wp-content\/uploads\/web-IMG_0781-235x300.jpg 235w\" sizes=\"auto, (max-width: 480px) 85vw, 480px\" \/><figcaption class=\"wp-element-caption\">&#8222;Die Unbefriedigt&#8220;Los Insatisfechos&#8220; VII, Carb\u00f3n sobre papel, 34,5 x 44,5 cm, 1983<\/figcaption><\/figure>\n<\/div>\n<\/div>\n\n\n\n<div style=\"height:120px\" aria-hidden=\"true\" class=\"wp-block-spacer\"><\/div>\n\n\n\n<h2 class=\"wp-block-heading has-small-font-size\">Del Breviario de Leonardo de Vinci, (ASH. I 32,v. ). <\/h2>\n\n\n\n<p><\/p>\n\n\n\n<div class=\"wp-block-columns is-layout-flex wp-container-core-columns-is-layout-4 wp-block-columns-is-layout-flex\">\n<div class=\"wp-block-column is-layout-flow wp-block-column-is-layout-flow\">\n<figure class=\"wp-block-image size-full\"><img loading=\"lazy\" decoding=\"async\" width=\"464\" height=\"688\" src=\"https:\/\/raulavellaneda.com\/wp-content\/uploads\/web.IMG_0753.jpg\" alt=\"\" class=\"wp-image-4184\" srcset=\"https:\/\/raulavellaneda.com\/wp-content\/uploads\/web.IMG_0753.jpg 464w, https:\/\/raulavellaneda.com\/wp-content\/uploads\/web.IMG_0753-202x300.jpg 202w\" sizes=\"auto, (max-width: 464px) 85vw, 464px\" \/><figcaption class=\"wp-element-caption\">De la serie &#8222;Los Insatisfechos&#8220;, &#8222;La lujuria es causa de generaci\u00f3n&#8220;, bol\u00edgrafo sobre papel, 31 x 46,5 cm, 1983<\/figcaption><\/figure>\n<\/div>\n\n\n\n<div class=\"wp-block-column is-layout-flow wp-block-column-is-layout-flow\">\n<figure class=\"wp-block-image size-full\"><img loading=\"lazy\" decoding=\"async\" width=\"460\" height=\"678\" src=\"https:\/\/raulavellaneda.com\/wp-content\/uploads\/web.IMG_0754.jpg\" alt=\"\" class=\"wp-image-4185\" srcset=\"https:\/\/raulavellaneda.com\/wp-content\/uploads\/web.IMG_0754.jpg 460w, https:\/\/raulavellaneda.com\/wp-content\/uploads\/web.IMG_0754-204x300.jpg 204w\" sizes=\"auto, (max-width: 460px) 85vw, 460px\" \/><figcaption class=\"wp-element-caption\">De la serie &#8222;Los Insatisfechos&#8220;, &#8222;La gula mantiene la vida&#8220; L\u00e1piz de carb\u00f3n sobre papel, 31 x 46,5 cm, 1983<\/figcaption><\/figure>\n<\/div>\n<\/div>\n\n\n\n<div class=\"wp-block-columns is-layout-flex wp-container-core-columns-is-layout-5 wp-block-columns-is-layout-flex\">\n<div class=\"wp-block-column is-layout-flow wp-block-column-is-layout-flow\">\n<figure class=\"wp-block-image size-full\"><img loading=\"lazy\" decoding=\"async\" width=\"460\" height=\"680\" src=\"https:\/\/raulavellaneda.com\/wp-content\/uploads\/web.IMG_0755.jpg\" alt=\"\" class=\"wp-image-4186\" srcset=\"https:\/\/raulavellaneda.com\/wp-content\/uploads\/web.IMG_0755.jpg 460w, https:\/\/raulavellaneda.com\/wp-content\/uploads\/web.IMG_0755-203x300.jpg 203w\" sizes=\"auto, (max-width: 460px) 85vw, 460px\" \/><figcaption class=\"wp-element-caption\">De la serie &#8222;Los Insatisfechos&#8220;, &#8222;El miedo o el temor la prolongan&#8220; L\u00e1piz de carb\u00f3n sobre papel, 31 x 46,5 cm, 1983<\/figcaption><\/figure>\n<\/div>\n\n\n\n<div class=\"wp-block-column is-layout-flow wp-block-column-is-layout-flow\">\n<figure class=\"wp-block-image size-full\"><img loading=\"lazy\" decoding=\"async\" width=\"472\" height=\"692\" src=\"https:\/\/raulavellaneda.com\/wp-content\/uploads\/web.IMG_0752.jpg\" alt=\"\" class=\"wp-image-4187\" srcset=\"https:\/\/raulavellaneda.com\/wp-content\/uploads\/web.IMG_0752.jpg 472w, https:\/\/raulavellaneda.com\/wp-content\/uploads\/web.IMG_0752-205x300.jpg 205w\" sizes=\"auto, (max-width: 472px) 85vw, 472px\" \/><figcaption class=\"wp-element-caption\">De la serie &#8222;Los Insatisfechos&#8220;, &#8222;El dolor es la salvaci\u00f3n del organismo&#8220; L\u00e1piz de carb\u00f3n sobre papel, 31 x 46,5 cm, 1983<\/figcaption><\/figure>\n<\/div>\n<\/div>\n\n\n\n<div style=\"height:120px\" aria-hidden=\"true\" class=\"wp-block-spacer\"><\/div>\n\n\n\n<figure class=\"wp-block-image size-full is-resized\"><img loading=\"lazy\" decoding=\"async\" width=\"840\" height=\"711\" src=\"https:\/\/raulavellaneda.com\/wp-content\/uploads\/web-IMG_0729-1.jpg\" alt=\"\" class=\"wp-image-2311\" style=\"width:818px;height:auto\" srcset=\"https:\/\/raulavellaneda.com\/wp-content\/uploads\/web-IMG_0729-1.jpg 840w, https:\/\/raulavellaneda.com\/wp-content\/uploads\/web-IMG_0729-1-300x254.jpg 300w, https:\/\/raulavellaneda.com\/wp-content\/uploads\/web-IMG_0729-1-768x650.jpg 768w\" sizes=\"auto, (max-width: 709px) 85vw, (max-width: 909px) 67vw, (max-width: 1362px) 62vw, 840px\" \/><figcaption class=\"wp-element-caption\">De la serie &#8222;Los Insatisfechos&#8220;, &#8222;Ni\u00f1o Jesusito&#8220;, carboncillo y tiza sobre papel de regalo, 1983<\/figcaption><\/figure>\n\n\n\n<div style=\"height:120px\" aria-hidden=\"true\" class=\"wp-block-spacer\"><\/div>\n\n\n<div class=\"wp-block-image\">\n<figure class=\"aligncenter size-full\"><img loading=\"lazy\" decoding=\"async\" width=\"840\" height=\"850\" src=\"https:\/\/raulavellaneda.com\/wp-content\/uploads\/web-IMG_0791.jpg\" alt=\"\" class=\"wp-image-4191\" srcset=\"https:\/\/raulavellaneda.com\/wp-content\/uploads\/web-IMG_0791.jpg 840w, https:\/\/raulavellaneda.com\/wp-content\/uploads\/web-IMG_0791-296x300.jpg 296w, https:\/\/raulavellaneda.com\/wp-content\/uploads\/web-IMG_0791-768x777.jpg 768w\" sizes=\"auto, (max-width: 709px) 85vw, (max-width: 909px) 67vw, (max-width: 1362px) 62vw, 840px\" \/><figcaption class=\"wp-element-caption\">De la serie &#8222;Los Insatisfechos&#8220;, &#8222;El c\u00edrculo vicioso&#8220;, Carb\u00f3n sobre papel de regalo, 45 x 45cm, 1983<\/figcaption><\/figure><\/div>\n\n\n<div style=\"height:120px\" aria-hidden=\"true\" class=\"wp-block-spacer\"><\/div>\n\n\n<div class=\"wp-block-image\">\n<figure class=\"aligncenter size-full\"><img loading=\"lazy\" decoding=\"async\" width=\"480\" height=\"625\" src=\"https:\/\/raulavellaneda.com\/wp-content\/uploads\/web-IMG_0810-1.jpg\" alt=\"\" class=\"wp-image-4193\" srcset=\"https:\/\/raulavellaneda.com\/wp-content\/uploads\/web-IMG_0810-1.jpg 480w, https:\/\/raulavellaneda.com\/wp-content\/uploads\/web-IMG_0810-1-230x300.jpg 230w\" sizes=\"auto, (max-width: 480px) 85vw, 480px\" \/><figcaption class=\"wp-element-caption\">&#8222;El Rey&#8220;, carb\u00f3n y recortes de peri\u00f3dico sobre papel, 24,5 x 32,4 cm, 1983<\/figcaption><\/figure><\/div>\n\n\n<div style=\"height:120px\" aria-hidden=\"true\" class=\"wp-block-spacer\"><\/div>\n\n\n<div class=\"wp-block-image\">\n<figure class=\"aligncenter size-full\"><img loading=\"lazy\" decoding=\"async\" width=\"480\" height=\"675\" src=\"https:\/\/raulavellaneda.com\/wp-content\/uploads\/web-IMG_0860.jpg\" alt=\"\" class=\"wp-image-4127\" srcset=\"https:\/\/raulavellaneda.com\/wp-content\/uploads\/web-IMG_0860.jpg 480w, https:\/\/raulavellaneda.com\/wp-content\/uploads\/web-IMG_0860-213x300.jpg 213w\" sizes=\"auto, (max-width: 480px) 85vw, 480px\" \/><figcaption class=\"wp-element-caption\">&#8222;sino te jodes&#8220;, fotocopias, carb\u00f3n y pastel sobre papel, 68 x 98 cm, 1983<\/figcaption><\/figure><\/div>\n\n\n<div style=\"height:120px\" aria-hidden=\"true\" class=\"wp-block-spacer\"><\/div>\n\n\n<div class=\"wp-block-image\">\n<figure class=\"aligncenter size-full\"><img loading=\"lazy\" decoding=\"async\" width=\"480\" height=\"628\" src=\"https:\/\/raulavellaneda.com\/wp-content\/uploads\/web-IMG_0889.jpg\" alt=\"\" class=\"wp-image-4128\" srcset=\"https:\/\/raulavellaneda.com\/wp-content\/uploads\/web-IMG_0889.jpg 480w, https:\/\/raulavellaneda.com\/wp-content\/uploads\/web-IMG_0889-229x300.jpg 229w\" sizes=\"auto, (max-width: 480px) 85vw, 480px\" \/><figcaption class=\"wp-element-caption\">&#8222;mi martirio&#8220;, fotocopias, carb\u00f3n y pastel sobre papel, 80 x 107,5 cm, 1983<\/figcaption><\/figure><\/div>\n\n<div class=\"wp-block-image\">\n<figure class=\"aligncenter size-large\"><img loading=\"lazy\" decoding=\"async\" width=\"682\" height=\"1024\" src=\"https:\/\/raulavellaneda.com\/wp-content\/uploads\/web-IMG_0891-682x1024.jpg\" alt=\"\" class=\"wp-image-4142\" srcset=\"https:\/\/raulavellaneda.com\/wp-content\/uploads\/web-IMG_0891-682x1024.jpg 682w, https:\/\/raulavellaneda.com\/wp-content\/uploads\/web-IMG_0891-200x300.jpg 200w, https:\/\/raulavellaneda.com\/wp-content\/uploads\/web-IMG_0891-768x1154.jpg 768w, https:\/\/raulavellaneda.com\/wp-content\/uploads\/web-IMG_0891.jpg 840w\" sizes=\"auto, (max-width: 682px) 85vw, 682px\" \/><figcaption class=\"wp-element-caption\">&#8222;mi martirio&#8220; (detalle), recortes, fotocopias, carb\u00f3n y pastel sobre papel, 80 x 107,5 cm, 1983<\/figcaption><\/figure><\/div>\n\n\n<div style=\"height:120px\" aria-hidden=\"true\" class=\"wp-block-spacer\"><\/div>\n\n\n<div class=\"wp-block-image\">\n<figure class=\"aligncenter size-full\"><img loading=\"lazy\" decoding=\"async\" width=\"480\" height=\"622\" src=\"https:\/\/raulavellaneda.com\/wp-content\/uploads\/web-IMG_0809-1.jpg\" alt=\"\" class=\"wp-image-4194\" srcset=\"https:\/\/raulavellaneda.com\/wp-content\/uploads\/web-IMG_0809-1.jpg 480w, https:\/\/raulavellaneda.com\/wp-content\/uploads\/web-IMG_0809-1-232x300.jpg 232w\" sizes=\"auto, (max-width: 480px) 85vw, 480px\" \/><figcaption class=\"wp-element-caption\">&#8222;La simp\u00e1tica&#8220;, fotocopia, papel peri\u00f3dico y acr\u00edlico sobre papel, 24,8 x 32,4 cm, 1983<\/figcaption><\/figure><\/div>\n\n\n<div style=\"height:120px\" aria-hidden=\"true\" class=\"wp-block-spacer\"><\/div>\n\n\n<div class=\"wp-block-image\">\n<figure class=\"aligncenter size-full\"><img loading=\"lazy\" decoding=\"async\" width=\"480\" height=\"664\" src=\"https:\/\/raulavellaneda.com\/wp-content\/uploads\/web-IMG_0881.jpg\" alt=\"\" class=\"wp-image-4130\" srcset=\"https:\/\/raulavellaneda.com\/wp-content\/uploads\/web-IMG_0881.jpg 480w, https:\/\/raulavellaneda.com\/wp-content\/uploads\/web-IMG_0881-217x300.jpg 217w\" sizes=\"auto, (max-width: 480px) 85vw, 480px\" \/><figcaption class=\"wp-element-caption\">&#8222;Te salvar\u00e9&#8220;, fotocopias, acr\u00edlico, pastel y purpurina sobre papel, 59,8 x 85,5 cm, 1983<\/figcaption><\/figure><\/div>\n\n<div class=\"wp-block-image\">\n<figure class=\"aligncenter size-large\"><img loading=\"lazy\" decoding=\"async\" width=\"682\" height=\"1024\" src=\"https:\/\/raulavellaneda.com\/wp-content\/uploads\/web-IMG_0882-682x1024.jpg\" alt=\"\" class=\"wp-image-4132\" srcset=\"https:\/\/raulavellaneda.com\/wp-content\/uploads\/web-IMG_0882-682x1024.jpg 682w, https:\/\/raulavellaneda.com\/wp-content\/uploads\/web-IMG_0882-200x300.jpg 200w, https:\/\/raulavellaneda.com\/wp-content\/uploads\/web-IMG_0882-768x1154.jpg 768w, https:\/\/raulavellaneda.com\/wp-content\/uploads\/web-IMG_0882.jpg 840w\" sizes=\"auto, (max-width: 682px) 85vw, 682px\" \/><figcaption class=\"wp-element-caption\">&#8222;Te salvar\u00e9&#8220; (detalle), fotocopias, acr\u00edlico, pastel y brillo sobre papel, 59,8 x 85,5 cm, 1983<\/figcaption><\/figure><\/div>\n\n\n<div style=\"height:120px\" aria-hidden=\"true\" class=\"wp-block-spacer\"><\/div>\n\n\n<div class=\"wp-block-image\">\n<figure class=\"aligncenter size-full\"><img loading=\"lazy\" decoding=\"async\" width=\"480\" height=\"682\" src=\"https:\/\/raulavellaneda.com\/wp-content\/uploads\/web-IMG_0851.jpg\" alt=\"\" class=\"wp-image-4139\" srcset=\"https:\/\/raulavellaneda.com\/wp-content\/uploads\/web-IMG_0851.jpg 480w, https:\/\/raulavellaneda.com\/wp-content\/uploads\/web-IMG_0851-211x300.jpg 211w\" sizes=\"auto, (max-width: 480px) 85vw, 480px\" \/><figcaption class=\"wp-element-caption\">&#8222;Raulito el pobrecito&#8220;, fotocopias, t\u00e9cnica mixta sobre papel, 68 x 98 cm, 1983<\/figcaption><\/figure><\/div>\n\n\n<div style=\"height:120px\" aria-hidden=\"true\" class=\"wp-block-spacer\"><\/div>\n\n\n\n<figure class=\"wp-block-image size-full\"><img loading=\"lazy\" decoding=\"async\" width=\"840\" height=\"843\" src=\"https:\/\/raulavellaneda.com\/wp-content\/uploads\/web-IMG_0872.jpg\" alt=\"\" class=\"wp-image-4134\" srcset=\"https:\/\/raulavellaneda.com\/wp-content\/uploads\/web-IMG_0872.jpg 840w, https:\/\/raulavellaneda.com\/wp-content\/uploads\/web-IMG_0872-300x300.jpg 300w, https:\/\/raulavellaneda.com\/wp-content\/uploads\/web-IMG_0872-150x150.jpg 150w, https:\/\/raulavellaneda.com\/wp-content\/uploads\/web-IMG_0872-768x771.jpg 768w\" sizes=\"auto, (max-width: 709px) 85vw, (max-width: 909px) 67vw, (max-width: 1362px) 62vw, 840px\" \/><figcaption class=\"wp-element-caption\">&#8222;La historia del Raulito&#8220;, fotocopias, t\u00e9cnica mixta sobre cart\u00f3n, 70,3 x 70,3 cm, 1983<\/figcaption><\/figure>\n\n\n\n<div style=\"height:120px\" aria-hidden=\"true\" class=\"wp-block-spacer\"><\/div>\n\n\n<div class=\"wp-block-image\">\n<figure class=\"aligncenter size-full\"><img loading=\"lazy\" decoding=\"async\" width=\"480\" height=\"804\" src=\"https:\/\/raulavellaneda.com\/wp-content\/uploads\/web-IMG_0868.jpg\" alt=\"\" class=\"wp-image-4136\" srcset=\"https:\/\/raulavellaneda.com\/wp-content\/uploads\/web-IMG_0868.jpg 480w, https:\/\/raulavellaneda.com\/wp-content\/uploads\/web-IMG_0868-179x300.jpg 179w\" sizes=\"auto, (max-width: 480px) 85vw, 480px\" \/><figcaption class=\"wp-element-caption\">&#8222;La Lul\u00fa&#8220;, fotocopias, t\u00e9cnica mixta sobre cart\u00f3n, 40 x 69,5 cm, 1983<\/figcaption><\/figure><\/div>\n\n\n<div style=\"height:120px\" aria-hidden=\"true\" class=\"wp-block-spacer\"><\/div>\n\n\n<div class=\"wp-block-image\">\n<figure class=\"aligncenter size-full\"><img loading=\"lazy\" decoding=\"async\" width=\"480\" height=\"795\" src=\"https:\/\/raulavellaneda.com\/wp-content\/uploads\/web-IMG_0870.jpg\" alt=\"\" class=\"wp-image-4137\" srcset=\"https:\/\/raulavellaneda.com\/wp-content\/uploads\/web-IMG_0870.jpg 480w, https:\/\/raulavellaneda.com\/wp-content\/uploads\/web-IMG_0870-181x300.jpg 181w\" sizes=\"auto, (max-width: 480px) 85vw, 480px\" \/><figcaption class=\"wp-element-caption\">&#8222;Se\u00f1or inmarcesible&#8220;, fotocopias, l\u00e1minas brillantes, t\u00e9cnica mixta sobre cart\u00f3n, 59,5 x 100 cm, 1983<\/figcaption><\/figure><\/div>\n\n\n<div style=\"height:10px\" aria-hidden=\"true\" class=\"wp-block-spacer\"><\/div>\n\n\n\n<p class=\"has-text-align-center has-medium-font-size\"><a href=\"https:\/\/raulavellaneda.com\/?page_id=1337\">obras<\/a><\/p>\n","protected":false},"excerpt":{"rendered":"<p>&#8222;Lima y sus insatisfacci\u00f3nes me complicaron la vida: La falsa moral, las creencias degeneradas, la persecuci\u00f3n y la tortura, fueron experiencias cotidianas para m\u00ed en la capital metropolitana del Per\u00fa&#8220;. Del Breviario de Leonardo de Vinci, (ASH. I 32,v. ). obras<\/p>\n","protected":false},"author":1,"featured_media":0,"parent":0,"menu_order":0,"comment_status":"closed","ping_status":"closed","template":"","meta":{"footnotes":""},"class_list":["post-2191","page","type-page","status-publish","hentry"],"_links":{"self":[{"href":"https:\/\/raulavellaneda.com\/index.php?rest_route=\/wp\/v2\/pages\/2191","targetHints":{"allow":["GET"]}}],"collection":[{"href":"https:\/\/raulavellaneda.com\/index.php?rest_route=\/wp\/v2\/pages"}],"about":[{"href":"https:\/\/raulavellaneda.com\/index.php?rest_route=\/wp\/v2\/types\/page"}],"author":[{"embeddable":true,"href":"https:\/\/raulavellaneda.com\/index.php?rest_route=\/wp\/v2\/users\/1"}],"replies":[{"embeddable":true,"href":"https:\/\/raulavellaneda.com\/index.php?rest_route=%2Fwp%2Fv2%2Fcomments&post=2191"}],"version-history":[{"count":60,"href":"https:\/\/raulavellaneda.com\/index.php?rest_route=\/wp\/v2\/pages\/2191\/revisions"}],"predecessor-version":[{"id":5628,"href":"https:\/\/raulavellaneda.com\/index.php?rest_route=\/wp\/v2\/pages\/2191\/revisions\/5628"}],"wp:attachment":[{"href":"https:\/\/raulavellaneda.com\/index.php?rest_route=%2Fwp%2Fv2%2Fmedia&parent=2191"}],"curies":[{"name":"wp","href":"https:\/\/api.w.org\/{rel}","templated":true}]}}