{"id":2836,"date":"2023-12-27T01:20:27","date_gmt":"2023-12-27T00:20:27","guid":{"rendered":"http:\/\/raulavellaneda.com\/?page_id=2836"},"modified":"2024-07-30T22:21:55","modified_gmt":"2024-07-30T20:21:55","slug":"das-portraet-meines-vaters","status":"publish","type":"page","link":"https:\/\/raulavellaneda.com\/?page_id=2836","title":{"rendered":"Retrato de mi Padre"},"content":{"rendered":"\n<div style=\"height:20px\" aria-hidden=\"true\" class=\"wp-block-spacer\"><\/div>\n\n\n\n<p><em>&#8222;Vi a mi padre y a sus c\u00f3mplices atacar a caballo y con l\u00e1tigos a las pobres madres y a sus hijos mientras, hambrientos y en la oscuridad, intentaban recoger los restos estropeados de la gran cosecha como alimento para ellos&#8220;.<\/em><\/p>\n\n\n\n<p><em>&#8222;Mi &#8217;sentido com\u00fan&#8216; me dec\u00eda desde ni\u00f1o que lo que deber\u00eda considerarse normal era algo malvado e injusto. Recuerdo que todas las ma\u00f1anas ten\u00eda que saludar a mi padre con el saludo hitleriano &#8218;Heil Hitler&#8216; sin darme cuenta de lo que significaba.&#8220;<\/em><\/p>\n\n\n\n<div style=\"height:100px\" aria-hidden=\"true\" class=\"wp-block-spacer\"><\/div>\n\n\n\n<div class=\"wp-block-media-text is-stacked-on-mobile\" style=\"grid-template-columns:40% auto\"><figure class=\"wp-block-media-text__media\"><img loading=\"lazy\" decoding=\"async\" width=\"480\" height=\"642\" src=\"https:\/\/raulavellaneda.com\/wp-content\/uploads\/Web-CCF09052020_0002.jpg\" alt=\"\" class=\"wp-image-4694 size-full\" srcset=\"https:\/\/raulavellaneda.com\/wp-content\/uploads\/Web-CCF09052020_0002.jpg 480w, https:\/\/raulavellaneda.com\/wp-content\/uploads\/Web-CCF09052020_0002-224x300.jpg 224w\" sizes=\"auto, (max-width: 480px) 85vw, 480px\" \/><\/figure><div class=\"wp-block-media-text__content\">\n<p>Dar\u00edo Avellaneda Ribbeck, Huancayo, 1963<\/p>\n\n\n\n<p>Foto utilizada para el &#8222;Retrato de mi padre&#8220;<\/p>\n<\/div><\/div>\n\n\n\n<div style=\"height:100px\" aria-hidden=\"true\" class=\"wp-block-spacer\"><\/div>\n\n\n<div class=\"wp-block-image\">\n<figure class=\"aligncenter size-full\"><img loading=\"lazy\" decoding=\"async\" width=\"480\" height=\"613\" src=\"https:\/\/raulavellaneda.com\/wp-content\/uploads\/web-IMG_0237-1-4.jpg\" alt=\"\" class=\"wp-image-2846\" srcset=\"https:\/\/raulavellaneda.com\/wp-content\/uploads\/web-IMG_0237-1-4.jpg 480w, https:\/\/raulavellaneda.com\/wp-content\/uploads\/web-IMG_0237-1-4-235x300.jpg 235w\" sizes=\"auto, (max-width: 480px) 85vw, 480px\" \/><figcaption class=\"wp-element-caption\">De la serie &#8222;Retrato de mi padre&#8220; I, el rostro del padre y partes del cuerpo del artista como fotocopias, aguja de hospital, ensamblaje, 35,5 x 45,5 x 5,5 cm, 1983 &#8211; 1984<\/figcaption><\/figure><\/div>\n\n\n<div style=\"height:120px\" aria-hidden=\"true\" class=\"wp-block-spacer\"><\/div>\n\n\n<div class=\"wp-block-image\">\n<figure class=\"aligncenter size-full\"><img loading=\"lazy\" decoding=\"async\" width=\"480\" height=\"613\" src=\"https:\/\/raulavellaneda.com\/wp-content\/uploads\/web-NEU-IMG_0234.jpg\" alt=\"\" class=\"wp-image-2866\" srcset=\"https:\/\/raulavellaneda.com\/wp-content\/uploads\/web-NEU-IMG_0234.jpg 480w, https:\/\/raulavellaneda.com\/wp-content\/uploads\/web-NEU-IMG_0234-235x300.jpg 235w\" sizes=\"auto, (max-width: 480px) 85vw, 480px\" \/><figcaption class=\"wp-element-caption\">De la serie &#8222;Retrato de mi padre&#8220; II, fotocopia del rostro del padre, algod\u00f3n de hospital e hilo de coser, ensamblaje, 35,5 x 45,5 x 5,5 cm, 1983 &#8211; 1984<\/figcaption><\/figure><\/div>\n\n\n<div style=\"height:120px\" aria-hidden=\"true\" class=\"wp-block-spacer\"><\/div>\n\n\n<div class=\"wp-block-image\">\n<figure class=\"aligncenter size-full\"><img loading=\"lazy\" decoding=\"async\" width=\"480\" height=\"613\" src=\"https:\/\/raulavellaneda.com\/wp-content\/uploads\/web-NEU-IMG_0242.jpg\" alt=\"\" class=\"wp-image-2870\" srcset=\"https:\/\/raulavellaneda.com\/wp-content\/uploads\/web-NEU-IMG_0242.jpg 480w, https:\/\/raulavellaneda.com\/wp-content\/uploads\/web-NEU-IMG_0242-235x300.jpg 235w\" sizes=\"auto, (max-width: 480px) 85vw, 480px\" \/><figcaption class=\"wp-element-caption\">De la serie &#8222;Retrato de mi padre&#8220; III, fotocopia del rostro del padre, condones rellenos y pa\u00f1uelo, ensamblaje, 35,5 x 45,5 x 5,5 cm, 1983 &#8211; 1984<\/figcaption><\/figure><\/div>\n\n\n<div style=\"height:120px\" aria-hidden=\"true\" class=\"wp-block-spacer\"><\/div>\n\n\n<div class=\"wp-block-image\">\n<figure class=\"aligncenter size-full\"><img loading=\"lazy\" decoding=\"async\" width=\"480\" height=\"613\" src=\"https:\/\/raulavellaneda.com\/wp-content\/uploads\/web-NEU-IMG_0239.jpg\" alt=\"\" class=\"wp-image-2867\" srcset=\"https:\/\/raulavellaneda.com\/wp-content\/uploads\/web-NEU-IMG_0239.jpg 480w, https:\/\/raulavellaneda.com\/wp-content\/uploads\/web-NEU-IMG_0239-235x300.jpg 235w\" sizes=\"auto, (max-width: 480px) 85vw, 480px\" \/><figcaption class=\"wp-element-caption\">De la serie &#8222;Retrato de mi padre&#8220; IV, fotocopias del rostro del padre, cera y gasa usada del hospital, ensamblaje, 35,5 x 45,5 x 5,5 cm, 1983 &#8211; 1984<\/figcaption><\/figure><\/div>\n\n\n<div style=\"height:120px\" aria-hidden=\"true\" class=\"wp-block-spacer\"><\/div>\n\n\n<div class=\"wp-block-image\">\n<figure class=\"aligncenter size-full\"><img loading=\"lazy\" decoding=\"async\" width=\"480\" height=\"613\" src=\"https:\/\/raulavellaneda.com\/wp-content\/uploads\/web-IMG_0236.jpg\" alt=\"\" class=\"wp-image-2868\" srcset=\"https:\/\/raulavellaneda.com\/wp-content\/uploads\/web-IMG_0236.jpg 480w, https:\/\/raulavellaneda.com\/wp-content\/uploads\/web-IMG_0236-235x300.jpg 235w\" sizes=\"auto, (max-width: 480px) 85vw, 480px\" \/><figcaption class=\"wp-element-caption\">De la serie &#8222;Retrato de mi padre&#8220; V, fotocopias del rostro del padre, casaca militar y mangueras de hospital, ensamblaje, 35,5 x 45,5 x 5,5 cm, 1983 &#8211; 1984<\/figcaption><\/figure><\/div>\n\n\n<div style=\"height:120px\" aria-hidden=\"true\" class=\"wp-block-spacer\"><\/div>\n\n\n<div class=\"wp-block-image\">\n<figure class=\"aligncenter size-full\"><img loading=\"lazy\" decoding=\"async\" width=\"480\" height=\"613\" src=\"https:\/\/raulavellaneda.com\/wp-content\/uploads\/web-NEU-IMG_0244.jpg\" alt=\"\" class=\"wp-image-2872\" srcset=\"https:\/\/raulavellaneda.com\/wp-content\/uploads\/web-NEU-IMG_0244.jpg 480w, https:\/\/raulavellaneda.com\/wp-content\/uploads\/web-NEU-IMG_0244-235x300.jpg 235w\" sizes=\"auto, (max-width: 480px) 85vw, 480px\" \/><figcaption class=\"wp-element-caption\">De la serie &#8222;Retrato de mi padre&#8220; VI, fotocopias del rostro del padre, hueso, preservativo, tubo de hospital y cera, ensamblaje, 35,5 x 45,5 x 5,5 cm, 1983 &#8211; 1984<\/figcaption><\/figure><\/div>\n\n\n<div style=\"height:120px\" aria-hidden=\"true\" class=\"wp-block-spacer\"><\/div>\n\n\n<div class=\"wp-block-image\">\n<figure class=\"aligncenter size-full\"><img loading=\"lazy\" decoding=\"async\" width=\"480\" height=\"613\" src=\"https:\/\/raulavellaneda.com\/wp-content\/uploads\/web-NEU-800-IMG_9258.jpg\" alt=\"\" class=\"wp-image-2902\" srcset=\"https:\/\/raulavellaneda.com\/wp-content\/uploads\/web-NEU-800-IMG_9258.jpg 480w, https:\/\/raulavellaneda.com\/wp-content\/uploads\/web-NEU-800-IMG_9258-235x300.jpg 235w\" sizes=\"auto, (max-width: 480px) 85vw, 480px\" \/><figcaption class=\"wp-element-caption\">De la serie &#8222;Retrato de mi padre&#8220; VII, fotocopias del rostro del padre, algod\u00f3n de hospital, hilo de coser y vidrio, ensamblaje, 35,5 x 45,5 x 5,5 cm, 1983 &#8211; 1984<\/figcaption><\/figure><\/div>\n\n\n<div style=\"height:10px\" aria-hidden=\"true\" class=\"wp-block-spacer\"><\/div>\n\n\n\n<p class=\"has-text-align-center has-medium-font-size\"><a href=\"https:\/\/raulavellaneda.com\/?page_id=1337\">obras<\/a><\/p>\n","protected":false},"excerpt":{"rendered":"<p>&#8222;Vi a mi padre y a sus c\u00f3mplices atacar a caballo y con l\u00e1tigos a las pobres madres y a sus hijos mientras, hambrientos y en la oscuridad, intentaban recoger los restos estropeados de la gran cosecha como alimento para ellos&#8220;. &#8222;Mi &#8217;sentido com\u00fan&#8216; me dec\u00eda desde ni\u00f1o que lo que deber\u00eda considerarse normal era &hellip; <a href=\"https:\/\/raulavellaneda.com\/?page_id=2836\" class=\"more-link\"><span class=\"screen-reader-text\">\u201eRetrato de mi Padre\u201c<\/span> weiterlesen<\/a><\/p>\n","protected":false},"author":1,"featured_media":0,"parent":0,"menu_order":0,"comment_status":"closed","ping_status":"closed","template":"","meta":{"footnotes":""},"class_list":["post-2836","page","type-page","status-publish","hentry"],"_links":{"self":[{"href":"https:\/\/raulavellaneda.com\/index.php?rest_route=\/wp\/v2\/pages\/2836","targetHints":{"allow":["GET"]}}],"collection":[{"href":"https:\/\/raulavellaneda.com\/index.php?rest_route=\/wp\/v2\/pages"}],"about":[{"href":"https:\/\/raulavellaneda.com\/index.php?rest_route=\/wp\/v2\/types\/page"}],"author":[{"embeddable":true,"href":"https:\/\/raulavellaneda.com\/index.php?rest_route=\/wp\/v2\/users\/1"}],"replies":[{"embeddable":true,"href":"https:\/\/raulavellaneda.com\/index.php?rest_route=%2Fwp%2Fv2%2Fcomments&post=2836"}],"version-history":[{"count":26,"href":"https:\/\/raulavellaneda.com\/index.php?rest_route=\/wp\/v2\/pages\/2836\/revisions"}],"predecessor-version":[{"id":5627,"href":"https:\/\/raulavellaneda.com\/index.php?rest_route=\/wp\/v2\/pages\/2836\/revisions\/5627"}],"wp:attachment":[{"href":"https:\/\/raulavellaneda.com\/index.php?rest_route=%2Fwp%2Fv2%2Fmedia&parent=2836"}],"curies":[{"name":"wp","href":"https:\/\/api.w.org\/{rel}","templated":true}]}}