{"id":5214,"date":"2024-07-21T22:25:39","date_gmt":"2024-07-21T20:25:39","guid":{"rendered":"https:\/\/raulavellaneda.com\/?page_id=5214"},"modified":"2024-07-30T22:18:59","modified_gmt":"2024-07-30T20:18:59","slug":"suenios-de-vigilia","status":"publish","type":"page","link":"https:\/\/raulavellaneda.com\/?page_id=5214","title":{"rendered":"&#8222;Sue\u00f1os de vigilia&#8220;"},"content":{"rendered":"\n<p><em><em>&#8222;En los estados on\u00edricos de vigilia, me acosaban im\u00e1genes fantasmales de la lejana Europa. Todas ellas me recordaban heridas emocionales internas y la despiadada iron\u00eda de la vida. Esta exploraci\u00f3n art\u00edstica despert\u00f3 en m\u00ed la esperanza de encontrar nuevos caminos para mi vida.&#8220;<\/em><\/em><\/p>\n\n\n\n<p><\/p>\n\n\n\n<div class=\"wp-block-columns is-layout-flex wp-container-core-columns-is-layout-1 wp-block-columns-is-layout-flex\">\n<div class=\"wp-block-column is-layout-flow wp-block-column-is-layout-flow\" style=\"flex-basis:50%\">\n<figure class=\"wp-block-image size-full\"><img loading=\"lazy\" decoding=\"async\" width=\"480\" height=\"669\" src=\"https:\/\/raulavellaneda.com\/wp-content\/uploads\/web-IMG_8086-3.jpg\" alt=\"\" class=\"wp-image-5217\" srcset=\"https:\/\/raulavellaneda.com\/wp-content\/uploads\/web-IMG_8086-3.jpg 480w, https:\/\/raulavellaneda.com\/wp-content\/uploads\/web-IMG_8086-3-215x300.jpg 215w\" sizes=\"auto, (max-width: 480px) 85vw, 480px\" \/><figcaption class=\"wp-element-caption\">De la serie Sue\u00f1os de vigilia, &#8222;He perdido&#8220;, acr\u00edlico sobre fibra rugosa, 50 x 70 cm, 1991<\/figcaption><\/figure>\n<\/div>\n\n\n\n<div class=\"wp-block-column is-layout-flow wp-block-column-is-layout-flow\" style=\"flex-basis:50%\">\n<figure class=\"wp-block-image size-full\"><img loading=\"lazy\" decoding=\"async\" width=\"480\" height=\"673\" src=\"https:\/\/raulavellaneda.com\/wp-content\/uploads\/web-IMG_8088-4.jpg\" alt=\"\" class=\"wp-image-5218\" srcset=\"https:\/\/raulavellaneda.com\/wp-content\/uploads\/web-IMG_8088-4.jpg 480w, https:\/\/raulavellaneda.com\/wp-content\/uploads\/web-IMG_8088-4-214x300.jpg 214w\" sizes=\"auto, (max-width: 480px) 85vw, 480px\" \/><figcaption class=\"wp-element-caption\">De la serie Sue\u00f1os de vigilia, &#8222;Lo que me pasa por la cabeza&#8220;, acr\u00edlico sobre fibra rugosa, 50 x 70 cm, 1991<\/figcaption><\/figure>\n<\/div>\n<\/div>\n\n\n\n<div style=\"height:120px\" aria-hidden=\"true\" class=\"wp-block-spacer\"><\/div>\n\n\n<div class=\"wp-block-image\">\n<figure class=\"aligncenter size-full\"><img loading=\"lazy\" decoding=\"async\" width=\"480\" height=\"678\" src=\"https:\/\/raulavellaneda.com\/wp-content\/uploads\/web-IMG_8082-5.jpg\" alt=\"\" class=\"wp-image-5222\" srcset=\"https:\/\/raulavellaneda.com\/wp-content\/uploads\/web-IMG_8082-5.jpg 480w, https:\/\/raulavellaneda.com\/wp-content\/uploads\/web-IMG_8082-5-212x300.jpg 212w\" sizes=\"auto, (max-width: 480px) 85vw, 480px\" \/><figcaption class=\"wp-element-caption\">De la serie Sue\u00f1os de vigilia, &#8222;yo me voy al cielo&#8220;, acr\u00edlico sobre fibra rugosa, 50 x 70 cm, 1991<\/figcaption><\/figure><\/div>\n\n\n<div style=\"height:120px\" aria-hidden=\"true\" class=\"wp-block-spacer\"><\/div>\n\n\n<div class=\"wp-block-image\">\n<figure class=\"aligncenter size-full\"><img loading=\"lazy\" decoding=\"async\" width=\"480\" height=\"601\" src=\"https:\/\/raulavellaneda.com\/wp-content\/uploads\/web-IMG_0696-4.jpg\" alt=\"\" class=\"wp-image-5223\" srcset=\"https:\/\/raulavellaneda.com\/wp-content\/uploads\/web-IMG_0696-4.jpg 480w, https:\/\/raulavellaneda.com\/wp-content\/uploads\/web-IMG_0696-4-240x300.jpg 240w\" sizes=\"auto, (max-width: 480px) 85vw, 480px\" \/><figcaption class=\"wp-element-caption\">De la serie Sue\u00f1os de vigilia, &#8222;Aseptil&#8220; I, medicina peruana para heridas, t\u00e9cnica mixta sobre papel, 80 x 100 cm, 1991<\/figcaption><\/figure><\/div>\n\n\n<div style=\"height:120px\" aria-hidden=\"true\" class=\"wp-block-spacer\"><\/div>\n\n\n<div class=\"wp-block-image\">\n<figure class=\"aligncenter size-full\"><img loading=\"lazy\" decoding=\"async\" width=\"480\" height=\"595\" src=\"https:\/\/raulavellaneda.com\/wp-content\/uploads\/web-IMG_0855-2.jpg\" alt=\"\" class=\"wp-image-5224\" srcset=\"https:\/\/raulavellaneda.com\/wp-content\/uploads\/web-IMG_0855-2.jpg 480w, https:\/\/raulavellaneda.com\/wp-content\/uploads\/web-IMG_0855-2-242x300.jpg 242w\" sizes=\"auto, (max-width: 480px) 85vw, 480px\" \/><figcaption class=\"wp-element-caption\">De la serie Sue\u00f1os de vigilia, &#8222;Aseptil&#8220; II, medicina peruana para heridas, t\u00e9cnica de mezcla sobre papel , 80 x 100 cm, 1991<\/figcaption><\/figure><\/div>\n\n\n<div style=\"height:120px\" aria-hidden=\"true\" class=\"wp-block-spacer\"><\/div>\n\n\n\n<div class=\"wp-block-columns is-layout-flex wp-container-core-columns-is-layout-2 wp-block-columns-is-layout-flex\">\n<div class=\"wp-block-column is-layout-flow wp-block-column-is-layout-flow\">\n<figure class=\"wp-block-image size-full\"><img loading=\"lazy\" decoding=\"async\" width=\"480\" height=\"653\" src=\"https:\/\/raulavellaneda.com\/wp-content\/uploads\/web-IMG_0618-2.jpg\" alt=\"\" class=\"wp-image-5225\" srcset=\"https:\/\/raulavellaneda.com\/wp-content\/uploads\/web-IMG_0618-2.jpg 480w, https:\/\/raulavellaneda.com\/wp-content\/uploads\/web-IMG_0618-2-221x300.jpg 221w\" sizes=\"auto, (max-width: 480px) 85vw, 480px\" \/><figcaption class=\"wp-element-caption\">De la serie Sue\u00f1os de vigilia, &#8222;Dame todo tu amor&#8220; (d\u00e1me todo tu amor), acr\u00edlico sobre fibra rugosa, 47 x 65 cm, 1991<\/figcaption><\/figure>\n<\/div>\n\n\n\n<div class=\"wp-block-column is-layout-flow wp-block-column-is-layout-flow\">\n<figure class=\"wp-block-image size-full\"><img loading=\"lazy\" decoding=\"async\" width=\"472\" height=\"616\" src=\"https:\/\/raulavellaneda.com\/wp-content\/uploads\/web-IMG_0619-3.jpg\" alt=\"\" class=\"wp-image-5226\" srcset=\"https:\/\/raulavellaneda.com\/wp-content\/uploads\/web-IMG_0619-3.jpg 472w, https:\/\/raulavellaneda.com\/wp-content\/uploads\/web-IMG_0619-3-230x300.jpg 230w\" sizes=\"auto, (max-width: 472px) 85vw, 472px\" \/><figcaption class=\"wp-element-caption\">De la serie Sue\u00f1os de vigilia, &#8222;Pobre flor que mal naciste que al primer paso que diste te encontraste con la muerte&#8220;,acr\u00edlico sobre fibra rugosa, 48,5 x 64 cm, 1991<\/figcaption><\/figure>\n<\/div>\n<\/div>\n\n\n\n<div style=\"height:120px\" aria-hidden=\"true\" class=\"wp-block-spacer\"><\/div>\n\n\n<div class=\"wp-block-image\">\n<figure class=\"aligncenter size-full\"><img loading=\"lazy\" decoding=\"async\" width=\"480\" height=\"667\" src=\"https:\/\/raulavellaneda.com\/wp-content\/uploads\/web-IMG_8089-6.jpg\" alt=\"\" class=\"wp-image-5227\" srcset=\"https:\/\/raulavellaneda.com\/wp-content\/uploads\/web-IMG_8089-6.jpg 480w, https:\/\/raulavellaneda.com\/wp-content\/uploads\/web-IMG_8089-6-216x300.jpg 216w\" sizes=\"auto, (max-width: 480px) 85vw, 480px\" \/><figcaption class=\"wp-element-caption\">De la serie Sue\u00f1os de vigilia, &#8222;David&#8220;, acr\u00edlico sobre fibra rugosa, 50 x 70 cm, 1991<\/figcaption><\/figure><\/div>\n\n\n<div style=\"height:120px\" aria-hidden=\"true\" class=\"wp-block-spacer\"><\/div>\n\n\n<div class=\"wp-block-image\">\n<figure class=\"aligncenter size-full\"><img loading=\"lazy\" decoding=\"async\" width=\"480\" height=\"639\" src=\"https:\/\/raulavellaneda.com\/wp-content\/uploads\/web-IMG_8093-2.jpg\" alt=\"\" class=\"wp-image-5228\" srcset=\"https:\/\/raulavellaneda.com\/wp-content\/uploads\/web-IMG_8093-2.jpg 480w, https:\/\/raulavellaneda.com\/wp-content\/uploads\/web-IMG_8093-2-225x300.jpg 225w\" sizes=\"auto, (max-width: 480px) 85vw, 480px\" \/><figcaption class=\"wp-element-caption\">De la serie Sue\u00f1os de vigilia, &#8222;El Salvador&#8220;, acr\u00edlico sobre fibra rugosa, 60 x 80 cm, 1991<\/figcaption><\/figure><\/div>\n\n\n<div style=\"height:120px\" aria-hidden=\"true\" class=\"wp-block-spacer\"><\/div>\n\n\n\n<p class=\"has-text-align-center has-medium-font-size\"><a href=\"https:\/\/raulavellaneda.com\/?page_id=1337\">obras<\/a><\/p>\n","protected":false},"excerpt":{"rendered":"<p>&#8222;En los estados on\u00edricos de vigilia, me acosaban im\u00e1genes fantasmales de la lejana Europa. Todas ellas me recordaban heridas emocionales internas y la despiadada iron\u00eda de la vida. Esta exploraci\u00f3n art\u00edstica despert\u00f3 en m\u00ed la esperanza de encontrar nuevos caminos para mi vida.&#8220; obras<\/p>\n","protected":false},"author":1,"featured_media":0,"parent":0,"menu_order":0,"comment_status":"closed","ping_status":"closed","template":"","meta":{"footnotes":""},"class_list":["post-5214","page","type-page","status-publish","hentry"],"_links":{"self":[{"href":"https:\/\/raulavellaneda.com\/index.php?rest_route=\/wp\/v2\/pages\/5214","targetHints":{"allow":["GET"]}}],"collection":[{"href":"https:\/\/raulavellaneda.com\/index.php?rest_route=\/wp\/v2\/pages"}],"about":[{"href":"https:\/\/raulavellaneda.com\/index.php?rest_route=\/wp\/v2\/types\/page"}],"author":[{"embeddable":true,"href":"https:\/\/raulavellaneda.com\/index.php?rest_route=\/wp\/v2\/users\/1"}],"replies":[{"embeddable":true,"href":"https:\/\/raulavellaneda.com\/index.php?rest_route=%2Fwp%2Fv2%2Fcomments&post=5214"}],"version-history":[{"count":9,"href":"https:\/\/raulavellaneda.com\/index.php?rest_route=\/wp\/v2\/pages\/5214\/revisions"}],"predecessor-version":[{"id":5622,"href":"https:\/\/raulavellaneda.com\/index.php?rest_route=\/wp\/v2\/pages\/5214\/revisions\/5622"}],"wp:attachment":[{"href":"https:\/\/raulavellaneda.com\/index.php?rest_route=%2Fwp%2Fv2%2Fmedia&parent=5214"}],"curies":[{"name":"wp","href":"https:\/\/api.w.org\/{rel}","templated":true}]}}