{"id":5239,"date":"2024-07-21T23:51:24","date_gmt":"2024-07-21T21:51:24","guid":{"rendered":"https:\/\/raulavellaneda.com\/?page_id=5239"},"modified":"2024-07-30T22:19:59","modified_gmt":"2024-07-30T20:19:59","slug":"die-wirklichkeit-und-das-verlangen-3","status":"publish","type":"page","link":"https:\/\/raulavellaneda.com\/?page_id=5239","title":{"rendered":"&#8222;la Realidad y el Deseo&#8220;"},"content":{"rendered":"\n<div style=\"height:100px\" aria-hidden=\"true\" class=\"wp-block-spacer\"><\/div>\n\n\n\n<p>Serie inspirada en el poemario &#8222;La realidad y el deseo&#8220; del poeta espa\u00f1ol Luis Cernuda.&nbsp;<\/p>\n\n\n\n<p>Meditaciones materiales &#8211; iconos autobiogr\u00e1ficos &#8211; sobre elementos pict\u00f3ricos simb\u00f3licos: una fotograf\u00eda de la infancia, el retrato de su madre (poco antes de su muerte), una fotograf\u00eda de su propio cuerpo, motivos populares peruanos.<\/p>\n\n\n\n<div class=\"wp-block-media-text is-stacked-on-mobile\"><figure class=\"wp-block-media-text__media\"><img loading=\"lazy\" decoding=\"async\" width=\"480\" height=\"646\" src=\"https:\/\/raulavellaneda.com\/wp-content\/uploads\/web-0-3.jpg\" alt=\"\" class=\"wp-image-5243 size-full\" srcset=\"https:\/\/raulavellaneda.com\/wp-content\/uploads\/web-0-3.jpg 480w, https:\/\/raulavellaneda.com\/wp-content\/uploads\/web-0-3-223x300.jpg 223w\" sizes=\"auto, (max-width: 480px) 85vw, 480px\" \/><\/figure><div class=\"wp-block-media-text__content\">\n<p>Fotograf\u00eda utilizada para la serie &#8222;La realidad y el deseo&#8220;<\/p>\n\n\n\n<p>Ra\u00fal Avellaneda el d\u00eda de su primera comuni\u00f3n, 1969<\/p>\n<\/div><\/div>\n\n\n\n<div style=\"height:120px\" aria-hidden=\"true\" class=\"wp-block-spacer\"><\/div>\n\n\n<div class=\"wp-block-image\">\n<figure class=\"aligncenter size-full\"><img loading=\"lazy\" decoding=\"async\" width=\"480\" height=\"661\" src=\"https:\/\/raulavellaneda.com\/wp-content\/uploads\/web-IMG_9755-neu-1-3.jpg\" alt=\"\" class=\"wp-image-5245\" srcset=\"https:\/\/raulavellaneda.com\/wp-content\/uploads\/web-IMG_9755-neu-1-3.jpg 480w, https:\/\/raulavellaneda.com\/wp-content\/uploads\/web-IMG_9755-neu-1-3-218x300.jpg 218w\" sizes=\"auto, (max-width: 480px) 85vw, 480px\" \/><figcaption class=\"wp-element-caption\">Fotocopia de la primera Comuni\u00f3n, restos de revistas quemadas, carboncillo y pastel sobre papel,  ensamblaje, 37,5 x 53 x 5,5 cm, 1984<\/figcaption><\/figure><\/div>\n\n\n<div style=\"height:120px\" aria-hidden=\"true\" class=\"wp-block-spacer\"><\/div>\n\n\n\n<div class=\"wp-block-columns is-layout-flex wp-container-core-columns-is-layout-1 wp-block-columns-is-layout-flex\">\n<div class=\"wp-block-column is-layout-flow wp-block-column-is-layout-flow\">\n<figure class=\"wp-block-image size-full\"><img loading=\"lazy\" decoding=\"async\" width=\"480\" height=\"681\" src=\"https:\/\/raulavellaneda.com\/wp-content\/uploads\/web-IMG_9754neu-1.jpg\" alt=\"\" class=\"wp-image-5246\" srcset=\"https:\/\/raulavellaneda.com\/wp-content\/uploads\/web-IMG_9754neu-1.jpg 480w, https:\/\/raulavellaneda.com\/wp-content\/uploads\/web-IMG_9754neu-1-211x300.jpg 211w\" sizes=\"auto, (max-width: 480px) 85vw, 480px\" \/><figcaption class=\"wp-element-caption\">Fotocopia de la primera Comuni\u00f3n, restos de revistas quemadas, carboncillo y pastel sobre papel,  ensamblaje, 37,5 x 53 x 5,5 cm, 1984<\/figcaption><\/figure>\n<\/div>\n\n\n\n<div class=\"wp-block-column is-layout-flow wp-block-column-is-layout-flow\">\n<figure class=\"wp-block-image size-full\"><img loading=\"lazy\" decoding=\"async\" width=\"480\" height=\"672\" src=\"https:\/\/raulavellaneda.com\/wp-content\/uploads\/web-Rahmen-IMG_9317-2.jpg\" alt=\"\" class=\"wp-image-5247\" srcset=\"https:\/\/raulavellaneda.com\/wp-content\/uploads\/web-Rahmen-IMG_9317-2.jpg 480w, https:\/\/raulavellaneda.com\/wp-content\/uploads\/web-Rahmen-IMG_9317-2-214x300.jpg 214w\" sizes=\"auto, (max-width: 480px) 85vw, 480px\" \/><figcaption class=\"wp-element-caption\">Fotocopia de la primera Comuni\u00f3n, restos de revistas quemadas, carboncillo y pastel sobre papel,  ensamblaje, 37,5 x 53 x 5,5 cm, 1984<\/figcaption><\/figure>\n<\/div>\n<\/div>\n\n\n\n<div style=\"height:120px\" aria-hidden=\"true\" class=\"wp-block-spacer\"><\/div>\n\n\n\n<div class=\"wp-block-columns is-layout-flex wp-container-core-columns-is-layout-2 wp-block-columns-is-layout-flex\">\n<div class=\"wp-block-column is-layout-flow wp-block-column-is-layout-flow\">\n<figure class=\"wp-block-image size-full\"><img loading=\"lazy\" decoding=\"async\" width=\"480\" height=\"674\" src=\"https:\/\/raulavellaneda.com\/wp-content\/uploads\/web-IMG_9714-2-2.jpg\" alt=\"\" class=\"wp-image-5248\" srcset=\"https:\/\/raulavellaneda.com\/wp-content\/uploads\/web-IMG_9714-2-2.jpg 480w, https:\/\/raulavellaneda.com\/wp-content\/uploads\/web-IMG_9714-2-2-214x300.jpg 214w\" sizes=\"auto, (max-width: 480px) 85vw, 480px\" \/><figcaption class=\"wp-element-caption\">Fotocopia de la primera Comuni\u00f3n, restos de revistas quemadas, estampita, carboncillo y pastel sobre papel,  ensamblaje, 37,5 x 53 x 5,5 cm, 1984<\/figcaption><\/figure>\n<\/div>\n\n\n\n<div class=\"wp-block-column is-layout-flow wp-block-column-is-layout-flow\">\n<figure class=\"wp-block-image size-full\"><img loading=\"lazy\" decoding=\"async\" width=\"480\" height=\"681\" src=\"https:\/\/raulavellaneda.com\/wp-content\/uploads\/web-IMG_9750neu-1-1.jpg\" alt=\"\" class=\"wp-image-5249\" srcset=\"https:\/\/raulavellaneda.com\/wp-content\/uploads\/web-IMG_9750neu-1-1.jpg 480w, https:\/\/raulavellaneda.com\/wp-content\/uploads\/web-IMG_9750neu-1-1-211x300.jpg 211w\" sizes=\"auto, (max-width: 480px) 85vw, 480px\" \/><figcaption class=\"wp-element-caption\">Fotocopia de la primera Comuni\u00f3n, restos de revistas quemadas, carboncillo y pastel sobre papel,  ensamblaje, 37,5 x 53 x 5,5 cm, 1984<\/figcaption><\/figure>\n<\/div>\n<\/div>\n\n\n\n<div style=\"height:120px\" aria-hidden=\"true\" class=\"wp-block-spacer\"><\/div>\n\n\n<div class=\"wp-block-image\">\n<figure class=\"aligncenter size-full\"><img loading=\"lazy\" decoding=\"async\" width=\"480\" height=\"662\" src=\"https:\/\/raulavellaneda.com\/wp-content\/uploads\/web-Rahmen-1-.jpg\" alt=\"\" class=\"wp-image-5250\" srcset=\"https:\/\/raulavellaneda.com\/wp-content\/uploads\/web-Rahmen-1-.jpg 480w, https:\/\/raulavellaneda.com\/wp-content\/uploads\/web-Rahmen-1--218x300.jpg 218w\" sizes=\"auto, (max-width: 480px) 85vw, 480px\" \/><figcaption class=\"wp-element-caption\">Fotocopia de la primera Comuni\u00f3n, restos de revistas quemadas, carboncillo y pastel sobre papel,  ensamblaje, 37,5 x 53 x 5,5 cm, 1984<\/figcaption><\/figure><\/div>\n\n\n<div style=\"height:120px\" aria-hidden=\"true\" class=\"wp-block-spacer\"><\/div>\n\n\n\n<div class=\"wp-block-columns is-layout-flex wp-container-core-columns-is-layout-3 wp-block-columns-is-layout-flex\">\n<div class=\"wp-block-column is-layout-flow wp-block-column-is-layout-flow\">\n<figure class=\"wp-block-image size-full\"><img loading=\"lazy\" decoding=\"async\" width=\"480\" height=\"678\" src=\"https:\/\/raulavellaneda.com\/wp-content\/uploads\/web-IMG_9696-3.jpg\" alt=\"\" class=\"wp-image-5251\" srcset=\"https:\/\/raulavellaneda.com\/wp-content\/uploads\/web-IMG_9696-3.jpg 480w, https:\/\/raulavellaneda.com\/wp-content\/uploads\/web-IMG_9696-3-212x300.jpg 212w\" sizes=\"auto, (max-width: 480px) 85vw, 480px\" \/><figcaption class=\"wp-element-caption\">Fotocopia de la primera Comuni\u00f3n, restos de pl\u00e1stico quemado, carboncillo y pastel sobre papel,  ensamblaje, 37,5 x 53 x 5,5 cm, 1984<\/figcaption><\/figure>\n<\/div>\n\n\n\n<div class=\"wp-block-column is-layout-flow wp-block-column-is-layout-flow\">\n<figure class=\"wp-block-image size-full\"><img loading=\"lazy\" decoding=\"async\" width=\"480\" height=\"670\" src=\"https:\/\/raulavellaneda.com\/wp-content\/uploads\/web-IMG_9730-neu-2.jpg\" alt=\"\" class=\"wp-image-5252\" srcset=\"https:\/\/raulavellaneda.com\/wp-content\/uploads\/web-IMG_9730-neu-2.jpg 480w, https:\/\/raulavellaneda.com\/wp-content\/uploads\/web-IMG_9730-neu-2-215x300.jpg 215w\" sizes=\"auto, (max-width: 480px) 85vw, 480px\" \/><figcaption class=\"wp-element-caption\">Fotocopia de la primera Comuni\u00f3n, restos de revistas quemadas, carboncillo y pastel sobre papel,  ensamblaje, 37,5 x 53 x 5,5 cm, 1984<\/figcaption><\/figure>\n<\/div>\n<\/div>\n\n\n\n<div style=\"height:120px\" aria-hidden=\"true\" class=\"wp-block-spacer\"><\/div>\n\n\n<div class=\"wp-block-image\">\n<figure class=\"aligncenter size-full\"><img loading=\"lazy\" decoding=\"async\" width=\"480\" height=\"682\" src=\"https:\/\/raulavellaneda.com\/wp-content\/uploads\/web-IMG_9688-2.jpg\" alt=\"\" class=\"wp-image-5253\" srcset=\"https:\/\/raulavellaneda.com\/wp-content\/uploads\/web-IMG_9688-2.jpg 480w, https:\/\/raulavellaneda.com\/wp-content\/uploads\/web-IMG_9688-2-211x300.jpg 211w\" sizes=\"auto, (max-width: 480px) 85vw, 480px\" \/><figcaption class=\"wp-element-caption\">Fotocopia de la primera Comuni\u00f3n, esponjas, carboncillo y pastel sobre papel,  ensamblaje, 37,5 x 53 x 5,5 cm, 1984<\/figcaption><\/figure><\/div>\n\n\n<div style=\"height:120px\" aria-hidden=\"true\" class=\"wp-block-spacer\"><\/div>\n\n\n\n<div class=\"wp-block-columns is-layout-flex wp-container-core-columns-is-layout-4 wp-block-columns-is-layout-flex\">\n<div class=\"wp-block-column is-layout-flow wp-block-column-is-layout-flow\">\n<figure class=\"wp-block-image size-full\"><img loading=\"lazy\" decoding=\"async\" width=\"480\" height=\"674\" src=\"https:\/\/raulavellaneda.com\/wp-content\/uploads\/web-IMG_9706-2-3.jpg\" alt=\"\" class=\"wp-image-5254\" srcset=\"https:\/\/raulavellaneda.com\/wp-content\/uploads\/web-IMG_9706-2-3.jpg 480w, https:\/\/raulavellaneda.com\/wp-content\/uploads\/web-IMG_9706-2-3-214x300.jpg 214w\" sizes=\"auto, (max-width: 480px) 85vw, 480px\" \/><figcaption class=\"wp-element-caption\">Fotocopia de la primera Comuni\u00f3n, restos de revistas y pl\u00e1stico quemados, carboncillo y pastel sobre papel,  ensamblaje, 37,5 x 53 x 5,5 cm, 1984<\/figcaption><\/figure>\n<\/div>\n\n\n\n<div class=\"wp-block-column is-layout-flow wp-block-column-is-layout-flow\">\n<figure class=\"wp-block-image size-full\"><img loading=\"lazy\" decoding=\"async\" width=\"480\" height=\"666\" src=\"https:\/\/raulavellaneda.com\/wp-content\/uploads\/web-IMG_9698-Kopie-2.jpg\" alt=\"\" class=\"wp-image-5255\" srcset=\"https:\/\/raulavellaneda.com\/wp-content\/uploads\/web-IMG_9698-Kopie-2.jpg 480w, https:\/\/raulavellaneda.com\/wp-content\/uploads\/web-IMG_9698-Kopie-2-216x300.jpg 216w\" sizes=\"auto, (max-width: 480px) 85vw, 480px\" \/><figcaption class=\"wp-element-caption\">Fotocopia de la primera Comuni\u00f3n, restos de revistas quemadas, esponjas, carboncillo y pastel sobre papel,  ensamblaje, 37,5 x 53 x 5,5 cm, 1984<\/figcaption><\/figure>\n<\/div>\n<\/div>\n\n\n\n<div style=\"height:120px\" aria-hidden=\"true\" class=\"wp-block-spacer\"><\/div>\n\n\n<div class=\"wp-block-image\">\n<figure class=\"aligncenter size-full\"><img loading=\"lazy\" decoding=\"async\" width=\"480\" height=\"674\" src=\"https:\/\/raulavellaneda.com\/wp-content\/uploads\/web-IMG_9760-1-1.jpg\" alt=\"\" class=\"wp-image-5256\" srcset=\"https:\/\/raulavellaneda.com\/wp-content\/uploads\/web-IMG_9760-1-1.jpg 480w, https:\/\/raulavellaneda.com\/wp-content\/uploads\/web-IMG_9760-1-1-214x300.jpg 214w\" sizes=\"auto, (max-width: 480px) 85vw, 480px\" \/><figcaption class=\"wp-element-caption\">Fotocopia de la primera Comuni\u00f3n, restos de revistas quemadas, carboncillo, pl\u00e1stico quemado y esponjas, pastel sobre papel,  ensamblaje, 37,5 x 53 x 5,5 cm, 1984<\/figcaption><\/figure><\/div>\n\n\n<div style=\"height:120px\" aria-hidden=\"true\" class=\"wp-block-spacer\"><\/div>\n\n\n\n<div class=\"wp-block-columns is-layout-flex wp-container-core-columns-is-layout-5 wp-block-columns-is-layout-flex\">\n<div class=\"wp-block-column is-layout-flow wp-block-column-is-layout-flow\">\n<figure class=\"wp-block-image size-full\"><img loading=\"lazy\" decoding=\"async\" width=\"480\" height=\"681\" src=\"https:\/\/raulavellaneda.com\/wp-content\/uploads\/web-IMG_9687-Kopie-5.jpg\" alt=\"\" class=\"wp-image-5257\" srcset=\"https:\/\/raulavellaneda.com\/wp-content\/uploads\/web-IMG_9687-Kopie-5.jpg 480w, https:\/\/raulavellaneda.com\/wp-content\/uploads\/web-IMG_9687-Kopie-5-211x300.jpg 211w\" sizes=\"auto, (max-width: 480px) 85vw, 480px\" \/><figcaption class=\"wp-element-caption\">Fotocopia de la primera Comuni\u00f3n, restos de revistas quemadas, carboncillo y pastel sobre papel,  ensamblaje, 37,5 x 53 x 5,5 cm, 1984<\/figcaption><\/figure>\n<\/div>\n\n\n\n<div class=\"wp-block-column is-layout-flow wp-block-column-is-layout-flow\">\n<figure class=\"wp-block-image size-full\"><img loading=\"lazy\" decoding=\"async\" width=\"480\" height=\"674\" src=\"https:\/\/raulavellaneda.com\/wp-content\/uploads\/web-IMG_9322-2.jpg\" alt=\"\" class=\"wp-image-5258\" srcset=\"https:\/\/raulavellaneda.com\/wp-content\/uploads\/web-IMG_9322-2.jpg 480w, https:\/\/raulavellaneda.com\/wp-content\/uploads\/web-IMG_9322-2-214x300.jpg 214w\" sizes=\"auto, (max-width: 480px) 85vw, 480px\" \/><figcaption class=\"wp-element-caption\">Fotocopia de la primera Comuni\u00f3n, restos de revistas quemadas, carboncillo y pastel sobre papel,  ensamblaje, 37,5 x 53 x 5,5 cm, 1984<\/figcaption><\/figure>\n<\/div>\n<\/div>\n\n\n\n<div style=\"height:120px\" aria-hidden=\"true\" class=\"wp-block-spacer\"><\/div>\n\n\n<div class=\"wp-block-image\">\n<figure class=\"aligncenter size-full\"><img loading=\"lazy\" decoding=\"async\" width=\"480\" height=\"675\" src=\"https:\/\/raulavellaneda.com\/wp-content\/uploads\/web-IMG_9707neu-1-2.jpg\" alt=\"\" class=\"wp-image-5259\" srcset=\"https:\/\/raulavellaneda.com\/wp-content\/uploads\/web-IMG_9707neu-1-2.jpg 480w, https:\/\/raulavellaneda.com\/wp-content\/uploads\/web-IMG_9707neu-1-2-213x300.jpg 213w\" sizes=\"auto, (max-width: 480px) 85vw, 480px\" \/><figcaption class=\"wp-element-caption\">Fotocopia de la primera Comuni\u00f3n, restos de revistas quemadas, carboncillo y pastel sobre papel,  ensamblaje, 37,5 x 53 x 5,5 cm, 1984<\/figcaption><\/figure><\/div>\n\n\n<div style=\"height:120px\" aria-hidden=\"true\" class=\"wp-block-spacer\"><\/div>\n\n\n\n<div class=\"wp-block-columns is-layout-flex wp-container-core-columns-is-layout-6 wp-block-columns-is-layout-flex\">\n<div class=\"wp-block-column is-layout-flow wp-block-column-is-layout-flow\">\n<figure class=\"wp-block-image size-full\"><img loading=\"lazy\" decoding=\"async\" width=\"480\" height=\"676\" src=\"https:\/\/raulavellaneda.com\/wp-content\/uploads\/web-IMG_9315-2.jpg\" alt=\"\" class=\"wp-image-5260\" srcset=\"https:\/\/raulavellaneda.com\/wp-content\/uploads\/web-IMG_9315-2.jpg 480w, https:\/\/raulavellaneda.com\/wp-content\/uploads\/web-IMG_9315-2-213x300.jpg 213w\" sizes=\"auto, (max-width: 480px) 85vw, 480px\" \/><figcaption class=\"wp-element-caption\">Fotocopia de la primera Comuni\u00f3n, restos de revistas quemadas, carboncillo y pastel sobre papel,  ensamblaje, 37,5 x 53 x 5,5 cm, 1984<\/figcaption><\/figure>\n<\/div>\n\n\n\n<div class=\"wp-block-column is-layout-flow wp-block-column-is-layout-flow\">\n<figure class=\"wp-block-image size-full\"><img loading=\"lazy\" decoding=\"async\" width=\"480\" height=\"669\" src=\"https:\/\/raulavellaneda.com\/wp-content\/uploads\/web-IMG_9320-2-rotated.jpg\" alt=\"\" class=\"wp-image-5261\" srcset=\"https:\/\/raulavellaneda.com\/wp-content\/uploads\/web-IMG_9320-2-rotated.jpg 480w, https:\/\/raulavellaneda.com\/wp-content\/uploads\/web-IMG_9320-2-215x300.jpg 215w\" sizes=\"auto, (max-width: 480px) 85vw, 480px\" \/><figcaption class=\"wp-element-caption\">Fotocopia de la primera Comuni\u00f3n, restos de revistas quemadas, carboncillo y pastel sobre papel,  ensamblaje, 37,5 x 53 x 5,5 cm, 1984<\/figcaption><\/figure>\n<\/div>\n<\/div>\n\n\n\n<div style=\"height:120px\" aria-hidden=\"true\" class=\"wp-block-spacer\"><\/div>\n\n\n<div class=\"wp-block-image\">\n<figure class=\"aligncenter size-full\"><img loading=\"lazy\" decoding=\"async\" width=\"480\" height=\"681\" src=\"https:\/\/raulavellaneda.com\/wp-content\/uploads\/web-IMG_9756neu-1.jpg\" alt=\"\" class=\"wp-image-5263\" srcset=\"https:\/\/raulavellaneda.com\/wp-content\/uploads\/web-IMG_9756neu-1.jpg 480w, https:\/\/raulavellaneda.com\/wp-content\/uploads\/web-IMG_9756neu-1-211x300.jpg 211w\" sizes=\"auto, (max-width: 480px) 85vw, 480px\" \/><figcaption class=\"wp-element-caption\">Fotocopia de la primera Comuni\u00f3n, restos de revistas quemadas, pl\u00e1stico quemado, esponjas, carboncillo y pastel sobre papel,  ensamblaje, 37,5 x 53 x 5,5 cm, 1984<\/figcaption><\/figure><\/div>\n\n\n<div style=\"height:120px\" aria-hidden=\"true\" class=\"wp-block-spacer\"><\/div>\n\n\n\n<div class=\"wp-block-columns is-layout-flex wp-container-core-columns-is-layout-7 wp-block-columns-is-layout-flex\">\n<div class=\"wp-block-column is-layout-flow wp-block-column-is-layout-flow\">\n<figure class=\"wp-block-image size-full\"><img loading=\"lazy\" decoding=\"async\" width=\"480\" height=\"670\" src=\"https:\/\/raulavellaneda.com\/wp-content\/uploads\/web-IMG_9747neu-3.jpg\" alt=\"\" class=\"wp-image-5265\" srcset=\"https:\/\/raulavellaneda.com\/wp-content\/uploads\/web-IMG_9747neu-3.jpg 480w, https:\/\/raulavellaneda.com\/wp-content\/uploads\/web-IMG_9747neu-3-215x300.jpg 215w\" sizes=\"auto, (max-width: 480px) 85vw, 480px\" \/><figcaption class=\"wp-element-caption\">Fotocopia de la primera Comuni\u00f3n, restos de revistas quemadas, cortinas,  carboncillo y pastel sobre papel,  ensamblaje, 37,5 x 53 x 5,5 cm, 1984<\/figcaption><\/figure>\n<\/div>\n\n\n\n<div class=\"wp-block-column is-layout-flow wp-block-column-is-layout-flow\">\n<figure class=\"wp-block-image size-full\"><img loading=\"lazy\" decoding=\"async\" width=\"480\" height=\"681\" src=\"https:\/\/raulavellaneda.com\/wp-content\/uploads\/web-IMG_9687-Kopie-6.jpg\" alt=\"\" class=\"wp-image-5266\" srcset=\"https:\/\/raulavellaneda.com\/wp-content\/uploads\/web-IMG_9687-Kopie-6.jpg 480w, https:\/\/raulavellaneda.com\/wp-content\/uploads\/web-IMG_9687-Kopie-6-211x300.jpg 211w\" sizes=\"auto, (max-width: 480px) 85vw, 480px\" \/><figcaption class=\"wp-element-caption\">Fotocopia de la primera Comuni\u00f3n, restos de revistas quemadas, telas, carboncillo y pastel sobre papel,  ensamblaje, 37,5 x 53 x 5,5 cm, 1984<\/figcaption><\/figure>\n<\/div>\n<\/div>\n\n\n\n<div style=\"height:120px\" aria-hidden=\"true\" class=\"wp-block-spacer\"><\/div>\n\n\n<div class=\"wp-block-image\">\n<figure class=\"aligncenter size-full\"><img loading=\"lazy\" decoding=\"async\" width=\"480\" height=\"681\" src=\"https:\/\/raulavellaneda.com\/wp-content\/uploads\/web-IMG_9687-Kopie-Kopie-4.jpg\" alt=\"\" class=\"wp-image-5267\" srcset=\"https:\/\/raulavellaneda.com\/wp-content\/uploads\/web-IMG_9687-Kopie-Kopie-4.jpg 480w, https:\/\/raulavellaneda.com\/wp-content\/uploads\/web-IMG_9687-Kopie-Kopie-4-211x300.jpg 211w\" sizes=\"auto, (max-width: 480px) 85vw, 480px\" \/><figcaption class=\"wp-element-caption\">Fotocopia de la primera Comuni\u00f3n, restos de revistas quemadas, telas, carboncillo y pastel sobre papel,  ensamblaje, 37,5 x 53 x 5,5 cm, 1984<\/figcaption><\/figure><\/div>\n\n\n<div style=\"height:120px\" aria-hidden=\"true\" class=\"wp-block-spacer\"><\/div>\n\n\n<div class=\"wp-block-image\">\n<figure class=\"aligncenter size-full\"><img loading=\"lazy\" decoding=\"async\" width=\"480\" height=\"670\" src=\"https:\/\/raulavellaneda.com\/wp-content\/uploads\/web-IMG_97401-gut-1.jpg\" alt=\"\" class=\"wp-image-5268\" srcset=\"https:\/\/raulavellaneda.com\/wp-content\/uploads\/web-IMG_97401-gut-1.jpg 480w, https:\/\/raulavellaneda.com\/wp-content\/uploads\/web-IMG_97401-gut-1-215x300.jpg 215w\" sizes=\"auto, (max-width: 480px) 85vw, 480px\" \/><figcaption class=\"wp-element-caption\">Fotocopia de la primera Comuni\u00f3n, restos de revistas quemadas, telas, carboncillo y pastel sobre papel,  ensamblaje, 37,5 x 53 x 5,5 cm, 1984<\/figcaption><\/figure><\/div>\n\n\n<div style=\"height:120px\" aria-hidden=\"true\" class=\"wp-block-spacer\"><\/div>\n\n\n<div class=\"wp-block-image\">\n<figure class=\"aligncenter size-full\"><img loading=\"lazy\" decoding=\"async\" width=\"480\" height=\"676\" src=\"https:\/\/raulavellaneda.com\/wp-content\/uploads\/web-IMG_9315-Kopie-2.jpg\" alt=\"\" class=\"wp-image-5269\" srcset=\"https:\/\/raulavellaneda.com\/wp-content\/uploads\/web-IMG_9315-Kopie-2.jpg 480w, https:\/\/raulavellaneda.com\/wp-content\/uploads\/web-IMG_9315-Kopie-2-213x300.jpg 213w\" sizes=\"auto, (max-width: 480px) 85vw, 480px\" \/><figcaption class=\"wp-element-caption\">Fotocopia de la primera Comuni\u00f3n, restos de revistas quemadas, medias de mujer, carboncillo y pastel sobre papel,  ensamblaje, 37,5 x 53 x 5,5 cm, 1984<\/figcaption><\/figure><\/div>\n\n\n<div style=\"height:120px\" aria-hidden=\"true\" class=\"wp-block-spacer\"><\/div>\n\n\n\n<div class=\"wp-block-columns is-layout-flex wp-container-core-columns-is-layout-8 wp-block-columns-is-layout-flex\">\n<div class=\"wp-block-column is-layout-flow wp-block-column-is-layout-flow\">\n<figure class=\"wp-block-image size-full\"><img loading=\"lazy\" decoding=\"async\" width=\"480\" height=\"681\" src=\"https:\/\/raulavellaneda.com\/wp-content\/uploads\/web-IMG_9687-5.jpg\" alt=\"\" class=\"wp-image-5270\" srcset=\"https:\/\/raulavellaneda.com\/wp-content\/uploads\/web-IMG_9687-5.jpg 480w, https:\/\/raulavellaneda.com\/wp-content\/uploads\/web-IMG_9687-5-211x300.jpg 211w\" sizes=\"auto, (max-width: 480px) 85vw, 480px\" \/><figcaption class=\"wp-element-caption\">Fotocopia de la primera Comuni\u00f3n, restos de mu\u00f1eco quemado, carboncillo y pastel sobre papel, ensamblaje, 37,5 x 53 x 5,5 cm, 1984<\/figcaption><\/figure>\n<\/div>\n\n\n\n<div class=\"wp-block-column is-layout-flow wp-block-column-is-layout-flow\">\n<figure class=\"wp-block-image size-full\"><img loading=\"lazy\" decoding=\"async\" width=\"480\" height=\"666\" src=\"https:\/\/raulavellaneda.com\/wp-content\/uploads\/webIMG_9698-4.jpg\" alt=\"\" class=\"wp-image-5271\" srcset=\"https:\/\/raulavellaneda.com\/wp-content\/uploads\/webIMG_9698-4.jpg 480w, https:\/\/raulavellaneda.com\/wp-content\/uploads\/webIMG_9698-4-216x300.jpg 216w\" sizes=\"auto, (max-width: 480px) 85vw, 480px\" \/><figcaption class=\"wp-element-caption\">Fotocopia de la primera Comuni\u00f3n, restos de revistas quemadas, medias de mujer, carboncillo y pastel sobre papel, ensamblaje, 37,5 x 53 x 5,5 cm, 1984<\/figcaption><\/figure>\n<\/div>\n<\/div>\n\n\n\n<div style=\"height:120px\" aria-hidden=\"true\" class=\"wp-block-spacer\"><\/div>\n\n\n<div class=\"wp-block-image\">\n<figure class=\"aligncenter size-full\"><img loading=\"lazy\" decoding=\"async\" width=\"480\" height=\"670\" src=\"https:\/\/raulavellaneda.com\/wp-content\/uploads\/web-IMG_9737neu-2.jpg\" alt=\"\" class=\"wp-image-5272\" srcset=\"https:\/\/raulavellaneda.com\/wp-content\/uploads\/web-IMG_9737neu-2.jpg 480w, https:\/\/raulavellaneda.com\/wp-content\/uploads\/web-IMG_9737neu-2-215x300.jpg 215w\" sizes=\"auto, (max-width: 480px) 85vw, 480px\" \/><figcaption class=\"wp-element-caption\">Fotocopia de la primera Comuni\u00f3n, restos de revistas quemadas,  carboncillo y pastel sobre papel, ensamblaje, 37,5 x 53 x 5,5 cm, 1984<\/figcaption><\/figure><\/div>\n\n\n<div style=\"height:120px\" aria-hidden=\"true\" class=\"wp-block-spacer\"><\/div>\n\n\n<div class=\"wp-block-image\">\n<figure class=\"aligncenter size-full\"><img loading=\"lazy\" decoding=\"async\" width=\"480\" height=\"670\" src=\"https:\/\/raulavellaneda.com\/wp-content\/uploads\/web-IMG_9758neu-1.jpg\" alt=\"\" class=\"wp-image-5273\" srcset=\"https:\/\/raulavellaneda.com\/wp-content\/uploads\/web-IMG_9758neu-1.jpg 480w, https:\/\/raulavellaneda.com\/wp-content\/uploads\/web-IMG_9758neu-1-215x300.jpg 215w\" sizes=\"auto, (max-width: 480px) 85vw, 480px\" \/><figcaption class=\"wp-element-caption\">Fotocopia de la primera Comuni\u00f3n, restos de revistas quemadas, medias de mujer y esponjas, carboncillo y pastel sobre papel, ensamblaje, 37,5 x 53 x 5,5 cm, 1984<\/figcaption><\/figure><\/div>\n\n\n<div style=\"height:120px\" aria-hidden=\"true\" class=\"wp-block-spacer\"><\/div>\n\n\n<div class=\"wp-block-image\">\n<figure class=\"aligncenter size-full\"><img loading=\"lazy\" decoding=\"async\" width=\"480\" height=\"670\" src=\"https:\/\/raulavellaneda.com\/wp-content\/uploads\/web-IMG_9731neu-1-1.jpg\" alt=\"\" class=\"wp-image-5274\" srcset=\"https:\/\/raulavellaneda.com\/wp-content\/uploads\/web-IMG_9731neu-1-1.jpg 480w, https:\/\/raulavellaneda.com\/wp-content\/uploads\/web-IMG_9731neu-1-1-215x300.jpg 215w\" sizes=\"auto, (max-width: 480px) 85vw, 480px\" \/><figcaption class=\"wp-element-caption\">Fotocopia de la primera Comuni\u00f3n, restos de revistas quemadas, carboncillo y pastel sobre papel, ensamblaje, 37,5 x 53 x 5,5 cm, 1984<\/figcaption><\/figure><\/div>\n\n\n<div style=\"height:120px\" aria-hidden=\"true\" class=\"wp-block-spacer\"><\/div>\n\n\n<div class=\"wp-block-image\">\n<figure class=\"aligncenter size-full\"><img loading=\"lazy\" decoding=\"async\" width=\"480\" height=\"670\" src=\"https:\/\/raulavellaneda.com\/wp-content\/uploads\/web-IMG_9745neu-1.jpg\" alt=\"\" class=\"wp-image-5275\" srcset=\"https:\/\/raulavellaneda.com\/wp-content\/uploads\/web-IMG_9745neu-1.jpg 480w, https:\/\/raulavellaneda.com\/wp-content\/uploads\/web-IMG_9745neu-1-215x300.jpg 215w\" sizes=\"auto, (max-width: 480px) 85vw, 480px\" \/><figcaption class=\"wp-element-caption\">Fotocopia de la primera Comuni\u00f3n, restos de revistas quemadas, pl\u00e1stico, estampitas, carboncillo y pastel sobre papel, ensamblaje, 37,5 x 53 x 5,5 cm, 1984<\/figcaption><\/figure><\/div>\n\n\n<p class=\"has-text-align-center has-medium-font-size\"><a href=\"https:\/\/raulavellaneda.com\/?page_id=1337\">obras<\/a><\/p>\n","protected":false},"excerpt":{"rendered":"<p>Serie inspirada en el poemario &#8222;La realidad y el deseo&#8220; del poeta espa\u00f1ol Luis Cernuda.&nbsp; Meditaciones materiales &#8211; iconos autobiogr\u00e1ficos &#8211; sobre elementos pict\u00f3ricos simb\u00f3licos: una fotograf\u00eda de la infancia, el retrato de su madre (poco antes de su muerte), una fotograf\u00eda de su propio cuerpo, motivos populares peruanos. Fotograf\u00eda utilizada para la serie &#8222;La &hellip; <a href=\"https:\/\/raulavellaneda.com\/?page_id=5239\" class=\"more-link\"><span class=\"screen-reader-text\">\u201e&#8222;la Realidad y el Deseo&#8220;\u201c<\/span> weiterlesen<\/a><\/p>\n","protected":false},"author":1,"featured_media":0,"parent":0,"menu_order":0,"comment_status":"closed","ping_status":"closed","template":"","meta":{"footnotes":""},"class_list":["post-5239","page","type-page","status-publish","hentry"],"_links":{"self":[{"href":"https:\/\/raulavellaneda.com\/index.php?rest_route=\/wp\/v2\/pages\/5239","targetHints":{"allow":["GET"]}}],"collection":[{"href":"https:\/\/raulavellaneda.com\/index.php?rest_route=\/wp\/v2\/pages"}],"about":[{"href":"https:\/\/raulavellaneda.com\/index.php?rest_route=\/wp\/v2\/types\/page"}],"author":[{"embeddable":true,"href":"https:\/\/raulavellaneda.com\/index.php?rest_route=\/wp\/v2\/users\/1"}],"replies":[{"embeddable":true,"href":"https:\/\/raulavellaneda.com\/index.php?rest_route=%2Fwp%2Fv2%2Fcomments&post=5239"}],"version-history":[{"count":12,"href":"https:\/\/raulavellaneda.com\/index.php?rest_route=\/wp\/v2\/pages\/5239\/revisions"}],"predecessor-version":[{"id":5623,"href":"https:\/\/raulavellaneda.com\/index.php?rest_route=\/wp\/v2\/pages\/5239\/revisions\/5623"}],"wp:attachment":[{"href":"https:\/\/raulavellaneda.com\/index.php?rest_route=%2Fwp%2Fv2%2Fmedia&parent=5239"}],"curies":[{"name":"wp","href":"https:\/\/api.w.org\/{rel}","templated":true}]}}