{"id":5292,"date":"2024-07-22T08:49:20","date_gmt":"2024-07-22T06:49:20","guid":{"rendered":"https:\/\/raulavellaneda.com\/?page_id=5292"},"modified":"2024-12-18T16:43:14","modified_gmt":"2024-12-18T15:43:14","slug":"escenas-familiares","status":"publish","type":"page","link":"https:\/\/raulavellaneda.com\/?page_id=5292","title":{"rendered":"Escenas familiares"},"content":{"rendered":"\n<div style=\"height:100px\" aria-hidden=\"true\" class=\"wp-block-spacer\"><\/div>\n\n\n\n<p>Para esta serie fotogr\u00e1fica, Ra\u00fal Avellaneda utiliz\u00f3 recuerdos de su infancia: el cuadro de la Santa Madre de Dios que colgaba en la habitaci\u00f3n de una t\u00eda que hab\u00eda pasado a\u00f1os recluida esperando la muerte, ropa usada y un bolso de su madre, que muri\u00f3 joven, as\u00ed como una foto de su padre. Tambi\u00e9n se utilizaron objetos usados de un hospital abandonado y la silla de la criada de la casa.<\/p>\n\n\n\n<p>La purificaci\u00f3n de la v\u00edctima representada pretend\u00eda normalizar las perversiones de la vida familiar.<\/p>\n\n\n\n<div style=\"height:20px\" aria-hidden=\"true\" class=\"wp-block-spacer\"><\/div>\n\n\n\n<div class=\"wp-block-columns is-layout-flex wp-container-core-columns-is-layout-1 wp-block-columns-is-layout-flex\">\n<div class=\"wp-block-column is-layout-flow wp-block-column-is-layout-flow\">\n<figure class=\"wp-block-image size-full\"><img loading=\"lazy\" decoding=\"async\" width=\"480\" height=\"703\" src=\"https:\/\/raulavellaneda.com\/wp-content\/uploads\/web-image0293-gut-.jpg\" alt=\"\" class=\"wp-image-5656\" srcset=\"https:\/\/raulavellaneda.com\/wp-content\/uploads\/web-image0293-gut-.jpg 480w, https:\/\/raulavellaneda.com\/wp-content\/uploads\/web-image0293-gut--205x300.jpg 205w\" sizes=\"auto, (max-width: 480px) 85vw, 480px\" \/><\/figure>\n<\/div>\n\n\n\n<div class=\"wp-block-column is-layout-flow wp-block-column-is-layout-flow\">\n<figure class=\"wp-block-image size-full\"><img loading=\"lazy\" decoding=\"async\" width=\"480\" height=\"722\" src=\"https:\/\/raulavellaneda.com\/wp-content\/uploads\/web-image0310-gut-.jpg\" alt=\"\" class=\"wp-image-5658\" srcset=\"https:\/\/raulavellaneda.com\/wp-content\/uploads\/web-image0310-gut-.jpg 480w, https:\/\/raulavellaneda.com\/wp-content\/uploads\/web-image0310-gut--199x300.jpg 199w\" sizes=\"auto, (max-width: 480px) 85vw, 480px\" \/><\/figure>\n<\/div>\n<\/div>\n\n\n\n<div style=\"height:100px\" aria-hidden=\"true\" class=\"wp-block-spacer\"><\/div>\n\n\n\n<div class=\"wp-block-columns is-layout-flex wp-container-core-columns-is-layout-2 wp-block-columns-is-layout-flex\">\n<div class=\"wp-block-column is-layout-flow wp-block-column-is-layout-flow\">\n<figure class=\"wp-block-image size-full\"><img loading=\"lazy\" decoding=\"async\" width=\"480\" height=\"729\" src=\"https:\/\/raulavellaneda.com\/wp-content\/uploads\/web-image0311-gut-jpg.jpg\" alt=\"\" class=\"wp-image-5659\" srcset=\"https:\/\/raulavellaneda.com\/wp-content\/uploads\/web-image0311-gut-jpg.jpg 480w, https:\/\/raulavellaneda.com\/wp-content\/uploads\/web-image0311-gut-jpg-198x300.jpg 198w\" sizes=\"auto, (max-width: 480px) 85vw, 480px\" \/><\/figure>\n<\/div>\n\n\n\n<div class=\"wp-block-column is-layout-flow wp-block-column-is-layout-flow\">\n<figure class=\"wp-block-image size-full\"><img loading=\"lazy\" decoding=\"async\" width=\"480\" height=\"718\" src=\"https:\/\/raulavellaneda.com\/wp-content\/uploads\/web-image0284-gut-.jpg\" alt=\"\" class=\"wp-image-5660\" srcset=\"https:\/\/raulavellaneda.com\/wp-content\/uploads\/web-image0284-gut-.jpg 480w, https:\/\/raulavellaneda.com\/wp-content\/uploads\/web-image0284-gut--201x300.jpg 201w\" sizes=\"auto, (max-width: 480px) 85vw, 480px\" \/><\/figure>\n<\/div>\n<\/div>\n\n\n\n<div style=\"height:120px\" aria-hidden=\"true\" class=\"wp-block-spacer\"><\/div>\n\n\n\n<div class=\"wp-block-columns is-layout-flex wp-container-core-columns-is-layout-3 wp-block-columns-is-layout-flex\">\n<div class=\"wp-block-column is-layout-flow wp-block-column-is-layout-flow\">\n<figure class=\"wp-block-image size-full\"><img loading=\"lazy\" decoding=\"async\" width=\"480\" height=\"720\" src=\"https:\/\/raulavellaneda.com\/wp-content\/uploads\/web-image0283-gut-.jpg\" alt=\"\" class=\"wp-image-5661\" srcset=\"https:\/\/raulavellaneda.com\/wp-content\/uploads\/web-image0283-gut-.jpg 480w, https:\/\/raulavellaneda.com\/wp-content\/uploads\/web-image0283-gut--200x300.jpg 200w\" sizes=\"auto, (max-width: 480px) 85vw, 480px\" \/><\/figure>\n<\/div>\n\n\n\n<div class=\"wp-block-column is-layout-flow wp-block-column-is-layout-flow\">\n<figure class=\"wp-block-image size-full\"><img loading=\"lazy\" decoding=\"async\" width=\"480\" height=\"709\" src=\"https:\/\/raulavellaneda.com\/wp-content\/uploads\/web-image0306-gut-.jpg\" alt=\"\" class=\"wp-image-5662\" srcset=\"https:\/\/raulavellaneda.com\/wp-content\/uploads\/web-image0306-gut-.jpg 480w, https:\/\/raulavellaneda.com\/wp-content\/uploads\/web-image0306-gut--203x300.jpg 203w\" sizes=\"auto, (max-width: 480px) 85vw, 480px\" \/><\/figure>\n<\/div>\n<\/div>\n\n\n\n<div style=\"height:120px\" aria-hidden=\"true\" class=\"wp-block-spacer\"><\/div>\n\n\n\n<div class=\"wp-block-columns is-layout-flex wp-container-core-columns-is-layout-4 wp-block-columns-is-layout-flex\">\n<div class=\"wp-block-column is-layout-flow wp-block-column-is-layout-flow\">\n<figure class=\"wp-block-image size-full\"><img loading=\"lazy\" decoding=\"async\" width=\"840\" height=\"563\" src=\"https:\/\/raulavellaneda.com\/wp-content\/uploads\/web-image0292-gut.jpg\" alt=\"\" class=\"wp-image-5663\" srcset=\"https:\/\/raulavellaneda.com\/wp-content\/uploads\/web-image0292-gut.jpg 840w, https:\/\/raulavellaneda.com\/wp-content\/uploads\/web-image0292-gut-300x201.jpg 300w, https:\/\/raulavellaneda.com\/wp-content\/uploads\/web-image0292-gut-768x515.jpg 768w\" sizes=\"auto, (max-width: 709px) 85vw, (max-width: 909px) 67vw, (max-width: 1362px) 62vw, 840px\" \/><\/figure>\n<\/div>\n<\/div>\n\n\n\n<div style=\"height:120px\" aria-hidden=\"true\" class=\"wp-block-spacer\"><\/div>\n\n\n\n<figure class=\"wp-block-image size-full\"><img loading=\"lazy\" decoding=\"async\" width=\"840\" height=\"568\" src=\"https:\/\/raulavellaneda.com\/wp-content\/uploads\/web-image0312-gut-.jpg\" alt=\"\" class=\"wp-image-5664\" srcset=\"https:\/\/raulavellaneda.com\/wp-content\/uploads\/web-image0312-gut-.jpg 840w, https:\/\/raulavellaneda.com\/wp-content\/uploads\/web-image0312-gut--300x203.jpg 300w, https:\/\/raulavellaneda.com\/wp-content\/uploads\/web-image0312-gut--768x519.jpg 768w\" sizes=\"auto, (max-width: 709px) 85vw, (max-width: 909px) 67vw, (max-width: 1362px) 62vw, 840px\" \/><\/figure>\n\n\n\n<div style=\"height:120px\" aria-hidden=\"true\" class=\"wp-block-spacer\"><\/div>\n\n\n\n<div class=\"wp-block-columns is-layout-flex wp-container-core-columns-is-layout-5 wp-block-columns-is-layout-flex\">\n<div class=\"wp-block-column is-layout-flow wp-block-column-is-layout-flow\">\n<figure class=\"wp-block-image size-full\"><img loading=\"lazy\" decoding=\"async\" width=\"480\" height=\"721\" src=\"https:\/\/raulavellaneda.com\/wp-content\/uploads\/web-image0298-gut-jpg.jpg\" alt=\"\" class=\"wp-image-5665\" srcset=\"https:\/\/raulavellaneda.com\/wp-content\/uploads\/web-image0298-gut-jpg.jpg 480w, https:\/\/raulavellaneda.com\/wp-content\/uploads\/web-image0298-gut-jpg-200x300.jpg 200w\" sizes=\"auto, (max-width: 480px) 85vw, 480px\" \/><\/figure>\n<\/div>\n\n\n\n<div class=\"wp-block-column is-layout-flow wp-block-column-is-layout-flow\">\n<figure class=\"wp-block-image size-full\"><img loading=\"lazy\" decoding=\"async\" width=\"480\" height=\"720\" src=\"https:\/\/raulavellaneda.com\/wp-content\/uploads\/web-image0286-gut-.jpg\" alt=\"\" class=\"wp-image-5666\" srcset=\"https:\/\/raulavellaneda.com\/wp-content\/uploads\/web-image0286-gut-.jpg 480w, https:\/\/raulavellaneda.com\/wp-content\/uploads\/web-image0286-gut--200x300.jpg 200w\" sizes=\"auto, (max-width: 480px) 85vw, 480px\" \/><\/figure>\n<\/div>\n<\/div>\n\n\n\n<div style=\"height:120px\" aria-hidden=\"true\" class=\"wp-block-spacer\"><\/div>\n\n\n\n<div class=\"wp-block-columns is-layout-flex wp-container-core-columns-is-layout-6 wp-block-columns-is-layout-flex\">\n<div class=\"wp-block-column is-layout-flow wp-block-column-is-layout-flow\">\n<figure class=\"wp-block-image size-full\"><img loading=\"lazy\" decoding=\"async\" width=\"480\" height=\"717\" src=\"https:\/\/raulavellaneda.com\/wp-content\/uploads\/web-image0282-gut-.jpg\" alt=\"\" class=\"wp-image-5667\" srcset=\"https:\/\/raulavellaneda.com\/wp-content\/uploads\/web-image0282-gut-.jpg 480w, https:\/\/raulavellaneda.com\/wp-content\/uploads\/web-image0282-gut--201x300.jpg 201w\" sizes=\"auto, (max-width: 480px) 85vw, 480px\" \/><\/figure>\n<\/div>\n\n\n\n<div class=\"wp-block-column is-layout-flow wp-block-column-is-layout-flow\">\n<figure class=\"wp-block-image size-full\"><img loading=\"lazy\" decoding=\"async\" width=\"480\" height=\"720\" src=\"https:\/\/raulavellaneda.com\/wp-content\/uploads\/web-image0309-gut-.jpg\" alt=\"\" class=\"wp-image-5668\" srcset=\"https:\/\/raulavellaneda.com\/wp-content\/uploads\/web-image0309-gut-.jpg 480w, https:\/\/raulavellaneda.com\/wp-content\/uploads\/web-image0309-gut--200x300.jpg 200w\" sizes=\"auto, (max-width: 480px) 85vw, 480px\" \/><\/figure>\n<\/div>\n<\/div>\n\n\n\n<div style=\"height:120px\" aria-hidden=\"true\" class=\"wp-block-spacer\"><\/div>\n\n\n\n<div class=\"wp-block-columns is-layout-flex wp-container-core-columns-is-layout-7 wp-block-columns-is-layout-flex\">\n<div class=\"wp-block-column is-layout-flow wp-block-column-is-layout-flow\">\n<figure class=\"wp-block-image size-full\"><img loading=\"lazy\" decoding=\"async\" width=\"480\" height=\"718\" src=\"https:\/\/raulavellaneda.com\/wp-content\/uploads\/web-image0301gut-jpg.jpg\" alt=\"\" class=\"wp-image-5669\" srcset=\"https:\/\/raulavellaneda.com\/wp-content\/uploads\/web-image0301gut-jpg.jpg 480w, https:\/\/raulavellaneda.com\/wp-content\/uploads\/web-image0301gut-jpg-201x300.jpg 201w\" sizes=\"auto, (max-width: 480px) 85vw, 480px\" \/><\/figure>\n<\/div>\n\n\n\n<div class=\"wp-block-column is-layout-flow wp-block-column-is-layout-flow\">\n<figure class=\"wp-block-image size-full\"><img loading=\"lazy\" decoding=\"async\" width=\"480\" height=\"719\" src=\"https:\/\/raulavellaneda.com\/wp-content\/uploads\/web-image0304.jpg\" alt=\"\" class=\"wp-image-5670\" srcset=\"https:\/\/raulavellaneda.com\/wp-content\/uploads\/web-image0304.jpg 480w, https:\/\/raulavellaneda.com\/wp-content\/uploads\/web-image0304-200x300.jpg 200w\" sizes=\"auto, (max-width: 480px) 85vw, 480px\" \/><\/figure>\n<\/div>\n<\/div>\n\n\n\n<div style=\"height:120px\" aria-hidden=\"true\" class=\"wp-block-spacer\"><\/div>\n\n\n\n<div class=\"wp-block-columns is-layout-flex wp-container-core-columns-is-layout-8 wp-block-columns-is-layout-flex\">\n<div class=\"wp-block-column is-layout-flow wp-block-column-is-layout-flow\">\n<figure class=\"wp-block-image size-full\"><img loading=\"lazy\" decoding=\"async\" width=\"480\" height=\"718\" src=\"https:\/\/raulavellaneda.com\/wp-content\/uploads\/web-image0300-gut-.jpg\" alt=\"\" class=\"wp-image-5671\" srcset=\"https:\/\/raulavellaneda.com\/wp-content\/uploads\/web-image0300-gut-.jpg 480w, https:\/\/raulavellaneda.com\/wp-content\/uploads\/web-image0300-gut--201x300.jpg 201w\" sizes=\"auto, (max-width: 480px) 85vw, 480px\" \/><\/figure>\n<\/div>\n\n\n\n<div class=\"wp-block-column is-layout-flow wp-block-column-is-layout-flow\">\n<figure class=\"wp-block-image size-full\"><img loading=\"lazy\" decoding=\"async\" width=\"480\" height=\"709\" src=\"https:\/\/raulavellaneda.com\/wp-content\/uploads\/web-image0306-gut-1-1.jpg\" alt=\"\" class=\"wp-image-5672\" srcset=\"https:\/\/raulavellaneda.com\/wp-content\/uploads\/web-image0306-gut-1-1.jpg 480w, https:\/\/raulavellaneda.com\/wp-content\/uploads\/web-image0306-gut-1-1-203x300.jpg 203w\" sizes=\"auto, (max-width: 480px) 85vw, 480px\" \/><\/figure>\n<\/div>\n<\/div>\n\n\n\n<div style=\"height:120px\" aria-hidden=\"true\" class=\"wp-block-spacer\"><\/div>\n\n\n\n<div class=\"wp-block-columns is-layout-flex wp-container-core-columns-is-layout-9 wp-block-columns-is-layout-flex\">\n<div class=\"wp-block-column is-layout-flow wp-block-column-is-layout-flow\">\n<figure class=\"wp-block-image size-full\"><img loading=\"lazy\" decoding=\"async\" width=\"480\" height=\"720\" src=\"https:\/\/raulavellaneda.com\/wp-content\/uploads\/web-image0303-gut-.jpg\" alt=\"\" class=\"wp-image-5673\" srcset=\"https:\/\/raulavellaneda.com\/wp-content\/uploads\/web-image0303-gut-.jpg 480w, https:\/\/raulavellaneda.com\/wp-content\/uploads\/web-image0303-gut--200x300.jpg 200w\" sizes=\"auto, (max-width: 480px) 85vw, 480px\" \/><\/figure>\n<\/div>\n\n\n\n<div class=\"wp-block-column is-layout-flow wp-block-column-is-layout-flow\">\n<figure class=\"wp-block-image size-full\"><img loading=\"lazy\" decoding=\"async\" width=\"480\" height=\"719\" src=\"https:\/\/raulavellaneda.com\/wp-content\/uploads\/web-image0302-gut-.jpg\" alt=\"\" class=\"wp-image-5674\" srcset=\"https:\/\/raulavellaneda.com\/wp-content\/uploads\/web-image0302-gut-.jpg 480w, https:\/\/raulavellaneda.com\/wp-content\/uploads\/web-image0302-gut--200x300.jpg 200w\" sizes=\"auto, (max-width: 480px) 85vw, 480px\" \/><\/figure>\n<\/div>\n<\/div>\n\n\n\n<div style=\"height:120px\" aria-hidden=\"true\" class=\"wp-block-spacer\"><\/div>\n\n\n\n<figure class=\"wp-block-image size-full\"><img loading=\"lazy\" decoding=\"async\" width=\"840\" height=\"565\" src=\"https:\/\/raulavellaneda.com\/wp-content\/uploads\/web-image0299-gut.jpg\" alt=\"\" class=\"wp-image-5675\" srcset=\"https:\/\/raulavellaneda.com\/wp-content\/uploads\/web-image0299-gut.jpg 840w, https:\/\/raulavellaneda.com\/wp-content\/uploads\/web-image0299-gut-300x202.jpg 300w, https:\/\/raulavellaneda.com\/wp-content\/uploads\/web-image0299-gut-768x517.jpg 768w\" sizes=\"auto, (max-width: 709px) 85vw, (max-width: 909px) 67vw, (max-width: 1362px) 62vw, 840px\" \/><\/figure>\n\n\n\n<div style=\"height:120px\" aria-hidden=\"true\" class=\"wp-block-spacer\"><\/div>\n\n\n\n<div class=\"wp-block-columns is-layout-flex wp-container-core-columns-is-layout-10 wp-block-columns-is-layout-flex\">\n<div class=\"wp-block-column is-layout-flow wp-block-column-is-layout-flow\">\n<figure class=\"wp-block-image size-full\"><img loading=\"lazy\" decoding=\"async\" width=\"1709\" height=\"2560\" src=\"https:\/\/raulavellaneda.com\/wp-content\/uploads\/web-image0294-gut--scaled.jpg\" alt=\"\" class=\"wp-image-5676\" srcset=\"https:\/\/raulavellaneda.com\/wp-content\/uploads\/web-image0294-gut--scaled.jpg 1709w, https:\/\/raulavellaneda.com\/wp-content\/uploads\/web-image0294-gut--200x300.jpg 200w, https:\/\/raulavellaneda.com\/wp-content\/uploads\/web-image0294-gut--683x1024.jpg 683w, https:\/\/raulavellaneda.com\/wp-content\/uploads\/web-image0294-gut--768x1151.jpg 768w, https:\/\/raulavellaneda.com\/wp-content\/uploads\/web-image0294-gut--1025x1536.jpg 1025w, https:\/\/raulavellaneda.com\/wp-content\/uploads\/web-image0294-gut--1367x2048.jpg 1367w, https:\/\/raulavellaneda.com\/wp-content\/uploads\/web-image0294-gut--1200x1798.jpg 1200w\" sizes=\"auto, (max-width: 709px) 85vw, (max-width: 909px) 67vw, (max-width: 1362px) 62vw, 840px\" \/><\/figure>\n<\/div>\n\n\n\n<div class=\"wp-block-column is-layout-flow wp-block-column-is-layout-flow\">\n<figure class=\"wp-block-image size-full\"><img loading=\"lazy\" decoding=\"async\" width=\"480\" height=\"719\" src=\"https:\/\/raulavellaneda.com\/wp-content\/uploads\/web-image0305-gut-.jpg\" alt=\"\" class=\"wp-image-5677\" srcset=\"https:\/\/raulavellaneda.com\/wp-content\/uploads\/web-image0305-gut-.jpg 480w, https:\/\/raulavellaneda.com\/wp-content\/uploads\/web-image0305-gut--200x300.jpg 200w\" sizes=\"auto, (max-width: 480px) 85vw, 480px\" \/><\/figure>\n<\/div>\n<\/div>\n\n\n\n<div style=\"height:120px\" aria-hidden=\"true\" class=\"wp-block-spacer\"><\/div>\n\n\n\n<figure class=\"wp-block-image size-full\"><img loading=\"lazy\" decoding=\"async\" width=\"840\" height=\"558\" src=\"https:\/\/raulavellaneda.com\/wp-content\/uploads\/web-image0297-gut-.jpg\" alt=\"\" class=\"wp-image-5678\" srcset=\"https:\/\/raulavellaneda.com\/wp-content\/uploads\/web-image0297-gut-.jpg 840w, https:\/\/raulavellaneda.com\/wp-content\/uploads\/web-image0297-gut--300x199.jpg 300w, https:\/\/raulavellaneda.com\/wp-content\/uploads\/web-image0297-gut--768x510.jpg 768w\" sizes=\"auto, (max-width: 709px) 85vw, (max-width: 909px) 67vw, (max-width: 1362px) 62vw, 840px\" \/><\/figure>\n\n\n\n<div style=\"height:120px\" aria-hidden=\"true\" class=\"wp-block-spacer\"><\/div>\n\n\n\n<figure class=\"wp-block-image size-full\"><img loading=\"lazy\" decoding=\"async\" width=\"840\" height=\"557\" src=\"https:\/\/raulavellaneda.com\/wp-content\/uploads\/web-image0290-gut-.jpg\" alt=\"\" class=\"wp-image-5679\" srcset=\"https:\/\/raulavellaneda.com\/wp-content\/uploads\/web-image0290-gut-.jpg 840w, https:\/\/raulavellaneda.com\/wp-content\/uploads\/web-image0290-gut--300x199.jpg 300w, https:\/\/raulavellaneda.com\/wp-content\/uploads\/web-image0290-gut--768x509.jpg 768w\" sizes=\"auto, (max-width: 709px) 85vw, (max-width: 909px) 67vw, (max-width: 1362px) 62vw, 840px\" \/><\/figure>\n\n\n\n<div style=\"height:120px\" aria-hidden=\"true\" class=\"wp-block-spacer\"><\/div>\n\n\n\n<figure class=\"wp-block-image size-full\"><img loading=\"lazy\" decoding=\"async\" width=\"840\" height=\"563\" src=\"https:\/\/raulavellaneda.com\/wp-content\/uploads\/web-image0289-gut-.jpg\" alt=\"\" class=\"wp-image-5680\" srcset=\"https:\/\/raulavellaneda.com\/wp-content\/uploads\/web-image0289-gut-.jpg 840w, https:\/\/raulavellaneda.com\/wp-content\/uploads\/web-image0289-gut--300x201.jpg 300w, https:\/\/raulavellaneda.com\/wp-content\/uploads\/web-image0289-gut--768x515.jpg 768w\" sizes=\"auto, (max-width: 709px) 85vw, (max-width: 909px) 67vw, (max-width: 1362px) 62vw, 840px\" \/><\/figure>\n\n\n\n<div style=\"height:120px\" aria-hidden=\"true\" class=\"wp-block-spacer\"><\/div>\n\n\n\n<figure class=\"wp-block-image size-full\"><img loading=\"lazy\" decoding=\"async\" width=\"840\" height=\"563\" src=\"https:\/\/raulavellaneda.com\/wp-content\/uploads\/web-image0288-gut.jpg\" alt=\"\" class=\"wp-image-5681\" srcset=\"https:\/\/raulavellaneda.com\/wp-content\/uploads\/web-image0288-gut.jpg 840w, https:\/\/raulavellaneda.com\/wp-content\/uploads\/web-image0288-gut-300x201.jpg 300w, https:\/\/raulavellaneda.com\/wp-content\/uploads\/web-image0288-gut-768x515.jpg 768w\" sizes=\"auto, (max-width: 709px) 85vw, (max-width: 909px) 67vw, (max-width: 1362px) 62vw, 840px\" \/><\/figure>\n\n\n\n<div style=\"height:120px\" aria-hidden=\"true\" class=\"wp-block-spacer\"><\/div>\n\n\n\n<div class=\"wp-block-columns is-layout-flex wp-container-core-columns-is-layout-11 wp-block-columns-is-layout-flex\">\n<div class=\"wp-block-column is-layout-flow wp-block-column-is-layout-flow\">\n<figure class=\"wp-block-image size-full\"><img loading=\"lazy\" decoding=\"async\" width=\"480\" height=\"711\" src=\"https:\/\/raulavellaneda.com\/wp-content\/uploads\/web-image09999-gut.jpg\" alt=\"\" class=\"wp-image-5682\" srcset=\"https:\/\/raulavellaneda.com\/wp-content\/uploads\/web-image09999-gut.jpg 480w, https:\/\/raulavellaneda.com\/wp-content\/uploads\/web-image09999-gut-203x300.jpg 203w\" sizes=\"auto, (max-width: 480px) 85vw, 480px\" \/><\/figure>\n<\/div>\n\n\n\n<div class=\"wp-block-column is-layout-flow wp-block-column-is-layout-flow\">\n<figure class=\"wp-block-image size-full\"><img loading=\"lazy\" decoding=\"async\" width=\"480\" height=\"717\" src=\"https:\/\/raulavellaneda.com\/wp-content\/uploads\/web-image0307-gut-.jpg\" alt=\"\" class=\"wp-image-5683\" srcset=\"https:\/\/raulavellaneda.com\/wp-content\/uploads\/web-image0307-gut-.jpg 480w, https:\/\/raulavellaneda.com\/wp-content\/uploads\/web-image0307-gut--201x300.jpg 201w\" sizes=\"auto, (max-width: 480px) 85vw, 480px\" \/><\/figure>\n<\/div>\n<\/div>\n\n\n\n<div style=\"height:120px\" aria-hidden=\"true\" class=\"wp-block-spacer\"><\/div>\n\n\n<div class=\"wp-block-image\">\n<figure class=\"aligncenter size-full\"><img loading=\"lazy\" decoding=\"async\" width=\"480\" height=\"726\" src=\"https:\/\/raulavellaneda.com\/wp-content\/uploads\/web-image0295-gut-.jpg\" alt=\"\" class=\"wp-image-5684\" srcset=\"https:\/\/raulavellaneda.com\/wp-content\/uploads\/web-image0295-gut-.jpg 480w, https:\/\/raulavellaneda.com\/wp-content\/uploads\/web-image0295-gut--198x300.jpg 198w\" sizes=\"auto, (max-width: 480px) 85vw, 480px\" \/><\/figure><\/div>\n\n\n<div style=\"height:120px\" aria-hidden=\"true\" class=\"wp-block-spacer\"><\/div>\n\n\n\n<div class=\"wp-block-columns is-layout-flex wp-container-core-columns-is-layout-12 wp-block-columns-is-layout-flex\">\n<div class=\"wp-block-column is-layout-flow wp-block-column-is-layout-flow\">\n<figure class=\"wp-block-image size-full\"><img loading=\"lazy\" decoding=\"async\" width=\"480\" height=\"775\" src=\"https:\/\/raulavellaneda.com\/wp-content\/uploads\/web-image0313-gut-.jpg\" alt=\"\" class=\"wp-image-5685\" srcset=\"https:\/\/raulavellaneda.com\/wp-content\/uploads\/web-image0313-gut-.jpg 480w, https:\/\/raulavellaneda.com\/wp-content\/uploads\/web-image0313-gut--186x300.jpg 186w\" sizes=\"auto, (max-width: 480px) 85vw, 480px\" \/><\/figure>\n<\/div>\n\n\n\n<div class=\"wp-block-column is-layout-flow wp-block-column-is-layout-flow\">\n<figure class=\"wp-block-image size-full\"><img loading=\"lazy\" decoding=\"async\" width=\"480\" height=\"719\" src=\"https:\/\/raulavellaneda.com\/wp-content\/uploads\/web-image0314-gut-.jpg\" alt=\"\" class=\"wp-image-5686\" srcset=\"https:\/\/raulavellaneda.com\/wp-content\/uploads\/web-image0314-gut-.jpg 480w, https:\/\/raulavellaneda.com\/wp-content\/uploads\/web-image0314-gut--200x300.jpg 200w\" sizes=\"auto, (max-width: 480px) 85vw, 480px\" \/><\/figure>\n<\/div>\n<\/div>\n\n\n\n<p>Actuante: Sergio Zevallos<\/p>\n\n\n\n<p>Fotos: Ra\u00fal Avellaneda<\/p>\n\n\n\n<p class=\"has-text-align-center has-medium-font-size\"><a href=\"https:\/\/raulavellaneda.com\/?page_id=1337\">obras<\/a><\/p>\n","protected":false},"excerpt":{"rendered":"<p>Para esta serie fotogr\u00e1fica, Ra\u00fal Avellaneda utiliz\u00f3 recuerdos de su infancia: el cuadro de la Santa Madre de Dios que colgaba en la habitaci\u00f3n de una t\u00eda que hab\u00eda pasado a\u00f1os recluida esperando la muerte, ropa usada y un bolso de su madre, que muri\u00f3 joven, as\u00ed como una foto de su padre. Tambi\u00e9n se &hellip; <a href=\"https:\/\/raulavellaneda.com\/?page_id=5292\" class=\"more-link\"><span class=\"screen-reader-text\">\u201eEscenas familiares\u201c<\/span> weiterlesen<\/a><\/p>\n","protected":false},"author":1,"featured_media":0,"parent":0,"menu_order":0,"comment_status":"closed","ping_status":"closed","template":"","meta":{"footnotes":""},"class_list":["post-5292","page","type-page","status-publish","hentry"],"_links":{"self":[{"href":"https:\/\/raulavellaneda.com\/index.php?rest_route=\/wp\/v2\/pages\/5292","targetHints":{"allow":["GET"]}}],"collection":[{"href":"https:\/\/raulavellaneda.com\/index.php?rest_route=\/wp\/v2\/pages"}],"about":[{"href":"https:\/\/raulavellaneda.com\/index.php?rest_route=\/wp\/v2\/types\/page"}],"author":[{"embeddable":true,"href":"https:\/\/raulavellaneda.com\/index.php?rest_route=\/wp\/v2\/users\/1"}],"replies":[{"embeddable":true,"href":"https:\/\/raulavellaneda.com\/index.php?rest_route=%2Fwp%2Fv2%2Fcomments&post=5292"}],"version-history":[{"count":8,"href":"https:\/\/raulavellaneda.com\/index.php?rest_route=\/wp\/v2\/pages\/5292\/revisions"}],"predecessor-version":[{"id":5687,"href":"https:\/\/raulavellaneda.com\/index.php?rest_route=\/wp\/v2\/pages\/5292\/revisions\/5687"}],"wp:attachment":[{"href":"https:\/\/raulavellaneda.com\/index.php?rest_route=%2Fwp%2Fv2%2Fmedia&parent=5292"}],"curies":[{"name":"wp","href":"https:\/\/api.w.org\/{rel}","templated":true}]}}