{"id":5702,"date":"2025-10-05T01:41:34","date_gmt":"2025-10-04T23:41:34","guid":{"rendered":"https:\/\/raulavellaneda.com\/?page_id=5702"},"modified":"2026-01-07T21:47:01","modified_gmt":"2026-01-07T20:47:01","slug":"espacio-el-dorado-bogota-no-somos-mas-que-un-trozo-de-carne","status":"publish","type":"page","link":"https:\/\/raulavellaneda.com\/?page_id=5702","title":{"rendered":"Espacio el Dorado, Bogot\u00e1, &#8222;No somos m\u00e1s que un trozo de carne&#8220;"},"content":{"rendered":"\n<div style=\"height:100px\" aria-hidden=\"true\" class=\"wp-block-spacer\"><\/div>\n\n\n\n<figure class=\"wp-block-image size-large\"><img loading=\"lazy\" decoding=\"async\" width=\"819\" height=\"1024\" src=\"https:\/\/raulavellaneda.com\/wp-content\/uploads\/0000-819x1024.jpg\" alt=\"\" class=\"wp-image-5703\" srcset=\"https:\/\/raulavellaneda.com\/wp-content\/uploads\/0000-819x1024.jpg 819w, https:\/\/raulavellaneda.com\/wp-content\/uploads\/0000-240x300.jpg 240w, https:\/\/raulavellaneda.com\/wp-content\/uploads\/0000-768x960.jpg 768w, https:\/\/raulavellaneda.com\/wp-content\/uploads\/0000.jpg 1080w\" sizes=\"auto, (max-width: 819px) 85vw, 819px\" \/><\/figure>\n\n\n\n<div style=\"height:100px\" aria-hidden=\"true\" class=\"wp-block-spacer\"><\/div>\n\n\n\n<p><strong>\u201cNo somos m\u00e1s que un trozo de carne\u201d<\/strong><\/p>\n\n\n\n<p><strong>Antolog\u00eda breve de la obra de Ra\u00fal Avellaneda (*)<\/strong><\/p>\n\n\n\n<p>La obra de Ra\u00fal Avellaneda (Lima, 1960) se ha mantenido durante las \u00faltimas d\u00e9cadas fuera de las miradas de la historia y memoria cr\u00edticas del arte, a pesar de ser una figura de una propuesta crucial para las escenas del arte peruano y latinoamericano contempor\u00e1neas. Una susceptibilidad y rechazo a su entorno parental directo, extendido luego al de una clase privilegiada falsamente auto-percibida dominante, en la que ese entorno se encuentra, despierta tempranamente una actitud que le ha permitido, a\u00fan en la actualidad, el privilegio de habitar los m\u00e1rgenes como epicentros de sus proyectos art\u00edsticos.<\/p>\n\n\n\n<p>Su trayecto vital y creativo, tanto individual como colectivo, le han permitido la inserci\u00f3n, extrema afinidad y hasta completa convivencia con casi todas las exclusiones sociales que, contra los modos m\u00e1s respetados de pensar o actuar, podemos en principio imaginar. Desde una proximidad a ideas de insurrecci\u00f3n pol\u00edtica e insubordinaci\u00f3n visual vinculadas a su propia homosexualidad, hasta formas ps\u00edquico-mentales desde las que se levantan como bandera algunos desacuerdos radicales con la realidad; el artista explora de modo excepcional modos alternativos de co-existencia lejos de las \u00e9lites que han impulsado el desprecio de otros sectores; como m\u00e9todo para sostener su explotaci\u00f3n bajo hoy impresentables \u00f3rdenes y preceptos impuestos ya por hip\u00f3critas devociones religiosas, prejuicios morales o autoritarismos militares.<\/p>\n\n\n\n<p>Esta selecci\u00f3n de series representativas en su obra, nos hablan en distinto modo de la fragilidad o vulnerabilidad con la que Avellaneda percibe en la impudicia o la opulencia una proximidad al deterioro. Se trata de una confrontaci\u00f3n casi org\u00e1nica con impulsos, deseos y mundos tambi\u00e9n l\u00fagubres, desde los cuales construye con imaginaci\u00f3n inquietante, siempre l\u00facida, una propuesta visual que brota de la realidad y nos regresa a ella, aun cuando nos la presente de modo mucho m\u00e1s veros\u00edmil que la anterior.<\/p>\n\n\n\n<p><strong>Emilio Tarazona<\/strong><\/p>\n\n\n\n<p><strong>Curador\u00eda y textos<\/strong><\/p>\n\n\n\n<p>(*) El artista ha sido miembro entre 1982 a 1990 del emblem\u00e1tico Grupo Chaclacayo, en Per\u00fa, y desde 1995 es director art\u00edstico del Grupo Nebelhorn, con sede en Nordrhein-Westfalen, Alemania.<\/p>\n\n\n\n<p><strong><u>La selecci\u00f3n de obras ha sido realizada por:<\/u><\/strong><\/p>\n\n\n\n<p><strong>Ra\u00fal Avellaneda \/ Daniel Bernedo \/ Emilio Tarazona<\/strong><\/p>\n\n\n\n<div style=\"height:50px\" aria-hidden=\"true\" class=\"wp-block-spacer\"><\/div>\n\n\n\n<figure class=\"wp-block-image size-full\"><img loading=\"lazy\" decoding=\"async\" width=\"480\" height=\"640\" src=\"https:\/\/raulavellaneda.com\/wp-content\/uploads\/web-001-2.jpg\" alt=\"\" class=\"wp-image-5705\" srcset=\"https:\/\/raulavellaneda.com\/wp-content\/uploads\/web-001-2.jpg 480w, https:\/\/raulavellaneda.com\/wp-content\/uploads\/web-001-2-225x300.jpg 225w\" sizes=\"auto, (max-width: 480px) 85vw, 480px\" \/><figcaption class=\"wp-element-caption\"><strong>\u201cCarita punteada\u201d, 1983<\/strong><br>Foto-performance<br>Dirige y act\u00faa: Ra\u00fal Avellaneda<br>Fotograf\u00edas: Sergio Zevallos<br> <a href=\"https:\/\/raulavellaneda.com\/?page_id=1485\">https:\/\/raulavellaneda.com\/?page_id=1485<\/a><\/figcaption><\/figure>\n\n\n\n<div style=\"height:100px\" aria-hidden=\"true\" class=\"wp-block-spacer\"><\/div>\n\n\n\n<figure class=\"wp-block-image size-full\"><img loading=\"lazy\" decoding=\"async\" width=\"840\" height=\"630\" src=\"https:\/\/raulavellaneda.com\/wp-content\/uploads\/web-005-3.jpg\" alt=\"\" class=\"wp-image-5706\" srcset=\"https:\/\/raulavellaneda.com\/wp-content\/uploads\/web-005-3.jpg 840w, https:\/\/raulavellaneda.com\/wp-content\/uploads\/web-005-3-300x225.jpg 300w, https:\/\/raulavellaneda.com\/wp-content\/uploads\/web-005-3-768x576.jpg 768w\" sizes=\"auto, (max-width: 709px) 85vw, (max-width: 909px) 67vw, (max-width: 1362px) 62vw, 840px\" \/><figcaption class=\"wp-element-caption\"><strong>\u201cLa gatita Carlota\u201d, ca. 1983 \u2013 1984<\/strong><br>Foto-performance<br>Act\u00faa: Sergio Zevallos<br>Fotograf\u00edas: Ra\u00fal Avellaneda<br><a href=\"https:\/\/raulavellaneda.com\/?page_id=2537\">https:\/\/raulavellaneda.com\/?page_id=2537<\/a><br><br><strong>\u201cPara un ni\u00f1o apenas difunto\u201d, 1982 \u2013 1984.<\/strong><br>Pastel sobre papel, 34,5 x 24,5 cm. c\/u<br>&nbsp;Selecci\u00f3n de 12 dibujos. Serie original de m\u00e1s de 200.<br><a href=\"https:\/\/raulavellaneda.com\/?page_id=5278\">https:\/\/raulavellaneda.com\/?page_id=5278<\/a><\/figcaption><\/figure>\n\n\n\n<div style=\"height:100px\" aria-hidden=\"true\" class=\"wp-block-spacer\"><\/div>\n\n\n\n<figure class=\"wp-block-image size-full\"><img loading=\"lazy\" decoding=\"async\" width=\"840\" height=\"630\" src=\"https:\/\/raulavellaneda.com\/wp-content\/uploads\/web-006.jpg\" alt=\"\" class=\"wp-image-5707\" srcset=\"https:\/\/raulavellaneda.com\/wp-content\/uploads\/web-006.jpg 840w, https:\/\/raulavellaneda.com\/wp-content\/uploads\/web-006-300x225.jpg 300w, https:\/\/raulavellaneda.com\/wp-content\/uploads\/web-006-768x576.jpg 768w\" sizes=\"auto, (max-width: 709px) 85vw, (max-width: 909px) 67vw, (max-width: 1362px) 62vw, 840px\" \/><figcaption class=\"wp-element-caption\"><strong>Serie: \u201cVentanas del alma\u201d, 1991<\/strong><br>(Conocida tambi\u00e9n como: \u201cVariaciones sobre cabezas de Leonardo\u201d)<br>T\u00e9cnica mixta sobre papel, carb\u00f3n pastel, grafito, 39.8 x 29.4 cm c\/u<br> <a href=\"https:\/\/raulavellaneda.com\/?page_id=1664\">https:\/\/raulavellaneda.com\/?page_id=1664<\/a><br>&nbsp;<br>Selecci\u00f3n de 8 dibujos (serie completa conformada por m\u00e1s de 60)<\/figcaption><\/figure>\n\n\n\n<div style=\"height:100px\" aria-hidden=\"true\" class=\"wp-block-spacer\"><\/div>\n\n\n\n<figure class=\"wp-block-image size-full\"><img loading=\"lazy\" decoding=\"async\" width=\"840\" height=\"630\" src=\"https:\/\/raulavellaneda.com\/wp-content\/uploads\/web-004.jpg\" alt=\"\" class=\"wp-image-5708\" srcset=\"https:\/\/raulavellaneda.com\/wp-content\/uploads\/web-004.jpg 840w, https:\/\/raulavellaneda.com\/wp-content\/uploads\/web-004-300x225.jpg 300w, https:\/\/raulavellaneda.com\/wp-content\/uploads\/web-004-768x576.jpg 768w\" sizes=\"auto, (max-width: 709px) 85vw, (max-width: 909px) 67vw, (max-width: 1362px) 62vw, 840px\" \/><figcaption class=\"wp-element-caption\"><strong>Del proyecto: \u201cRetrato de un General\u201d, 1987 \u2013 1992<\/strong><br>Acci\u00f3n extendida \/ Fotograf\u00edas \/ Dibujos \/ Proyecto documental de no-ficci\u00f3n<br>Modelo: Jos\u00e9 del Carmen Cabrejo Mej\u00eda, General de Divisi\u00f3n del Ej\u00e9rcito Peruano (y Comandante General del Ej\u00e9rcito del Per\u00fa en 1964).<br>Fotograf\u00edas: Sergio Zevallos <br><a href=\"https:\/\/raulavellaneda.com\/?page_id=5056\">https:\/\/raulavellaneda.com\/?page_id=5056<\/a><br>&nbsp;<br>Selecci\u00f3n de 8 im\u00e1genes impresas en 2025 \u2013 Primera de una edici\u00f3n de cinco<br>70 x 50 cm. c\/u. (serie original conformada por decenas de im\u00e1genes).<\/figcaption><\/figure>\n\n\n\n<div style=\"height:100px\" aria-hidden=\"true\" class=\"wp-block-spacer\"><\/div>\n\n\n\n<figure class=\"wp-block-image size-full\"><img loading=\"lazy\" decoding=\"async\" width=\"840\" height=\"630\" src=\"https:\/\/raulavellaneda.com\/wp-content\/uploads\/web-003-3.jpg\" alt=\"\" class=\"wp-image-5709\" srcset=\"https:\/\/raulavellaneda.com\/wp-content\/uploads\/web-003-3.jpg 840w, https:\/\/raulavellaneda.com\/wp-content\/uploads\/web-003-3-300x225.jpg 300w, https:\/\/raulavellaneda.com\/wp-content\/uploads\/web-003-3-768x576.jpg 768w\" sizes=\"auto, (max-width: 709px) 85vw, (max-width: 909px) 67vw, (max-width: 1362px) 62vw, 840px\" \/><figcaption class=\"wp-element-caption\"><strong>\u201cMirada fascista\u201d, 2025<\/strong><br>Dibujo en carb\u00f3n, tiza pastel, aceptil rojo, gasa y fotocopia sobre lienzo,<br>177 x 70 cm.<br><br><strong>Aus der Serie: \u201cZum schweigen gebrachten Litaneien\u201d, 1983 \u2013 1986<\/strong><br>Ensamblajes, 34.5 x 24.5 cm. c\/u. (distintos anchos).<br><a href=\"https:\/\/raulavellaneda.com\/?page_id=983\">https:\/\/raulavellaneda.com\/?page_id=983<\/a><br><br><strong>De la serie:<em> \u201c<\/em>Los insaciables\u201d<em>, <\/em>1983<\/strong><br>Carb\u00f3ncillo y\/o pastel sobre papel, diversos formatos<br>(Compuesta de m\u00e1s de 50 dibujos).<br><a href=\"https:\/\/raulavellaneda.com\/?page_id=2191\">https:\/\/raulavellaneda.com\/?page_id=2191<\/a><br>\u00a0<\/figcaption><\/figure>\n\n\n\n<div style=\"height:50px\" aria-hidden=\"true\" class=\"wp-block-spacer\"><\/div>\n\n\n\n<figure class=\"wp-block-image size-large\"><img loading=\"lazy\" decoding=\"async\" width=\"411\" height=\"1024\" src=\"https:\/\/raulavellaneda.com\/wp-content\/uploads\/IMG_2428-GUT-kleiner--411x1024.jpg\" alt=\"\" class=\"wp-image-5744\" srcset=\"https:\/\/raulavellaneda.com\/wp-content\/uploads\/IMG_2428-GUT-kleiner--411x1024.jpg 411w, https:\/\/raulavellaneda.com\/wp-content\/uploads\/IMG_2428-GUT-kleiner--120x300.jpg 120w, https:\/\/raulavellaneda.com\/wp-content\/uploads\/IMG_2428-GUT-kleiner--768x1913.jpg 768w, https:\/\/raulavellaneda.com\/wp-content\/uploads\/IMG_2428-GUT-kleiner--617x1536.jpg 617w, https:\/\/raulavellaneda.com\/wp-content\/uploads\/IMG_2428-GUT-kleiner--822x2048.jpg 822w, https:\/\/raulavellaneda.com\/wp-content\/uploads\/IMG_2428-GUT-kleiner-.jpg 1000w\" sizes=\"auto, (max-width: 411px) 85vw, 411px\" \/><figcaption class=\"wp-element-caption\"><strong>\u201cMirada fascista\u201d, 2025<\/strong><br>Dibujo en carb\u00f3n, tiza pastel, aceptil rojo, gasa y fotocopia sobre lienzo,<br>177 x 70 cm.<\/figcaption><\/figure>\n","protected":false},"excerpt":{"rendered":"<p>\u201cNo somos m\u00e1s que un trozo de carne\u201d Antolog\u00eda breve de la obra de Ra\u00fal Avellaneda (*) La obra de Ra\u00fal Avellaneda (Lima, 1960) se ha mantenido durante las \u00faltimas d\u00e9cadas fuera de las miradas de la historia y memoria cr\u00edticas del arte, a pesar de ser una figura de una propuesta crucial para las &hellip; <a href=\"https:\/\/raulavellaneda.com\/?page_id=5702\" class=\"more-link\"><span class=\"screen-reader-text\">\u201eEspacio el Dorado, Bogot\u00e1, &#8222;No somos m\u00e1s que un trozo de carne&#8220;\u201c<\/span> weiterlesen<\/a><\/p>\n","protected":false},"author":1,"featured_media":0,"parent":0,"menu_order":0,"comment_status":"closed","ping_status":"closed","template":"","meta":{"footnotes":""},"class_list":["post-5702","page","type-page","status-publish","hentry"],"_links":{"self":[{"href":"https:\/\/raulavellaneda.com\/index.php?rest_route=\/wp\/v2\/pages\/5702","targetHints":{"allow":["GET"]}}],"collection":[{"href":"https:\/\/raulavellaneda.com\/index.php?rest_route=\/wp\/v2\/pages"}],"about":[{"href":"https:\/\/raulavellaneda.com\/index.php?rest_route=\/wp\/v2\/types\/page"}],"author":[{"embeddable":true,"href":"https:\/\/raulavellaneda.com\/index.php?rest_route=\/wp\/v2\/users\/1"}],"replies":[{"embeddable":true,"href":"https:\/\/raulavellaneda.com\/index.php?rest_route=%2Fwp%2Fv2%2Fcomments&post=5702"}],"version-history":[{"count":17,"href":"https:\/\/raulavellaneda.com\/index.php?rest_route=\/wp\/v2\/pages\/5702\/revisions"}],"predecessor-version":[{"id":5839,"href":"https:\/\/raulavellaneda.com\/index.php?rest_route=\/wp\/v2\/pages\/5702\/revisions\/5839"}],"wp:attachment":[{"href":"https:\/\/raulavellaneda.com\/index.php?rest_route=%2Fwp%2Fv2%2Fmedia&parent=5702"}],"curies":[{"name":"wp","href":"https:\/\/api.w.org\/{rel}","templated":true}]}}