{"id":5723,"date":"2025-10-05T02:01:57","date_gmt":"2025-10-05T00:01:57","guid":{"rendered":"https:\/\/raulavellaneda.com\/?page_id=5723"},"modified":"2025-10-05T21:58:02","modified_gmt":"2025-10-05T19:58:02","slug":"cubus-kunsthalle-duisburg-para-una-europa-democratica","status":"publish","type":"page","link":"https:\/\/raulavellaneda.com\/?page_id=5723","title":{"rendered":"Cubus-kunsthalle, Duisburg, &#8222;Para una Europa Democr\u00e1tica&#8220;"},"content":{"rendered":"\n<div style=\"height:100px\" aria-hidden=\"true\" class=\"wp-block-spacer\"><\/div>\n\n\n\n<figure class=\"wp-block-image size-full\"><img loading=\"lazy\" decoding=\"async\" width=\"480\" height=\"598\" src=\"https:\/\/raulavellaneda.com\/wp-content\/uploads\/web-IMG_0897.jpg\" alt=\"\" class=\"wp-image-4787\" srcset=\"https:\/\/raulavellaneda.com\/wp-content\/uploads\/web-IMG_0897.jpg 480w, https:\/\/raulavellaneda.com\/wp-content\/uploads\/web-IMG_0897-241x300.jpg 241w\" sizes=\"auto, (max-width: 480px) 85vw, 480px\" \/><figcaption class=\"wp-element-caption\">Ra\u00fal Avellaneda \/ &#8222;Por una Uni\u00f3n Europea democr\u00e1tica&#8220;, marco antiguo, fotocopias, tel\u00e9fono celular, granos de caf\u00e9, dulces, algod\u00f3n peruano, bloque de cacao africano y cera, ensamblaje, 77 x 97 x 17 cm, 2024<\/figcaption><\/figure>\n\n\n\n<div style=\"height:49px\" aria-hidden=\"true\" class=\"wp-block-spacer\"><\/div>\n\n\n\n<p>&#8222;<strong>\u03b4 delta Europa. Por una Uni\u00f3n Europea democr\u00e1tica&#8220;<\/strong><\/p>\n\n\n\n<p>Con motivo de las elecciones europeas de este a\u00f1o, la <em>cubus-kunsthalle<\/em>, de la ciudad alemana de Duisburg, presenta de nuevo, de manera espont\u00e1nea, una exposici\u00f3n en la que los visitantes obtienen perspectivas que agudizan la mirada sobre nuestra Europa. La <em>cubus-kunsthalle<\/em> ofrece as\u00ed un lugar de encuentro, de reflexi\u00f3n informativa y de di\u00e1logo. Esta vez en la cafeter\u00eda del museo.<\/p>\n\n\n\n<p>Se invit\u00f3 a los artistas a presentar sus declaraciones art\u00edsticas en torno a una Uni\u00f3n Europea democr\u00e1tica, que estimulen el debate y conviertan la visita a la exposici\u00f3n en una experiencia interactiva y viva.<\/p>\n\n\n\n<p>La exposici\u00f3n recoge adem\u00e1s nuestras propias preguntas, las de los ciudadanos europeos: \u00bfQu\u00e9 es necesario mejorar? \u00bfExisten caminos para salir de la crisis? \u00bfQu\u00e9 pasa con la cuna de la democracia: Europa? \u00bfQui\u00e9n sigue siendo dem\u00f3crata entre nosotros y en nuestros pa\u00edses vecinos? \u00bfC\u00f3mo se pueden detener las corrientes de extrema derecha?<\/p>\n\n\n\n<p>Con todas sus deficiencias, ser\u00eda fatal castigar a Europa ahora, el 9 de junio de 2024, con nuestra abstenci\u00f3n en las urnas. Esto solo allanar\u00eda a\u00fan m\u00e1s el camino a las corrientes de extrema derecha. Debemos contrarrestarlo con nuestro voto. Ahora se demuestra la fortaleza de nuestra democracia. Europa est\u00e1 en una encrucijada y cada voto cuenta.<\/p>\n\n\n\n<p>Por ello, estas elecciones pr\u00f3ximas se convierten en unas elecciones decisivas para nuestro destino&#8230;<\/p>\n","protected":false},"excerpt":{"rendered":"<p>&#8222;\u03b4 delta Europa. Por una Uni\u00f3n Europea democr\u00e1tica&#8220; Con motivo de las elecciones europeas de este a\u00f1o, la cubus-kunsthalle, de la ciudad alemana de Duisburg, presenta de nuevo, de manera espont\u00e1nea, una exposici\u00f3n en la que los visitantes obtienen perspectivas que agudizan la mirada sobre nuestra Europa. La cubus-kunsthalle ofrece as\u00ed un lugar de encuentro, &hellip; <a href=\"https:\/\/raulavellaneda.com\/?page_id=5723\" class=\"more-link\"><span class=\"screen-reader-text\">\u201eCubus-kunsthalle, Duisburg, &#8222;Para una Europa Democr\u00e1tica&#8220;\u201c<\/span> weiterlesen<\/a><\/p>\n","protected":false},"author":1,"featured_media":0,"parent":0,"menu_order":0,"comment_status":"closed","ping_status":"closed","template":"","meta":{"footnotes":""},"class_list":["post-5723","page","type-page","status-publish","hentry"],"_links":{"self":[{"href":"https:\/\/raulavellaneda.com\/index.php?rest_route=\/wp\/v2\/pages\/5723","targetHints":{"allow":["GET"]}}],"collection":[{"href":"https:\/\/raulavellaneda.com\/index.php?rest_route=\/wp\/v2\/pages"}],"about":[{"href":"https:\/\/raulavellaneda.com\/index.php?rest_route=\/wp\/v2\/types\/page"}],"author":[{"embeddable":true,"href":"https:\/\/raulavellaneda.com\/index.php?rest_route=\/wp\/v2\/users\/1"}],"replies":[{"embeddable":true,"href":"https:\/\/raulavellaneda.com\/index.php?rest_route=%2Fwp%2Fv2%2Fcomments&post=5723"}],"version-history":[{"count":5,"href":"https:\/\/raulavellaneda.com\/index.php?rest_route=\/wp\/v2\/pages\/5723\/revisions"}],"predecessor-version":[{"id":5750,"href":"https:\/\/raulavellaneda.com\/index.php?rest_route=\/wp\/v2\/pages\/5723\/revisions\/5750"}],"wp:attachment":[{"href":"https:\/\/raulavellaneda.com\/index.php?rest_route=%2Fwp%2Fv2%2Fmedia&parent=5723"}],"curies":[{"name":"wp","href":"https:\/\/api.w.org\/{rel}","templated":true}]}}