{"id":5795,"date":"2026-01-02T20:05:07","date_gmt":"2026-01-02T19:05:07","guid":{"rendered":"https:\/\/raulavellaneda.com\/?page_id=5795"},"modified":"2026-01-02T20:26:22","modified_gmt":"2026-01-02T19:26:22","slug":"la-inmaculada-concepcion","status":"publish","type":"page","link":"https:\/\/raulavellaneda.com\/?page_id=5795","title":{"rendered":"La Inmaculada Concepci\u00f3n"},"content":{"rendered":"\n<div style=\"height:100px\" aria-hidden=\"true\" class=\"wp-block-spacer\"><\/div>\n\n\n\n<figure class=\"wp-block-image size-full\"><img loading=\"lazy\" decoding=\"async\" width=\"900\" height=\"593\" src=\"https:\/\/raulavellaneda.com\/wp-content\/uploads\/web-000a.jpg\" alt=\"\" class=\"wp-image-5796\" srcset=\"https:\/\/raulavellaneda.com\/wp-content\/uploads\/web-000a.jpg 900w, https:\/\/raulavellaneda.com\/wp-content\/uploads\/web-000a-300x198.jpg 300w, https:\/\/raulavellaneda.com\/wp-content\/uploads\/web-000a-768x506.jpg 768w\" sizes=\"auto, (max-width: 709px) 85vw, (max-width: 909px) 67vw, (max-width: 1362px) 62vw, 840px\" \/><figcaption class=\"wp-element-caption\">Vista de  pabellones del Cementerio Central de Lima.<\/figcaption><\/figure>\n\n\n\n<div style=\"height:20px\" aria-hidden=\"true\" class=\"wp-block-spacer\"><\/div>\n\n\n\n<p>En Lima, debido a la religiosidad popular y a la superstici\u00f3n, estatuas e im\u00e1genes sagradas son \u201centerradas\u201d en los cementerios, sobre los techos de los nichos funerarios, ya que la idea de herej\u00eda, castigo y miedo permanece latente en el imaginario social. De este modo, estas im\u00e1genes se encuentran en un umbral: ni en la tierra ni en el cielo.<\/p>\n\n\n\n<div style=\"height:20px\" aria-hidden=\"true\" class=\"wp-block-spacer\"><\/div>\n\n\n<div class=\"wp-block-image\">\n<figure class=\"aligncenter size-full\"><img loading=\"lazy\" decoding=\"async\" width=\"500\" height=\"742\" src=\"https:\/\/raulavellaneda.com\/wp-content\/uploads\/web-000-3.jpg\" alt=\"\" class=\"wp-image-5797\" srcset=\"https:\/\/raulavellaneda.com\/wp-content\/uploads\/web-000-3.jpg 500w, https:\/\/raulavellaneda.com\/wp-content\/uploads\/web-000-3-202x300.jpg 202w\" sizes=\"auto, (max-width: 500px) 85vw, 500px\" \/><figcaption class=\"wp-element-caption\">Techo de un pabell\u00f3n del Cementerio Central de Lima.<\/figcaption><\/figure><\/div>\n\n\n<div style=\"height:20px\" aria-hidden=\"true\" class=\"wp-block-spacer\"><\/div>\n\n\n\n<p>Avellaneda recopil\u00f3 objetos y restos de los techos del Cementerio General de Lima y posteriormente los transform\u00f3 en objetos de car\u00e1cter personal.<\/p>\n\n\n\n<div style=\"height:20px\" aria-hidden=\"true\" class=\"wp-block-spacer\"><\/div>\n\n\n\n<p><\/p>\n\n\n<div class=\"wp-block-image\">\n<figure class=\"aligncenter size-full\"><img loading=\"lazy\" decoding=\"async\" width=\"500\" height=\"751\" src=\"https:\/\/raulavellaneda.com\/wp-content\/uploads\/web-001-3.jpg\" alt=\"\" class=\"wp-image-5798\" srcset=\"https:\/\/raulavellaneda.com\/wp-content\/uploads\/web-001-3.jpg 500w, https:\/\/raulavellaneda.com\/wp-content\/uploads\/web-001-3-200x300.jpg 200w\" sizes=\"auto, (max-width: 500px) 85vw, 500px\" \/><figcaption class=\"wp-element-caption\"><em>\u201eEl beso de Mar\u00eda\u201c, objeto de yeso y cera<\/em> virgen<\/figcaption><\/figure><\/div>\n\n\n<div style=\"height:100px\" aria-hidden=\"true\" class=\"wp-block-spacer\"><\/div>\n\n\n<div class=\"wp-block-image\">\n<figure class=\"aligncenter size-full\"><img loading=\"lazy\" decoding=\"async\" width=\"500\" height=\"751\" src=\"https:\/\/raulavellaneda.com\/wp-content\/uploads\/web-002-.jpg\" alt=\"\" class=\"wp-image-5799\" srcset=\"https:\/\/raulavellaneda.com\/wp-content\/uploads\/web-002-.jpg 500w, https:\/\/raulavellaneda.com\/wp-content\/uploads\/web-002--200x300.jpg 200w\" sizes=\"auto, (max-width: 500px) 85vw, 500px\" \/><figcaption class=\"wp-element-caption\"><em>\u201eEl ni\u00f1o de Mar\u00eda\u201c, objeto de yeso, cera<\/em> virgen, media de nylon y preservativo. <\/figcaption><\/figure><\/div>\n\n\n<div style=\"height:100px\" aria-hidden=\"true\" class=\"wp-block-spacer\"><\/div>\n\n\n\n<figure class=\"wp-block-image size-full\"><img loading=\"lazy\" decoding=\"async\" width=\"900\" height=\"549\" src=\"https:\/\/raulavellaneda.com\/wp-content\/uploads\/web-003-4.jpg\" alt=\"\" class=\"wp-image-5800\" srcset=\"https:\/\/raulavellaneda.com\/wp-content\/uploads\/web-003-4.jpg 900w, https:\/\/raulavellaneda.com\/wp-content\/uploads\/web-003-4-300x183.jpg 300w, https:\/\/raulavellaneda.com\/wp-content\/uploads\/web-003-4-768x468.jpg 768w\" sizes=\"auto, (max-width: 709px) 85vw, (max-width: 909px) 67vw, (max-width: 1362px) 62vw, 840px\" \/><figcaption class=\"wp-element-caption\"><em>\u201ePenetraci\u00f3n ideol\u00f3gica\u201c, <em>objetos de yeso, cera<\/em> virgen, media de nylon y preservativo. <\/em><\/figcaption><\/figure>\n\n\n\n<div style=\"height:100px\" aria-hidden=\"true\" class=\"wp-block-spacer\"><\/div>\n\n\n\n<figure class=\"wp-block-image size-full\"><img loading=\"lazy\" decoding=\"async\" width=\"840\" height=\"550\" src=\"https:\/\/raulavellaneda.com\/wp-content\/uploads\/web-003-a.jpg\" alt=\"\" class=\"wp-image-5801\" srcset=\"https:\/\/raulavellaneda.com\/wp-content\/uploads\/web-003-a.jpg 840w, https:\/\/raulavellaneda.com\/wp-content\/uploads\/web-003-a-300x196.jpg 300w, https:\/\/raulavellaneda.com\/wp-content\/uploads\/web-003-a-768x503.jpg 768w\" sizes=\"auto, (max-width: 709px) 85vw, (max-width: 909px) 67vw, (max-width: 1362px) 62vw, 840px\" \/><figcaption class=\"wp-element-caption\"><em>\u201eEl hijo de Mar\u00eda\u201c<em>, <em>objetos de yeso, cera<\/em> virgen, media de nylon y preservativo. <\/em><\/em><\/figcaption><\/figure>\n\n\n\n<div style=\"height:100px\" aria-hidden=\"true\" class=\"wp-block-spacer\"><\/div>\n\n\n\n<p>Partiendo de la imagen del Ni\u00f1o Jes\u00fas y de las huellas en cera de las manos del artista, e incorporando tubos de transfusi\u00f3n e inyecci\u00f3n \u2014colocados en una urna llena de \u201csangre\u201d\u2014, el artista plantea reflexiones y preguntas sobre la Iglesia cat\u00f3lica en relaci\u00f3n con la ambig\u00fcedad sexual, el fanatismo, la devoci\u00f3n, el sacrificio y la culminaci\u00f3n de la vida.<\/p>\n\n\n\n<div style=\"height:100px\" aria-hidden=\"true\" class=\"wp-block-spacer\"><\/div>\n\n\n<div class=\"wp-block-image\">\n<figure class=\"aligncenter size-full\"><img loading=\"lazy\" decoding=\"async\" width=\"500\" height=\"723\" src=\"https:\/\/raulavellaneda.com\/wp-content\/uploads\/web-008-1-1.jpg\" alt=\"\" class=\"wp-image-5809\" srcset=\"https:\/\/raulavellaneda.com\/wp-content\/uploads\/web-008-1-1.jpg 500w, https:\/\/raulavellaneda.com\/wp-content\/uploads\/web-008-1-1-207x300.jpg 207w\" sizes=\"auto, (max-width: 500px) 85vw, 500px\" \/><figcaption class=\"wp-element-caption\"><em><em><em>Exposici\u00f3n \u201eMi vida\u201c, Cubus-Kunsthalle, Duisburg, Alemania 2024<\/em><\/em><\/em><\/figcaption><\/figure><\/div>\n\n\n<div style=\"height:100px\" aria-hidden=\"true\" class=\"wp-block-spacer\"><\/div>\n\n\n<div class=\"wp-block-image\">\n<figure class=\"aligncenter size-full\"><img loading=\"lazy\" decoding=\"async\" width=\"500\" height=\"731\" src=\"https:\/\/raulavellaneda.com\/wp-content\/uploads\/web-009-.jpg\" alt=\"\" class=\"wp-image-5810\" srcset=\"https:\/\/raulavellaneda.com\/wp-content\/uploads\/web-009-.jpg 500w, https:\/\/raulavellaneda.com\/wp-content\/uploads\/web-009--205x300.jpg 205w\" sizes=\"auto, (max-width: 500px) 85vw, 500px\" \/><figcaption class=\"wp-element-caption\"><em><em>Exposici\u00f3n \u201eIm\u00e1genes de la Muerte\u201c, K\u00fcnstlerhaus Bethanien, Berlin, Alemania, 1999<\/em><\/em><\/figcaption><\/figure><\/div>\n\n\n<div style=\"height:100px\" aria-hidden=\"true\" class=\"wp-block-spacer\"><\/div>\n\n\n\n<figure class=\"wp-block-image size-full\"><img loading=\"lazy\" decoding=\"async\" width=\"900\" height=\"675\" src=\"https:\/\/raulavellaneda.com\/wp-content\/uploads\/web-004-a-.jpg\" alt=\"\" class=\"wp-image-5802\" srcset=\"https:\/\/raulavellaneda.com\/wp-content\/uploads\/web-004-a-.jpg 900w, https:\/\/raulavellaneda.com\/wp-content\/uploads\/web-004-a--300x225.jpg 300w, https:\/\/raulavellaneda.com\/wp-content\/uploads\/web-004-a--768x576.jpg 768w\" sizes=\"auto, (max-width: 709px) 85vw, (max-width: 909px) 67vw, (max-width: 1362px) 62vw, 840px\" \/><figcaption class=\"wp-element-caption\"><em><em>Exposici\u00f3n \u201eMi vida\u201c, Cubus-Kunsthalle, Duisburg, Alemania 2024<\/em><\/em><\/figcaption><\/figure>\n\n\n\n<div style=\"height:100px\" aria-hidden=\"true\" class=\"wp-block-spacer\"><\/div>\n\n\n<div class=\"wp-block-image\">\n<figure class=\"aligncenter size-full\"><img loading=\"lazy\" decoding=\"async\" width=\"500\" height=\"667\" src=\"https:\/\/raulavellaneda.com\/wp-content\/uploads\/web-004-b.jpg\" alt=\"\" class=\"wp-image-5803\" srcset=\"https:\/\/raulavellaneda.com\/wp-content\/uploads\/web-004-b.jpg 500w, https:\/\/raulavellaneda.com\/wp-content\/uploads\/web-004-b-225x300.jpg 225w\" sizes=\"auto, (max-width: 500px) 85vw, 500px\" \/><figcaption class=\"wp-element-caption\"><em>Exposici\u00f3n \u201eMi vida\u201c, Cubus-Kunsthalle, Duisburg, Alemania 2024<\/em><\/figcaption><\/figure><\/div>\n\n\n<div style=\"height:100px\" aria-hidden=\"true\" class=\"wp-block-spacer\"><\/div>\n\n\n\n<figure class=\"wp-block-image size-full\"><img loading=\"lazy\" decoding=\"async\" width=\"900\" height=\"595\" src=\"https:\/\/raulavellaneda.com\/wp-content\/uploads\/web-005-4.jpg\" alt=\"\" class=\"wp-image-5804\" srcset=\"https:\/\/raulavellaneda.com\/wp-content\/uploads\/web-005-4.jpg 900w, https:\/\/raulavellaneda.com\/wp-content\/uploads\/web-005-4-300x198.jpg 300w, https:\/\/raulavellaneda.com\/wp-content\/uploads\/web-005-4-768x508.jpg 768w\" sizes=\"auto, (max-width: 709px) 85vw, (max-width: 909px) 67vw, (max-width: 1362px) 62vw, 840px\" \/><figcaption class=\"wp-element-caption\"><em><em>Exposici\u00f3n \u201eIm\u00e1genes de la Muerte\u201c, Museo Bochum, Alemania, 1999<\/em><\/em><\/figcaption><\/figure>\n\n\n\n<div style=\"height:100px\" aria-hidden=\"true\" class=\"wp-block-spacer\"><\/div>\n\n\n\n<figure class=\"wp-block-image size-full\"><img loading=\"lazy\" decoding=\"async\" width=\"900\" height=\"549\" src=\"https:\/\/raulavellaneda.com\/wp-content\/uploads\/web-006-2.jpg\" alt=\"\" class=\"wp-image-5805\" srcset=\"https:\/\/raulavellaneda.com\/wp-content\/uploads\/web-006-2.jpg 900w, https:\/\/raulavellaneda.com\/wp-content\/uploads\/web-006-2-300x183.jpg 300w, https:\/\/raulavellaneda.com\/wp-content\/uploads\/web-006-2-768x468.jpg 768w\" sizes=\"auto, (max-width: 709px) 85vw, (max-width: 909px) 67vw, (max-width: 1362px) 62vw, 840px\" \/><figcaption class=\"wp-element-caption\"><em>A<em>Exposici\u00f3n \u201eIm\u00e1genes de la Muerte\u201c, Museo Bochum, Alemania, 1999<\/em><\/em><\/figcaption><\/figure>\n\n\n\n<div style=\"height:20px\" aria-hidden=\"true\" class=\"wp-block-spacer\"><\/div>\n\n\n\n<figure class=\"wp-block-image size-full\"><img loading=\"lazy\" decoding=\"async\" width=\"900\" height=\"561\" src=\"https:\/\/raulavellaneda.com\/wp-content\/uploads\/web-007-2.jpg\" alt=\"\" class=\"wp-image-5806\" srcset=\"https:\/\/raulavellaneda.com\/wp-content\/uploads\/web-007-2.jpg 900w, https:\/\/raulavellaneda.com\/wp-content\/uploads\/web-007-2-300x187.jpg 300w, https:\/\/raulavellaneda.com\/wp-content\/uploads\/web-007-2-768x479.jpg 768w\" sizes=\"auto, (max-width: 709px) 85vw, (max-width: 909px) 67vw, (max-width: 1362px) 62vw, 840px\" \/><figcaption class=\"wp-element-caption\"><em><em>Exposici\u00f3n \u201eIm\u00e1genes de la Muerte\u201c, Museo Bochum, Alemania, 1999<\/em><\/em><\/figcaption><\/figure>\n\n\n\n<div style=\"height:100px\" aria-hidden=\"true\" class=\"wp-block-spacer\"><\/div>\n\n\n\n<figure class=\"wp-block-image size-full\"><img loading=\"lazy\" decoding=\"async\" width=\"900\" height=\"437\" src=\"https:\/\/raulavellaneda.com\/wp-content\/uploads\/web-007-a.jpg\" alt=\"\" class=\"wp-image-5807\" srcset=\"https:\/\/raulavellaneda.com\/wp-content\/uploads\/web-007-a.jpg 900w, https:\/\/raulavellaneda.com\/wp-content\/uploads\/web-007-a-300x146.jpg 300w, https:\/\/raulavellaneda.com\/wp-content\/uploads\/web-007-a-768x373.jpg 768w\" sizes=\"auto, (max-width: 709px) 85vw, (max-width: 909px) 67vw, (max-width: 1362px) 62vw, 840px\" \/><figcaption class=\"wp-element-caption\"><em><em>Exposici\u00f3n \u201eIm\u00e1genes de la Muerte\u201c, Museo Bochum, Alemania, 1999<\/em><\/em><\/figcaption><\/figure>\n\n\n\n<div style=\"height:20px\" aria-hidden=\"true\" class=\"wp-block-spacer\"><\/div>\n\n\n\n<figure class=\"wp-block-image size-full\"><img loading=\"lazy\" decoding=\"async\" width=\"900\" height=\"500\" src=\"https:\/\/raulavellaneda.com\/wp-content\/uploads\/web-007-b.jpg\" alt=\"\" class=\"wp-image-5808\" srcset=\"https:\/\/raulavellaneda.com\/wp-content\/uploads\/web-007-b.jpg 900w, https:\/\/raulavellaneda.com\/wp-content\/uploads\/web-007-b-300x167.jpg 300w, https:\/\/raulavellaneda.com\/wp-content\/uploads\/web-007-b-768x427.jpg 768w\" sizes=\"auto, (max-width: 709px) 85vw, (max-width: 909px) 67vw, (max-width: 1362px) 62vw, 840px\" \/><figcaption class=\"wp-element-caption\"><em>Exposici\u00f3n \u201eIm\u00e1genes de la Muerte\u201c, Museo Bochum, Alemania, 1999<\/em><\/figcaption><\/figure>\n\n\n\n<div style=\"height:20px\" aria-hidden=\"true\" class=\"wp-block-spacer\"><\/div>\n\n\n\n<div style=\"height:20px\" aria-hidden=\"true\" class=\"wp-block-spacer\"><\/div>\n\n\n\n<p class=\"has-text-align-center has-medium-font-size\"><a href=\"https:\/\/raulavellaneda.de\/?page_id=1337\">Obras<\/a><\/p>\n","protected":false},"excerpt":{"rendered":"<p>En Lima, debido a la religiosidad popular y a la superstici\u00f3n, estatuas e im\u00e1genes sagradas son \u201centerradas\u201d en los cementerios, sobre los techos de los nichos funerarios, ya que la idea de herej\u00eda, castigo y miedo permanece latente en el imaginario social. De este modo, estas im\u00e1genes se encuentran en un umbral: ni en la &hellip; <a href=\"https:\/\/raulavellaneda.com\/?page_id=5795\" class=\"more-link\"><span class=\"screen-reader-text\">\u201eLa Inmaculada Concepci\u00f3n\u201c<\/span> weiterlesen<\/a><\/p>\n","protected":false},"author":1,"featured_media":0,"parent":0,"menu_order":0,"comment_status":"closed","ping_status":"closed","template":"","meta":{"footnotes":""},"class_list":["post-5795","page","type-page","status-publish","hentry"],"_links":{"self":[{"href":"https:\/\/raulavellaneda.com\/index.php?rest_route=\/wp\/v2\/pages\/5795","targetHints":{"allow":["GET"]}}],"collection":[{"href":"https:\/\/raulavellaneda.com\/index.php?rest_route=\/wp\/v2\/pages"}],"about":[{"href":"https:\/\/raulavellaneda.com\/index.php?rest_route=\/wp\/v2\/types\/page"}],"author":[{"embeddable":true,"href":"https:\/\/raulavellaneda.com\/index.php?rest_route=\/wp\/v2\/users\/1"}],"replies":[{"embeddable":true,"href":"https:\/\/raulavellaneda.com\/index.php?rest_route=%2Fwp%2Fv2%2Fcomments&post=5795"}],"version-history":[{"count":4,"href":"https:\/\/raulavellaneda.com\/index.php?rest_route=\/wp\/v2\/pages\/5795\/revisions"}],"predecessor-version":[{"id":5817,"href":"https:\/\/raulavellaneda.com\/index.php?rest_route=\/wp\/v2\/pages\/5795\/revisions\/5817"}],"wp:attachment":[{"href":"https:\/\/raulavellaneda.com\/index.php?rest_route=%2Fwp%2Fv2%2Fmedia&parent=5795"}],"curies":[{"name":"wp","href":"https:\/\/api.w.org\/{rel}","templated":true}]}}