{"id":756,"date":"2022-01-16T23:17:37","date_gmt":"2022-01-16T22:17:37","guid":{"rendered":"http:\/\/raulavellaneda.com\/?page_id=756"},"modified":"2024-07-30T22:26:24","modified_gmt":"2024-07-30T20:26:24","slug":"selbstportraets","status":"publish","type":"page","link":"https:\/\/raulavellaneda.com\/?page_id=756","title":{"rendered":"Autorretratos"},"content":{"rendered":"\n<div style=\"height:120px\" aria-hidden=\"true\" class=\"wp-block-spacer\"><\/div>\n\n\n<div class=\"wp-block-image\">\n<figure class=\"aligncenter size-full\"><img loading=\"lazy\" decoding=\"async\" width=\"480\" height=\"716\" src=\"https:\/\/raulavellaneda.com\/wp-content\/uploads\/web-IMG_0814.jpg\" alt=\"\" class=\"wp-image-2104\" srcset=\"https:\/\/raulavellaneda.com\/wp-content\/uploads\/web-IMG_0814.jpg 480w, https:\/\/raulavellaneda.com\/wp-content\/uploads\/web-IMG_0814-201x300.jpg 201w\" sizes=\"auto, (max-width: 480px) 85vw, 480px\" \/><figcaption class=\"wp-element-caption\">&#8222;Yo&#8220;, pastel al \u00f3leo sobre papel, 14 x 21,5cm, 1976<\/figcaption><\/figure><\/div>\n\n\n<div style=\"height:120px\" aria-hidden=\"true\" class=\"wp-block-spacer\"><\/div>\n\n\n<div class=\"wp-block-image\">\n<figure class=\"aligncenter size-full\"><img loading=\"lazy\" decoding=\"async\" width=\"480\" height=\"499\" src=\"https:\/\/raulavellaneda.com\/wp-content\/uploads\/web-IMG_0815-1.jpg\" alt=\"\" class=\"wp-image-2909\" srcset=\"https:\/\/raulavellaneda.com\/wp-content\/uploads\/web-IMG_0815-1.jpg 480w, https:\/\/raulavellaneda.com\/wp-content\/uploads\/web-IMG_0815-1-289x300.jpg 289w\" sizes=\"auto, (max-width: 480px) 85vw, 480px\" \/><figcaption class=\"wp-element-caption\">&#8222;As\u00ed era yo&#8220;, pastel al \u00f3leo sobre papel, 13,9 x 14,7 cm, 1976<\/figcaption><\/figure><\/div>\n\n\n<div style=\"height:120px\" aria-hidden=\"true\" class=\"wp-block-spacer\"><\/div>\n\n\n<div class=\"wp-block-image\">\n<figure class=\"aligncenter size-full\"><img loading=\"lazy\" decoding=\"async\" width=\"480\" height=\"777\" src=\"https:\/\/raulavellaneda.com\/wp-content\/uploads\/web-IMG_9233-1.jpg\" alt=\"\" class=\"wp-image-2914\" srcset=\"https:\/\/raulavellaneda.com\/wp-content\/uploads\/web-IMG_9233-1.jpg 480w, https:\/\/raulavellaneda.com\/wp-content\/uploads\/web-IMG_9233-1-185x300.jpg 185w\" sizes=\"auto, (max-width: 480px) 85vw, 480px\" \/><figcaption class=\"wp-element-caption\">&#8222;Soy como soy&#8220;, tinta sobre papel de embalaje, 77 x 122cm, 1977<\/figcaption><\/figure><\/div>\n\n\n<div style=\"height:120px\" aria-hidden=\"true\" class=\"wp-block-spacer\"><\/div>\n\n\n<div class=\"wp-block-image\">\n<figure class=\"aligncenter size-full\"><img loading=\"lazy\" decoding=\"async\" width=\"480\" height=\"685\" src=\"https:\/\/raulavellaneda.com\/wp-content\/uploads\/web-IMG_0726-2.jpg\" alt=\"\" class=\"wp-image-2926\" srcset=\"https:\/\/raulavellaneda.com\/wp-content\/uploads\/web-IMG_0726-2.jpg 480w, https:\/\/raulavellaneda.com\/wp-content\/uploads\/web-IMG_0726-2-210x300.jpg 210w\" sizes=\"auto, (max-width: 480px) 85vw, 480px\" \/><figcaption class=\"wp-element-caption\">&#8222;El mudo&#8220;, acr\u00edlico sobre lienzo, 104 x 145cm, 1977<\/figcaption><\/figure><\/div>\n\n\n<div style=\"height:120px\" aria-hidden=\"true\" class=\"wp-block-spacer\"><\/div>\n\n\n<div class=\"wp-block-image\">\n<figure class=\"aligncenter size-full\"><img loading=\"lazy\" decoding=\"async\" width=\"480\" height=\"587\" src=\"https:\/\/raulavellaneda.com\/wp-content\/uploads\/web-MG_8109-1.jpg\" alt=\"\" class=\"wp-image-2921\" srcset=\"https:\/\/raulavellaneda.com\/wp-content\/uploads\/web-MG_8109-1.jpg 480w, https:\/\/raulavellaneda.com\/wp-content\/uploads\/web-MG_8109-1-245x300.jpg 245w\" sizes=\"auto, (max-width: 480px) 85vw, 480px\" \/><figcaption class=\"wp-element-caption\">&#8222;Me quiero&#8220;, \u00f3leo sobre madera, 45 x 55cm, 1978<\/figcaption><\/figure><\/div>\n\n\n<div style=\"height:120px\" aria-hidden=\"true\" class=\"wp-block-spacer\"><\/div>\n\n\n<div class=\"wp-block-image\">\n<figure class=\"aligncenter size-full\"><img loading=\"lazy\" decoding=\"async\" width=\"480\" height=\"669\" src=\"https:\/\/raulavellaneda.com\/wp-content\/uploads\/web-IMG_0783-5.jpg\" alt=\"\" class=\"wp-image-2922\" srcset=\"https:\/\/raulavellaneda.com\/wp-content\/uploads\/web-IMG_0783-5.jpg 480w, https:\/\/raulavellaneda.com\/wp-content\/uploads\/web-IMG_0783-5-215x300.jpg 215w\" sizes=\"auto, (max-width: 480px) 85vw, 480px\" \/><figcaption class=\"wp-element-caption\">&#8222;El infeliz&#8220;, \u00f3leo sobre cart\u00f3n, 50 x 71cm, 1978<\/figcaption><\/figure><\/div>\n\n\n<div style=\"height:120px\" aria-hidden=\"true\" class=\"wp-block-spacer\"><\/div>\n\n\n<div class=\"wp-block-image\">\n<figure class=\"aligncenter size-full\"><img loading=\"lazy\" decoding=\"async\" width=\"480\" height=\"660\" src=\"https:\/\/raulavellaneda.com\/wp-content\/uploads\/web-IMG_0592-4.jpg\" alt=\"\" class=\"wp-image-2927\" srcset=\"https:\/\/raulavellaneda.com\/wp-content\/uploads\/web-IMG_0592-4.jpg 480w, https:\/\/raulavellaneda.com\/wp-content\/uploads\/web-IMG_0592-4-218x300.jpg 218w\" sizes=\"auto, (max-width: 480px) 85vw, 480px\" \/><figcaption class=\"wp-element-caption\">&#8222;Aqu\u00ed estoy&#8220;, \u00d3leo sobre lienzo,98 x 139cm, 1978<\/figcaption><\/figure><\/div>\n\n\n<div style=\"height:120px\" aria-hidden=\"true\" class=\"wp-block-spacer\"><\/div>\n\n\n<div class=\"wp-block-image\">\n<figure class=\"aligncenter size-full\"><img loading=\"lazy\" decoding=\"async\" width=\"480\" height=\"685\" src=\"https:\/\/raulavellaneda.com\/wp-content\/uploads\/web-1030519-1.jpg\" alt=\"\" class=\"wp-image-2910\" srcset=\"https:\/\/raulavellaneda.com\/wp-content\/uploads\/web-1030519-1.jpg 480w, https:\/\/raulavellaneda.com\/wp-content\/uploads\/web-1030519-1-210x300.jpg 210w\" sizes=\"auto, (max-width: 480px) 85vw, 480px\" \/><figcaption class=\"wp-element-caption\">&#8222;El Ra\u00fal&#8220;, pastel al \u00f3leo sobre cart\u00f3n, 36 x 50cm, 1979<\/figcaption><\/figure><\/div>\n\n\n<div style=\"height:120px\" aria-hidden=\"true\" class=\"wp-block-spacer\"><\/div>\n\n\n<div class=\"wp-block-image\">\n<figure class=\"aligncenter size-full\"><img loading=\"lazy\" decoding=\"async\" width=\"480\" height=\"596\" src=\"https:\/\/raulavellaneda.com\/wp-content\/uploads\/web-IMG_8106-1.jpg\" alt=\"\" class=\"wp-image-2911\" srcset=\"https:\/\/raulavellaneda.com\/wp-content\/uploads\/web-IMG_8106-1.jpg 480w, https:\/\/raulavellaneda.com\/wp-content\/uploads\/web-IMG_8106-1-242x300.jpg 242w\" sizes=\"auto, (max-width: 480px) 85vw, 480px\" \/><figcaption class=\"wp-element-caption\">&#8222;Me gustar\u00eda ser ciego&#8220;, \u00d3leo sobre madera, 51 x 60cm, 1979<\/figcaption><\/figure><\/div>\n\n\n<div style=\"height:120px\" aria-hidden=\"true\" class=\"wp-block-spacer\"><\/div>\n\n\n<div class=\"wp-block-image\">\n<figure class=\"aligncenter size-full\"><img loading=\"lazy\" decoding=\"async\" width=\"480\" height=\"667\" src=\"https:\/\/raulavellaneda.com\/wp-content\/uploads\/web-IMG_0589-1.jpg\" alt=\"\" class=\"wp-image-2925\" srcset=\"https:\/\/raulavellaneda.com\/wp-content\/uploads\/web-IMG_0589-1.jpg 480w, https:\/\/raulavellaneda.com\/wp-content\/uploads\/web-IMG_0589-1-216x300.jpg 216w\" sizes=\"auto, (max-width: 480px) 85vw, 480px\" \/><figcaption class=\"wp-element-caption\">&#8222;El zurdo&#8220;, \u00f3leo sobre lienzo, 53 x 75cm, 1981<\/figcaption><\/figure><\/div>\n\n\n<div style=\"height:120px\" aria-hidden=\"true\" class=\"wp-block-spacer\"><\/div>\n\n\n<div class=\"wp-block-image\">\n<figure class=\"aligncenter size-full\"><img loading=\"lazy\" decoding=\"async\" width=\"480\" height=\"635\" src=\"https:\/\/raulavellaneda.com\/wp-content\/uploads\/web-IMG_0591-web-.jpg\" alt=\"\" class=\"wp-image-1834\" srcset=\"https:\/\/raulavellaneda.com\/wp-content\/uploads\/web-IMG_0591-web-.jpg 480w, https:\/\/raulavellaneda.com\/wp-content\/uploads\/web-IMG_0591-web--227x300.jpg 227w\" sizes=\"auto, (max-width: 480px) 85vw, 480px\" \/><figcaption class=\"wp-element-caption\">&#8222;Que no me r\u00edo&#8220;, acr\u00edlico sobre papel, 28,5cm x 38,5cm, 1992<\/figcaption><\/figure><\/div>\n\n\n<div style=\"height:120px\" aria-hidden=\"true\" class=\"wp-block-spacer\"><\/div>\n\n\n<div class=\"wp-block-image\">\n<figure class=\"aligncenter size-full\"><img loading=\"lazy\" decoding=\"async\" width=\"480\" height=\"639\" src=\"https:\/\/raulavellaneda.com\/wp-content\/uploads\/web-IMG_0784-1.jpg\" alt=\"\" class=\"wp-image-2919\" srcset=\"https:\/\/raulavellaneda.com\/wp-content\/uploads\/web-IMG_0784-1.jpg 480w, https:\/\/raulavellaneda.com\/wp-content\/uploads\/web-IMG_0784-1-225x300.jpg 225w\" sizes=\"auto, (max-width: 480px) 85vw, 480px\" \/><figcaption class=\"wp-element-caption\">&#8222;Y m\u00e1s&#8220;, carb\u00f3n y pastel sobre madera, 30 x 40cm, 1994<\/figcaption><\/figure><\/div>\n\n\n<div style=\"height:20px\" aria-hidden=\"true\" class=\"wp-block-spacer\"><\/div>\n\n\n\n<p class=\"has-text-align-center has-medium-font-size\"><a href=\"https:\/\/raulavellaneda.com\/?page_id=1337\">obras<\/a><\/p>\n","protected":false},"excerpt":{"rendered":"<p>obras<\/p>\n","protected":false},"author":1,"featured_media":0,"parent":0,"menu_order":0,"comment_status":"closed","ping_status":"closed","template":"","meta":{"footnotes":""},"class_list":["post-756","page","type-page","status-publish","hentry"],"_links":{"self":[{"href":"https:\/\/raulavellaneda.com\/index.php?rest_route=\/wp\/v2\/pages\/756","targetHints":{"allow":["GET"]}}],"collection":[{"href":"https:\/\/raulavellaneda.com\/index.php?rest_route=\/wp\/v2\/pages"}],"about":[{"href":"https:\/\/raulavellaneda.com\/index.php?rest_route=\/wp\/v2\/types\/page"}],"author":[{"embeddable":true,"href":"https:\/\/raulavellaneda.com\/index.php?rest_route=\/wp\/v2\/users\/1"}],"replies":[{"embeddable":true,"href":"https:\/\/raulavellaneda.com\/index.php?rest_route=%2Fwp%2Fv2%2Fcomments&post=756"}],"version-history":[{"count":33,"href":"https:\/\/raulavellaneda.com\/index.php?rest_route=\/wp\/v2\/pages\/756\/revisions"}],"predecessor-version":[{"id":5635,"href":"https:\/\/raulavellaneda.com\/index.php?rest_route=\/wp\/v2\/pages\/756\/revisions\/5635"}],"wp:attachment":[{"href":"https:\/\/raulavellaneda.com\/index.php?rest_route=%2Fwp%2Fv2%2Fmedia&parent=756"}],"curies":[{"name":"wp","href":"https:\/\/api.w.org\/{rel}","templated":true}]}}